{"id":45745,"date":"2023-03-30T10:58:40","date_gmt":"2023-03-30T07:58:40","guid":{"rendered":"https:\/\/www.nautical.store\/toode\/arolla-vest\/"},"modified":"2026-01-22T20:23:10","modified_gmt":"2026-01-22T18:23:10","slug":"arolla-liivi","status":"publish","type":"product","link":"https:\/\/nautical.store\/fi\/tuote\/arolla-liivi\/","title":{"rendered":"Arolla Liivi"},"content":{"rendered":"<p><!--StartFragment --><\/p>\n<p>Kevyt ja joustava liivi sopii erinomaisesti l\u00e4mmitt\u00e4v\u00e4ksi v\u00e4likerrokseksi.<\/p>\n<ul>\n<li>Tuulen- ja vedenkest\u00e4v\u00e4 materiaali<\/li>\n<li>Synteettinen Sorona\u00ae Dupont -pehmuste tekee liivist\u00e4 erityisen sopivan purjehdukseen, golfiin ja hiihtoon<\/li>\n<li>Vetoketjullinen rintatasku vasemmalla<\/li>\n<li>Kaksi vetoketjullista sivutaskua<\/li>\n<li>Nelj\u00e4 sis\u00e4taskua, joista yksi vetoketjullinen<\/li>\n<li>Koko M sel\u00e4n pituus 68 cm<\/li>\n<li>Mukana s\u00e4ilytyspussi (30 \u00d7 19 cm), johon liivi mahtuu<\/li>\n<\/ul>\n<p><!--EndFragment --><\/p>\n","protected":false},"excerpt":{"rendered":"<p>Kevyt ja joustava liivi sopii erinomaisesti l\u00e4mmitt\u00e4v\u00e4ksi v\u00e4likerrokseksi. Tuulen- ja vedenkest\u00e4v\u00e4 materiaali Synteettinen Sorona\u00ae Dupont -pehmuste tekee liivist\u00e4 erityisen sopivan purjehdukseen, golfiin ja hiihtoon Vetoketjullinen rintatasku vasemmalla Kaksi vetoketjullista sivutaskua Nelj\u00e4 sis\u00e4taskua, joista yksi vetoketjullinen Koko M sel\u00e4n pituus 68 cm Mukana s\u00e4ilytyspussi (30 \u00d7 19 cm), johon liivi mahtuu<\/p>\n","protected":false},"featured_media":41997,"template":"","meta":{"_acf_changed":false},"pwb-brand":[838],"product_brand":[],"product_cat":[1259,1261,702],"product_tag":[],"woo-feed-brand":[],"class_list":{"0":"post-45745","1":"product","2":"type-product","3":"status-publish","4":"has-post-thumbnail","6":"pwb-brand-pelle-petterson-fi","7":"product_cat-miesten-golfvaatteet","8":"product_cat-miesten-purjehdusvaatteet","9":"product_cat-paallysvaatteet-miehet","11":"first","12":"instock","13":"taxable","14":"shipping-taxable","15":"purchasable","16":"product-type-variable","17":"wvs-archive-product-wrapper"},"acf":[],"brands":[{"id":838,"name":"Pelle Petterson","slug":"pelle-petterson-fi"}],"_links":{"self":[{"href":"https:\/\/nautical.store\/fi\/wp-json\/wp\/v2\/product\/45745","targetHints":{"allow":["GET"]}}],"collection":[{"href":"https:\/\/nautical.store\/fi\/wp-json\/wp\/v2\/product"}],"about":[{"href":"https:\/\/nautical.store\/fi\/wp-json\/wp\/v2\/types\/product"}],"wp:featuredmedia":[{"embeddable":true,"href":"https:\/\/nautical.store\/fi\/wp-json\/wp\/v2\/media\/41997"}],"wp:attachment":[{"href":"https:\/\/nautical.store\/fi\/wp-json\/wp\/v2\/media?parent=45745"}],"wp:term":[{"taxonomy":"pwb-brand","embeddable":true,"href":"https:\/\/nautical.store\/fi\/wp-json\/wp\/v2\/pwb-brand?post=45745"},{"taxonomy":"product_brand","embeddable":true,"href":"https:\/\/nautical.store\/fi\/wp-json\/wp\/v2\/product_brand?post=45745"},{"taxonomy":"product_cat","embeddable":true,"href":"https:\/\/nautical.store\/fi\/wp-json\/wp\/v2\/product_cat?post=45745"},{"taxonomy":"product_tag","embeddable":true,"href":"https:\/\/nautical.store\/fi\/wp-json\/wp\/v2\/product_tag?post=45745"},{"taxonomy":"woo-feed-brand","embeddable":true,"href":"https:\/\/nautical.store\/fi\/wp-json\/wp\/v2\/woo-feed-brand?post=45745"}],"curies":[{"name":"wp","href":"https:\/\/api.w.org\/{rel}","templated":true}]}}