{"id":45870,"date":"2022-10-14T11:53:45","date_gmt":"2022-10-14T08:53:45","guid":{"rendered":"https:\/\/www.nautical.store\/toode\/untuvatakki-w-arolla\/"},"modified":"2025-11-11T21:05:53","modified_gmt":"2025-11-11T19:05:53","slug":"untuvatakki-n-arolla","status":"publish","type":"product","link":"https:\/\/nautical.store\/fi\/tuote\/untuvatakki-n-arolla\/","title":{"rendered":"PelleP Arolla Untuvatakki"},"content":{"rendered":"<p>Kevyt ja sateenkest\u00e4v\u00e4 naisten untuvatakki. Kevyt ja kiva p\u00e4\u00e4ll\u00e4.<\/p>\n<ul>\n<li>Joustava materiaali takaa muukavuuden ja vapaan liikkeen<\/li>\n<li>Vedenkest\u00e4v\u00e4<\/li>\n<li>Tuulenpit\u00e4v\u00e4<\/li>\n<li>RDS-sertifioitua untuvaa sek\u00e4 edess\u00e4 ett\u00e4 takana<\/li>\n<li>Sorona-vuoraus hihoissa, sivusaumoissa ja kauluksessa<\/li>\n<li>Kaksi vetoketjullista etutaskua, yksi vetoketjullinen rintatasku ja kaksi povitaskua<\/li>\n<li>Klassinen mallil<\/li>\n<\/ul>\n","protected":false},"excerpt":{"rendered":"<p>Kevyt ja l\u00e4mmin takki<\/p>\n","protected":false},"featured_media":35987,"template":"","meta":{"_acf_changed":false},"pwb-brand":[838],"product_brand":[],"product_cat":[877,1260,1262,2183,617],"product_tag":[],"woo-feed-brand":[],"class_list":{"0":"post-45870","1":"product","2":"type-product","3":"status-publish","4":"has-post-thumbnail","6":"pwb-brand-pelle-petterson-fi","7":"product_cat-edullinen-hinta-naiset","8":"product_cat-naisten-golfvaatteet","9":"product_cat-naisten-purjehdusvaatteet","10":"product_cat-outlet-fi","11":"product_cat-paallysvaatteet","13":"first","14":"instock","15":"sale","16":"taxable","17":"shipping-taxable","18":"purchasable","19":"product-type-variable","20":"wvs-archive-product-wrapper"},"acf":[],"brands":[{"id":838,"name":"Pelle Petterson","slug":"pelle-petterson-fi"}],"_links":{"self":[{"href":"https:\/\/nautical.store\/fi\/wp-json\/wp\/v2\/product\/45870","targetHints":{"allow":["GET"]}}],"collection":[{"href":"https:\/\/nautical.store\/fi\/wp-json\/wp\/v2\/product"}],"about":[{"href":"https:\/\/nautical.store\/fi\/wp-json\/wp\/v2\/types\/product"}],"wp:featuredmedia":[{"embeddable":true,"href":"https:\/\/nautical.store\/fi\/wp-json\/wp\/v2\/media\/35987"}],"wp:attachment":[{"href":"https:\/\/nautical.store\/fi\/wp-json\/wp\/v2\/media?parent=45870"}],"wp:term":[{"taxonomy":"pwb-brand","embeddable":true,"href":"https:\/\/nautical.store\/fi\/wp-json\/wp\/v2\/pwb-brand?post=45870"},{"taxonomy":"product_brand","embeddable":true,"href":"https:\/\/nautical.store\/fi\/wp-json\/wp\/v2\/product_brand?post=45870"},{"taxonomy":"product_cat","embeddable":true,"href":"https:\/\/nautical.store\/fi\/wp-json\/wp\/v2\/product_cat?post=45870"},{"taxonomy":"product_tag","embeddable":true,"href":"https:\/\/nautical.store\/fi\/wp-json\/wp\/v2\/product_tag?post=45870"},{"taxonomy":"woo-feed-brand","embeddable":true,"href":"https:\/\/nautical.store\/fi\/wp-json\/wp\/v2\/woo-feed-brand?post=45870"}],"curies":[{"name":"wp","href":"https:\/\/api.w.org\/{rel}","templated":true}]}}