{"id":45884,"date":"2022-11-04T12:29:21","date_gmt":"2022-11-04T10:29:21","guid":{"rendered":"https:\/\/www.nautical.store\/toode\/parkatakki-ardor\/"},"modified":"2026-01-22T20:07:53","modified_gmt":"2026-01-22T18:07:53","slug":"ardor-tuulenpitava-talvitakki","status":"publish","type":"product","link":"https:\/\/nautical.store\/fi\/tuote\/ardor-tuulenpitava-talvitakki\/","title":{"rendered":"PelleP Ardor Parka"},"content":{"rendered":"<p><!--StartFragment --><\/p>\n<p>T\u00e4m\u00e4 parka on valmistettu tuulen- ja vedenpit\u00e4v\u00e4st\u00e4, hengitt\u00e4v\u00e4st\u00e4 materiaalista, jossa on Hi:RES\u00ae 15T2L stretch-kalvo. Takissa on nelisuuntainen jousto, teipatut saumat, tikattu vuori sek\u00e4 PFC-vapaa DWR-k\u00e4sittely.<\/p>\n<p>T\u00e4yte on kierr\u00e4tetty\u00e4 polyesteri\u00e4, ja edess\u00e4 sek\u00e4 taskuissa on YKK VISLON AquaGuard\u00ae -kaksisuuntaiset vett\u00e4hylkiv\u00e4t vetoketjut. Irrotettava huppu, s\u00e4\u00e4dett\u00e4v\u00e4t hihansuut ja huppu liimatuilla s\u00e4\u00e4timill\u00e4 takaavat mukautettavan istuvuuden. Kohokuvioitu Pelle P -logo koristaa rintaa ja huppua, ja vasemmassa hihassa on kuminen merkki.<\/p>\n<p><!--EndFragment --><\/p>\n<ul>\n<li>Vedenpit\u00e4v\u00e4 ja hengitt\u00e4v\u00e4 Hi:RES 15T2L stretch-kalvo<\/li>\n<li>4-suuntaan joustava materiaali<\/li>\n<li>Teipatut saumat<\/li>\n<li>Vesipilariarvo 15 000 mm<\/li>\n<li>S\u00e4\u00e4dett\u00e4v\u00e4 huppu<\/li>\n<li>Harjattu fleece leuan sis\u00e4puolella<\/li>\n<li>Vetoketjullinen sis\u00e4tasku<\/li>\n<li>YKK AquaGuard -vedenpit\u00e4v\u00e4 kaksisuuntainen vetoketju edess\u00e4<\/li>\n<li>YKK AquaGuard -vedenpit\u00e4v\u00e4t vetoketjut etutaskuissa<\/li>\n<li>Tikkivuori<\/li>\n<li>Kiristysny\u00f6ri vy\u00f6t\u00e4r\u00f6n sis\u00e4puolella<\/li>\n<li>Fluoresoiva logopainatus niskan keskell\u00e4<\/li>\n<li>Heijastavat printit hihoissa<\/li>\n<li>Normaali istuvuus<\/li>\n<li>Koko M: sel\u00e4n pituus 93 cm<\/li>\n<\/ul>\n","protected":false},"excerpt":{"rendered":"<p><!--StartFragment --><\/p>\n<p>L\u00e4mmin ja tuulenpit\u00e4v\u00e4 ulkoilutakki<\/p>\n<p><!--EndFragment --><\/p>\n<p><!--EndFragment --><\/p>\n","protected":false},"featured_media":36361,"template":"","meta":{"_acf_changed":false},"pwb-brand":[838],"product_brand":[],"product_cat":[777,702],"product_tag":[],"woo-feed-brand":[],"class_list":{"0":"post-45884","1":"product","2":"type-product","3":"status-publish","4":"has-post-thumbnail","6":"pwb-brand-pelle-petterson-fi","7":"product_cat-miehet","8":"product_cat-paallysvaatteet-miehet","10":"first","11":"instock","12":"sale","13":"taxable","14":"shipping-taxable","15":"purchasable","16":"product-type-variable","17":"wvs-archive-product-wrapper"},"acf":[],"brands":[{"id":838,"name":"Pelle Petterson","slug":"pelle-petterson-fi"}],"_links":{"self":[{"href":"https:\/\/nautical.store\/fi\/wp-json\/wp\/v2\/product\/45884","targetHints":{"allow":["GET"]}}],"collection":[{"href":"https:\/\/nautical.store\/fi\/wp-json\/wp\/v2\/product"}],"about":[{"href":"https:\/\/nautical.store\/fi\/wp-json\/wp\/v2\/types\/product"}],"wp:featuredmedia":[{"embeddable":true,"href":"https:\/\/nautical.store\/fi\/wp-json\/wp\/v2\/media\/36361"}],"wp:attachment":[{"href":"https:\/\/nautical.store\/fi\/wp-json\/wp\/v2\/media?parent=45884"}],"wp:term":[{"taxonomy":"pwb-brand","embeddable":true,"href":"https:\/\/nautical.store\/fi\/wp-json\/wp\/v2\/pwb-brand?post=45884"},{"taxonomy":"product_brand","embeddable":true,"href":"https:\/\/nautical.store\/fi\/wp-json\/wp\/v2\/product_brand?post=45884"},{"taxonomy":"product_cat","embeddable":true,"href":"https:\/\/nautical.store\/fi\/wp-json\/wp\/v2\/product_cat?post=45884"},{"taxonomy":"product_tag","embeddable":true,"href":"https:\/\/nautical.store\/fi\/wp-json\/wp\/v2\/product_tag?post=45884"},{"taxonomy":"woo-feed-brand","embeddable":true,"href":"https:\/\/nautical.store\/fi\/wp-json\/wp\/v2\/woo-feed-brand?post=45884"}],"curies":[{"name":"wp","href":"https:\/\/api.w.org\/{rel}","templated":true}]}}