{"id":46205,"date":"2023-08-02T14:41:59","date_gmt":"2023-08-02T11:41:59","guid":{"rendered":"https:\/\/www.nautical.store\/?post_type=product&#038;p=46205"},"modified":"2025-05-24T23:41:04","modified_gmt":"2025-05-24T20:41:04","slug":"napier-gore-4w-stretch","status":"publish","type":"product","link":"https:\/\/nautical.store\/fi\/tuote\/napier-gore-4w-stretch\/","title":{"rendered":"Napier Gore 4W Stretch"},"content":{"rendered":"<p>Mukavat ja joustavat strecth miesten pitk\u00e4t housut. Housuissa on vy\u00f6lenkit ja 5 taskua: 2 takana ja 3 edess\u00e4. Yhdess\u00e4 etutaskussa on vetoketju.<\/p>\n","protected":false},"excerpt":{"rendered":"<p>Mukavat ja joustavat strecth miesten pitk\u00e4t housut. Housuissa on vy\u00f6lenkit ja 5 taskua: 2 takana ja 3 edess\u00e4. Yhdess\u00e4 etutaskussa on vetoketju.<\/p>\n","protected":false},"featured_media":55993,"template":"","meta":{"_acf_changed":false},"pwb-brand":[1581],"product_brand":[],"product_cat":[876,1180,610,777,1259,2183,770],"product_tag":[],"woo-feed-brand":[],"class_list":{"0":"post-46205","1":"product","2":"type-product","3":"status-publish","4":"has-post-thumbnail","6":"pwb-brand-new-zealand-auckland-fi","7":"product_cat-edullinen-hinta-miehet-fi","8":"product_cat-golf-fi","9":"product_cat-housut","10":"product_cat-miehet","11":"product_cat-miesten-golfvaatteet","12":"product_cat-outlet-fi","13":"product_cat-pitkat-housut","15":"first","16":"instock","17":"sale","18":"taxable","19":"shipping-taxable","20":"purchasable","21":"product-type-variable","22":"wvs-archive-product-wrapper"},"acf":[],"brands":[{"id":1581,"name":"New Zealand Auckland","slug":"new-zealand-auckland-fi"}],"_links":{"self":[{"href":"https:\/\/nautical.store\/fi\/wp-json\/wp\/v2\/product\/46205","targetHints":{"allow":["GET"]}}],"collection":[{"href":"https:\/\/nautical.store\/fi\/wp-json\/wp\/v2\/product"}],"about":[{"href":"https:\/\/nautical.store\/fi\/wp-json\/wp\/v2\/types\/product"}],"wp:featuredmedia":[{"embeddable":true,"href":"https:\/\/nautical.store\/fi\/wp-json\/wp\/v2\/media\/55993"}],"wp:attachment":[{"href":"https:\/\/nautical.store\/fi\/wp-json\/wp\/v2\/media?parent=46205"}],"wp:term":[{"taxonomy":"pwb-brand","embeddable":true,"href":"https:\/\/nautical.store\/fi\/wp-json\/wp\/v2\/pwb-brand?post=46205"},{"taxonomy":"product_brand","embeddable":true,"href":"https:\/\/nautical.store\/fi\/wp-json\/wp\/v2\/product_brand?post=46205"},{"taxonomy":"product_cat","embeddable":true,"href":"https:\/\/nautical.store\/fi\/wp-json\/wp\/v2\/product_cat?post=46205"},{"taxonomy":"product_tag","embeddable":true,"href":"https:\/\/nautical.store\/fi\/wp-json\/wp\/v2\/product_tag?post=46205"},{"taxonomy":"woo-feed-brand","embeddable":true,"href":"https:\/\/nautical.store\/fi\/wp-json\/wp\/v2\/woo-feed-brand?post=46205"}],"curies":[{"name":"wp","href":"https:\/\/api.w.org\/{rel}","templated":true}]}}