{"id":50524,"date":"2023-08-30T11:28:13","date_gmt":"2023-08-30T08:28:13","guid":{"rendered":"https:\/\/www.nautical.store\/toode\/vanern-rannan-lammitin\/"},"modified":"2025-11-24T23:19:18","modified_gmt":"2025-11-24T21:19:18","slug":"vanern-kynsikkaat","status":"publish","type":"product","link":"https:\/\/nautical.store\/fi\/tuote\/vanern-kynsikkaat\/","title":{"rendered":"V\u00e4nern\u2011ranneke"},"content":{"rendered":"<p><!--StartFragment --><\/p>\n<p>Ranneke, valmistettu erityisen hienosta merinovillasta. Pidempi malli, ulottuu k\u00e4mmenen keskiosaan. Peukalonrei\u00e4t. Pit\u00e4\u00e4 k\u00e4det l\u00e4mpimin\u00e4 tuulisina ja viilein\u00e4 syysp\u00e4ivin\u00e4.<\/p>\n<p>Materiaali: 77 % extra fine merinovilla, 22 % polyamidi, 1 % elastaani<\/p>\n<ul>\n<li>Pehme\u00e4 merinovillasekoitus on l\u00e4mmin ja mukava<\/li>\n<li>Logo reunassa<\/li>\n<li>Yksi koko<\/li>\n<\/ul>\n<p><!--EndFragment --><\/p>\n","protected":false},"excerpt":{"rendered":"<p>Merinovillaiset rannekkeet<\/p>\n","protected":false},"featured_media":68576,"template":"","meta":{"_acf_changed":false},"pwb-brand":[836],"product_brand":[],"product_cat":[629,877,827,2183],"product_tag":[],"woo-feed-brand":[],"class_list":{"0":"post-50524","1":"product","2":"type-product","3":"status-publish","4":"has-post-thumbnail","6":"pwb-brand-holebrook-fi","7":"product_cat-asusteet-naiset","8":"product_cat-edullinen-hinta-naiset","9":"product_cat-naiset","10":"product_cat-outlet-fi","12":"first","13":"instock","14":"sale","15":"taxable","16":"shipping-taxable","17":"purchasable","18":"product-type-variable","19":"wvs-archive-product-wrapper"},"acf":[],"brands":[{"id":836,"name":"Holebrook","slug":"holebrook-fi"}],"_links":{"self":[{"href":"https:\/\/nautical.store\/fi\/wp-json\/wp\/v2\/product\/50524","targetHints":{"allow":["GET"]}}],"collection":[{"href":"https:\/\/nautical.store\/fi\/wp-json\/wp\/v2\/product"}],"about":[{"href":"https:\/\/nautical.store\/fi\/wp-json\/wp\/v2\/types\/product"}],"wp:featuredmedia":[{"embeddable":true,"href":"https:\/\/nautical.store\/fi\/wp-json\/wp\/v2\/media\/68576"}],"wp:attachment":[{"href":"https:\/\/nautical.store\/fi\/wp-json\/wp\/v2\/media?parent=50524"}],"wp:term":[{"taxonomy":"pwb-brand","embeddable":true,"href":"https:\/\/nautical.store\/fi\/wp-json\/wp\/v2\/pwb-brand?post=50524"},{"taxonomy":"product_brand","embeddable":true,"href":"https:\/\/nautical.store\/fi\/wp-json\/wp\/v2\/product_brand?post=50524"},{"taxonomy":"product_cat","embeddable":true,"href":"https:\/\/nautical.store\/fi\/wp-json\/wp\/v2\/product_cat?post=50524"},{"taxonomy":"product_tag","embeddable":true,"href":"https:\/\/nautical.store\/fi\/wp-json\/wp\/v2\/product_tag?post=50524"},{"taxonomy":"woo-feed-brand","embeddable":true,"href":"https:\/\/nautical.store\/fi\/wp-json\/wp\/v2\/woo-feed-brand?post=50524"}],"curies":[{"name":"wp","href":"https:\/\/api.w.org\/{rel}","templated":true}]}}