{"id":50530,"date":"2023-08-30T11:32:05","date_gmt":"2023-08-30T08:32:05","guid":{"rendered":"https:\/\/www.nautical.store\/toode\/vaners-hattu\/"},"modified":"2026-02-09T10:44:35","modified_gmt":"2026-02-09T08:44:35","slug":"vaners-hattu","status":"publish","type":"product","link":"https:\/\/nautical.store\/fi\/tuote\/vaners-hattu\/","title":{"rendered":"V\u00e4nern merinopipo"},"content":{"rendered":"<p><!--StartFragment --><\/p>\n<p>Ribbineulottu pipo eritt\u00e4in hienosta merinovillasta. K\u00e4\u00e4nnetty alareuna.<\/p>\n<ul>\n<li>Pehme\u00e4 merinovillasekoite<\/li>\n<li>K\u00e4\u00e4nnetty alareuna<\/li>\n<li>Ribbineulos<\/li>\n<li>One Size<\/li>\n<li>Valmistettu Euroopassa<\/li>\n<\/ul>\n<p>Materiaali: 77 % extrafine merinovilla \/ 22 % polyamidi \/ 1 % elastaani<\/p>\n<p>&nbsp;<\/p>\n<p>&nbsp;<\/p>\n<p><!--EndFragment --><\/p>\n","protected":false},"excerpt":{"rendered":"<p><!--StartFragment --><\/p>\n<p>Merinovillapipo<\/p>\n<p><!--EndFragment --><\/p>\n","protected":false},"featured_media":53336,"template":"","meta":{"_acf_changed":false},"pwb-brand":[836],"product_brand":[],"product_cat":[629,877,827,2183],"product_tag":[],"woo-feed-brand":[],"class_list":{"0":"post-50530","1":"product","2":"type-product","3":"status-publish","4":"has-post-thumbnail","6":"pwb-brand-holebrook-fi","7":"product_cat-asusteet-naiset","8":"product_cat-edullinen-hinta-naiset","9":"product_cat-naiset","10":"product_cat-outlet-fi","12":"first","13":"instock","14":"sale","15":"taxable","16":"shipping-taxable","17":"purchasable","18":"product-type-variable","19":"wvs-archive-product-wrapper"},"acf":[],"brands":[{"id":836,"name":"Holebrook","slug":"holebrook-fi"}],"_links":{"self":[{"href":"https:\/\/nautical.store\/fi\/wp-json\/wp\/v2\/product\/50530","targetHints":{"allow":["GET"]}}],"collection":[{"href":"https:\/\/nautical.store\/fi\/wp-json\/wp\/v2\/product"}],"about":[{"href":"https:\/\/nautical.store\/fi\/wp-json\/wp\/v2\/types\/product"}],"wp:featuredmedia":[{"embeddable":true,"href":"https:\/\/nautical.store\/fi\/wp-json\/wp\/v2\/media\/53336"}],"wp:attachment":[{"href":"https:\/\/nautical.store\/fi\/wp-json\/wp\/v2\/media?parent=50530"}],"wp:term":[{"taxonomy":"pwb-brand","embeddable":true,"href":"https:\/\/nautical.store\/fi\/wp-json\/wp\/v2\/pwb-brand?post=50530"},{"taxonomy":"product_brand","embeddable":true,"href":"https:\/\/nautical.store\/fi\/wp-json\/wp\/v2\/product_brand?post=50530"},{"taxonomy":"product_cat","embeddable":true,"href":"https:\/\/nautical.store\/fi\/wp-json\/wp\/v2\/product_cat?post=50530"},{"taxonomy":"product_tag","embeddable":true,"href":"https:\/\/nautical.store\/fi\/wp-json\/wp\/v2\/product_tag?post=50530"},{"taxonomy":"woo-feed-brand","embeddable":true,"href":"https:\/\/nautical.store\/fi\/wp-json\/wp\/v2\/woo-feed-brand?post=50530"}],"curies":[{"name":"wp","href":"https:\/\/api.w.org\/{rel}","templated":true}]}}