{"id":50547,"date":"2023-08-30T11:14:05","date_gmt":"2023-08-30T08:14:05","guid":{"rendered":"https:\/\/www.nautical.store\/toode\/sisella-mekko\/"},"modified":"2026-03-19T16:52:12","modified_gmt":"2026-03-19T14:52:12","slug":"sisella-mekko","status":"publish","type":"product","link":"https:\/\/nautical.store\/fi\/tuote\/sisella-mekko\/","title":{"rendered":"Sisella Mekko"},"content":{"rendered":"<p><!--StartFragment --><\/p>\n<p>Klassinen neulemekko. Helmassa ja hihansuiden reunoissa on halkiot. Mekkoa voi k\u00e4ytt\u00e4\u00e4 housujen p\u00e4\u00e4ll\u00e4 pitk\u00e4n\u00e4 neuleena tai sellaisenaan mekkona.<\/p>\n<ul>\n<li>Suora leikkaus<\/li>\n<li>Halkiot 4 cm<\/li>\n<li>Koko S: sel\u00e4n pituus 96 cm<\/li>\n<li>Ribbikaulus<\/li>\n<li>Materiaali: 80 % villaa, 20 % polyamidia<\/li>\n<\/ul>\n<p><!--EndFragment --><\/p>\n","protected":false},"excerpt":{"rendered":"<p><!--StartFragment --><\/p>\n<p>Naisten palmikkoneulemekko<\/p>\n<p><!--EndFragment --><\/p>\n","protected":false},"featured_media":49651,"template":"","meta":{"_acf_changed":false},"pwb-brand":[836],"product_brand":[],"product_cat":[877,593,827,601],"product_tag":[],"woo-feed-brand":[],"class_list":{"0":"post-50547","1":"product","2":"type-product","3":"status-publish","4":"has-post-thumbnail","6":"pwb-brand-holebrook-fi","7":"product_cat-edullinen-hinta-naiset","8":"product_cat-mekot","9":"product_cat-naiset","10":"product_cat-neuleet","12":"first","13":"instock","14":"sale","15":"taxable","16":"shipping-taxable","17":"purchasable","18":"product-type-variable","19":"wvs-archive-product-wrapper"},"acf":[],"brands":[{"id":836,"name":"Holebrook","slug":"holebrook-fi"}],"_links":{"self":[{"href":"https:\/\/nautical.store\/fi\/wp-json\/wp\/v2\/product\/50547","targetHints":{"allow":["GET"]}}],"collection":[{"href":"https:\/\/nautical.store\/fi\/wp-json\/wp\/v2\/product"}],"about":[{"href":"https:\/\/nautical.store\/fi\/wp-json\/wp\/v2\/types\/product"}],"wp:featuredmedia":[{"embeddable":true,"href":"https:\/\/nautical.store\/fi\/wp-json\/wp\/v2\/media\/49651"}],"wp:attachment":[{"href":"https:\/\/nautical.store\/fi\/wp-json\/wp\/v2\/media?parent=50547"}],"wp:term":[{"taxonomy":"pwb-brand","embeddable":true,"href":"https:\/\/nautical.store\/fi\/wp-json\/wp\/v2\/pwb-brand?post=50547"},{"taxonomy":"product_brand","embeddable":true,"href":"https:\/\/nautical.store\/fi\/wp-json\/wp\/v2\/product_brand?post=50547"},{"taxonomy":"product_cat","embeddable":true,"href":"https:\/\/nautical.store\/fi\/wp-json\/wp\/v2\/product_cat?post=50547"},{"taxonomy":"product_tag","embeddable":true,"href":"https:\/\/nautical.store\/fi\/wp-json\/wp\/v2\/product_tag?post=50547"},{"taxonomy":"woo-feed-brand","embeddable":true,"href":"https:\/\/nautical.store\/fi\/wp-json\/wp\/v2\/woo-feed-brand?post=50547"}],"curies":[{"name":"wp","href":"https:\/\/api.w.org\/{rel}","templated":true}]}}