{"id":50612,"date":"2023-08-30T11:08:43","date_gmt":"2023-08-30T08:08:43","guid":{"rendered":"https:\/\/www.nautical.store\/toode\/hulda-turtel-pusero\/"},"modified":"2025-10-14T10:40:18","modified_gmt":"2025-10-14T07:40:18","slug":"hulda-turtel-neule","status":"publish","type":"product","link":"https:\/\/nautical.store\/fi\/tuote\/hulda-turtel-neule\/","title":{"rendered":"Hulda Turtel Neule"},"content":{"rendered":"<p>Hienosti neulottu 100 % puuvillainen pooloneule, jossa on korkea kaulus ja resorireunainen helma. Pudotettu olkasauma, v\u00e4lj\u00e4 mitoitus ja halkiot sivuilla. Ajaton ja tyylik\u00e4s perusvaate, joka sopii t\u00e4ydellisesti jokap\u00e4iv\u00e4iseen k\u00e4ytt\u00f6\u00f6n. Valmistettu kest\u00e4v\u00e4ll\u00e4 tavalla Euroopassa.<br \/>\n\u2022 Koostumus: 100 % puuvilla<br \/>\n\u2022 Halkiot helmassa<br \/>\n\u2022 V\u00e4lj\u00e4 mitoitus<br \/>\n\u2022 Pudotettu olkasauma<\/p>\n","protected":false},"excerpt":{"rendered":"<p><!--StartFragment --><\/p>\n<p>Ajaton luomupuuvillainen neule \u2013 100 % pehme\u00e4\u00e4 puuvillaa<\/p>\n<p><!--EndFragment --><\/p>\n","protected":false},"featured_media":84442,"template":"","meta":{"_acf_changed":false},"pwb-brand":[836],"product_brand":[],"product_cat":[827,601],"product_tag":[],"woo-feed-brand":[],"class_list":{"0":"post-50612","1":"product","2":"type-product","3":"status-publish","4":"has-post-thumbnail","6":"pwb-brand-holebrook-fi","7":"product_cat-naiset","8":"product_cat-neuleet","10":"first","11":"instock","12":"taxable","13":"shipping-taxable","14":"purchasable","15":"product-type-variable","16":"wvs-archive-product-wrapper"},"acf":[],"brands":[{"id":836,"name":"Holebrook","slug":"holebrook-fi"}],"_links":{"self":[{"href":"https:\/\/nautical.store\/fi\/wp-json\/wp\/v2\/product\/50612","targetHints":{"allow":["GET"]}}],"collection":[{"href":"https:\/\/nautical.store\/fi\/wp-json\/wp\/v2\/product"}],"about":[{"href":"https:\/\/nautical.store\/fi\/wp-json\/wp\/v2\/types\/product"}],"wp:featuredmedia":[{"embeddable":true,"href":"https:\/\/nautical.store\/fi\/wp-json\/wp\/v2\/media\/84442"}],"wp:attachment":[{"href":"https:\/\/nautical.store\/fi\/wp-json\/wp\/v2\/media?parent=50612"}],"wp:term":[{"taxonomy":"pwb-brand","embeddable":true,"href":"https:\/\/nautical.store\/fi\/wp-json\/wp\/v2\/pwb-brand?post=50612"},{"taxonomy":"product_brand","embeddable":true,"href":"https:\/\/nautical.store\/fi\/wp-json\/wp\/v2\/product_brand?post=50612"},{"taxonomy":"product_cat","embeddable":true,"href":"https:\/\/nautical.store\/fi\/wp-json\/wp\/v2\/product_cat?post=50612"},{"taxonomy":"product_tag","embeddable":true,"href":"https:\/\/nautical.store\/fi\/wp-json\/wp\/v2\/product_tag?post=50612"},{"taxonomy":"woo-feed-brand","embeddable":true,"href":"https:\/\/nautical.store\/fi\/wp-json\/wp\/v2\/woo-feed-brand?post=50612"}],"curies":[{"name":"wp","href":"https:\/\/api.w.org\/{rel}","templated":true}]}}