{"id":50634,"date":"2023-08-30T11:22:22","date_gmt":"2023-08-30T08:22:22","guid":{"rendered":"https:\/\/www.nautical.store\/toode\/bianca-jumper-pusero\/"},"modified":"2025-12-01T18:41:00","modified_gmt":"2025-12-01T16:41:00","slug":"bianca-jumper-villaneule","status":"publish","type":"product","link":"https:\/\/nautical.store\/fi\/tuote\/bianca-jumper-villaneule\/","title":{"rendered":"Bianca Neule"},"content":{"rendered":"<p><!--StartFragment --><\/p>\n<p>Lyhyempi, ilmava ja kevyt neule alpakanvillan ja villan sekoitteesta. Alpakanvilla pit\u00e4\u00e4 ihanasti l\u00e4mpim\u00e4n\u00e4.<\/p>\n<ul>\n<li>Pehme\u00e4 ja v\u00e4lj\u00e4 neulottu rakenne<\/li>\n<li>Hiukan lyhyempi malli<\/li>\n<li>Valmistettu Euroopassa<\/li>\n<li>Materiaali: 55 % hieno alpakka \/ 15 % RWS\u2011villa \/ 22 % kierr\u00e4tetty polyamidi \/ 8 % polyamidi<\/li>\n<\/ul>\n<p><!--EndFragment --><\/p>\n","protected":false},"excerpt":{"rendered":"<p>Naisten alpakkavillasekoiteneule<\/p>\n","protected":false},"featured_media":49434,"template":"","meta":{"_acf_changed":false},"pwb-brand":[836],"product_brand":[],"product_cat":[877,827,601,2183],"product_tag":[],"woo-feed-brand":[],"class_list":{"0":"post-50634","1":"product","2":"type-product","3":"status-publish","4":"has-post-thumbnail","6":"pwb-brand-holebrook-fi","7":"product_cat-edullinen-hinta-naiset","8":"product_cat-naiset","9":"product_cat-neuleet","10":"product_cat-outlet-fi","12":"first","13":"instock","14":"sale","15":"taxable","16":"shipping-taxable","17":"purchasable","18":"product-type-variable","19":"wvs-archive-product-wrapper"},"acf":[],"brands":[{"id":836,"name":"Holebrook","slug":"holebrook-fi"}],"_links":{"self":[{"href":"https:\/\/nautical.store\/fi\/wp-json\/wp\/v2\/product\/50634","targetHints":{"allow":["GET"]}}],"collection":[{"href":"https:\/\/nautical.store\/fi\/wp-json\/wp\/v2\/product"}],"about":[{"href":"https:\/\/nautical.store\/fi\/wp-json\/wp\/v2\/types\/product"}],"wp:featuredmedia":[{"embeddable":true,"href":"https:\/\/nautical.store\/fi\/wp-json\/wp\/v2\/media\/49434"}],"wp:attachment":[{"href":"https:\/\/nautical.store\/fi\/wp-json\/wp\/v2\/media?parent=50634"}],"wp:term":[{"taxonomy":"pwb-brand","embeddable":true,"href":"https:\/\/nautical.store\/fi\/wp-json\/wp\/v2\/pwb-brand?post=50634"},{"taxonomy":"product_brand","embeddable":true,"href":"https:\/\/nautical.store\/fi\/wp-json\/wp\/v2\/product_brand?post=50634"},{"taxonomy":"product_cat","embeddable":true,"href":"https:\/\/nautical.store\/fi\/wp-json\/wp\/v2\/product_cat?post=50634"},{"taxonomy":"product_tag","embeddable":true,"href":"https:\/\/nautical.store\/fi\/wp-json\/wp\/v2\/product_tag?post=50634"},{"taxonomy":"woo-feed-brand","embeddable":true,"href":"https:\/\/nautical.store\/fi\/wp-json\/wp\/v2\/woo-feed-brand?post=50634"}],"curies":[{"name":"wp","href":"https:\/\/api.w.org\/{rel}","templated":true}]}}