{"id":50723,"date":"2023-08-30T11:15:50","date_gmt":"2023-08-30T08:15:50","guid":{"rendered":"https:\/\/www.nautical.store\/toode\/veronika-turtle-pusero\/"},"modified":"2025-10-09T23:14:40","modified_gmt":"2025-10-09T20:14:40","slug":"veronika-turtle-villaneule","status":"publish","type":"product","link":"https:\/\/nautical.store\/fi\/tuote\/veronika-turtle-villaneule\/","title":{"rendered":"Veronika Turtle Villaneule"},"content":{"rendered":"<p>Pehme\u00e4 oversize-villaneule, jossa on korkea kaula-aukko. Pusero, jota voi k\u00e4ytt\u00e4\u00e4 housujen tai hameen kanssa. Korkea kaula-aukko pit\u00e4\u00e4 kaulan mukavana ja l\u00e4mpim\u00e4n\u00e4.<\/p>\n<p>Sile\u00e4neuloksinen villasekoitepusero, jossa korotettu kaulus. Rento istuvuus ja hieman pidempi takaosa. Viimeistelty kapealla reunuksella. Yhdist\u00e4 Sonja-housuihin saadaksesi yhten\u00e4isen asukokonaisuuden. Valmistettu Euroopassa kest\u00e4v\u00e4n kehityksen periaattein.<\/p>\n<ul>\n<li>Materiaali: 80 % villaa, 20 % polyamidia<\/li>\n<li>Lanka on OEKO-TEX\u00ae-sertifioitu<\/li>\n<li>Kapeat resorit hihansuissa ja helmassa<\/li>\n<li>Pudotettu olkalinja<\/li>\n<li>Takaosa pidempi<\/li>\n<\/ul>\n","protected":false},"excerpt":{"rendered":"<p>Neulottu poolokauluksinen villasekoitepusero<\/p>\n","protected":false},"featured_media":85652,"template":"","meta":{"_acf_changed":false},"pwb-brand":[836],"product_brand":[],"product_cat":[877,827,601],"product_tag":[],"woo-feed-brand":[],"class_list":{"0":"post-50723","1":"product","2":"type-product","3":"status-publish","4":"has-post-thumbnail","6":"pwb-brand-holebrook-fi","7":"product_cat-edullinen-hinta-naiset","8":"product_cat-naiset","9":"product_cat-neuleet","11":"first","12":"instock","13":"sale","14":"taxable","15":"shipping-taxable","16":"purchasable","17":"product-type-variable","18":"wvs-archive-product-wrapper"},"acf":[],"brands":[{"id":836,"name":"Holebrook","slug":"holebrook-fi"}],"_links":{"self":[{"href":"https:\/\/nautical.store\/fi\/wp-json\/wp\/v2\/product\/50723","targetHints":{"allow":["GET"]}}],"collection":[{"href":"https:\/\/nautical.store\/fi\/wp-json\/wp\/v2\/product"}],"about":[{"href":"https:\/\/nautical.store\/fi\/wp-json\/wp\/v2\/types\/product"}],"wp:featuredmedia":[{"embeddable":true,"href":"https:\/\/nautical.store\/fi\/wp-json\/wp\/v2\/media\/85652"}],"wp:attachment":[{"href":"https:\/\/nautical.store\/fi\/wp-json\/wp\/v2\/media?parent=50723"}],"wp:term":[{"taxonomy":"pwb-brand","embeddable":true,"href":"https:\/\/nautical.store\/fi\/wp-json\/wp\/v2\/pwb-brand?post=50723"},{"taxonomy":"product_brand","embeddable":true,"href":"https:\/\/nautical.store\/fi\/wp-json\/wp\/v2\/product_brand?post=50723"},{"taxonomy":"product_cat","embeddable":true,"href":"https:\/\/nautical.store\/fi\/wp-json\/wp\/v2\/product_cat?post=50723"},{"taxonomy":"product_tag","embeddable":true,"href":"https:\/\/nautical.store\/fi\/wp-json\/wp\/v2\/product_tag?post=50723"},{"taxonomy":"woo-feed-brand","embeddable":true,"href":"https:\/\/nautical.store\/fi\/wp-json\/wp\/v2\/woo-feed-brand?post=50723"}],"curies":[{"name":"wp","href":"https:\/\/api.w.org\/{rel}","templated":true}]}}