{"id":50728,"date":"2023-08-30T11:16:33","date_gmt":"2023-08-30T08:16:33","guid":{"rendered":"https:\/\/www.nautical.store\/toode\/linda-crew-pusero\/"},"modified":"2025-04-10T10:45:41","modified_gmt":"2025-04-10T07:45:41","slug":"linda-crew-villaneule","status":"publish","type":"product","link":"https:\/\/nautical.store\/fi\/tuote\/linda-crew-villaneule\/","title":{"rendered":"Linda Crew Villaneule"},"content":{"rendered":"<p>Pehme\u00e4 villasekoitteinen neule, jossa on py\u00f6re\u00e4 kaula-aukko. Alareunassa ja hihansuissa ribbineulosta. Sopii hyvin liivin tai takin alle.<\/p>\n","protected":false},"excerpt":{"rendered":"<p>Pehme\u00e4 villasekoitteinen neule, jossa on py\u00f6re\u00e4 kaula-aukko. Alareunassa ja hihansuissa ribbineulosta. Sopii hyvin liivin tai takin alle.<\/p>\n","protected":false},"featured_media":49901,"template":"","meta":{"_acf_changed":false},"pwb-brand":[836],"product_brand":[],"product_cat":[827,601],"product_tag":[],"woo-feed-brand":[],"class_list":{"0":"post-50728","1":"product","2":"type-product","3":"status-publish","4":"has-post-thumbnail","6":"pwb-brand-holebrook-fi","7":"product_cat-naiset","8":"product_cat-neuleet","10":"first","11":"instock","12":"taxable","13":"shipping-taxable","14":"purchasable","15":"product-type-variable","16":"wvs-archive-product-wrapper"},"acf":[],"brands":[{"id":836,"name":"Holebrook","slug":"holebrook-fi"}],"_links":{"self":[{"href":"https:\/\/nautical.store\/fi\/wp-json\/wp\/v2\/product\/50728","targetHints":{"allow":["GET"]}}],"collection":[{"href":"https:\/\/nautical.store\/fi\/wp-json\/wp\/v2\/product"}],"about":[{"href":"https:\/\/nautical.store\/fi\/wp-json\/wp\/v2\/types\/product"}],"wp:featuredmedia":[{"embeddable":true,"href":"https:\/\/nautical.store\/fi\/wp-json\/wp\/v2\/media\/49901"}],"wp:attachment":[{"href":"https:\/\/nautical.store\/fi\/wp-json\/wp\/v2\/media?parent=50728"}],"wp:term":[{"taxonomy":"pwb-brand","embeddable":true,"href":"https:\/\/nautical.store\/fi\/wp-json\/wp\/v2\/pwb-brand?post=50728"},{"taxonomy":"product_brand","embeddable":true,"href":"https:\/\/nautical.store\/fi\/wp-json\/wp\/v2\/product_brand?post=50728"},{"taxonomy":"product_cat","embeddable":true,"href":"https:\/\/nautical.store\/fi\/wp-json\/wp\/v2\/product_cat?post=50728"},{"taxonomy":"product_tag","embeddable":true,"href":"https:\/\/nautical.store\/fi\/wp-json\/wp\/v2\/product_tag?post=50728"},{"taxonomy":"woo-feed-brand","embeddable":true,"href":"https:\/\/nautical.store\/fi\/wp-json\/wp\/v2\/woo-feed-brand?post=50728"}],"curies":[{"name":"wp","href":"https:\/\/api.w.org\/{rel}","templated":true}]}}