{"id":50736,"date":"2023-08-30T11:24:10","date_gmt":"2023-08-30T08:24:10","guid":{"rendered":"https:\/\/www.nautical.store\/toode\/fritz-paita\/"},"modified":"2025-11-13T11:35:14","modified_gmt":"2025-11-13T09:35:14","slug":"fritz-paita","status":"publish","type":"product","link":"https:\/\/nautical.store\/fi\/tuote\/fritz-paita\/","title":{"rendered":"Fritz miesten merinovillainen nappipaita"},"content":{"rendered":"<p><!--StartFragment --><\/p>\n<p>Hienoneulottu paita, valmistettu 100 % ekstrahienosta merinovillasta. Klassinen tyyli nappien ja kauluksen kanssa. Suora leikkaus. Putkineulottu viimeistely (ei sivusaumoja) ja rintatasku. Merinovilla on pehme\u00e4 ja miellytt\u00e4v\u00e4 k\u00e4ytt\u00e4\u00e4, ja sill\u00e4 on useita toiminnallisia ominaisuuksia. Se s\u00e4\u00e4telee ainutlaatuisesti l\u00e4mp\u00f6tilaa \u2013 hengitt\u00e4\u00e4 ja siirt\u00e4\u00e4 kosteutta sek\u00e4 l\u00e4mp\u00f6\u00e4 pois kehosta kuumalla s\u00e4\u00e4ll\u00e4, mutta samalla pit\u00e4\u00e4 l\u00e4mp\u00f6\u00e4 kylm\u00e4ll\u00e4. Valmistettu Euroopassa.<\/p>\n<ul>\n<li>100 % ekstrahieno merinovilla<\/li>\n<li>Ohutta neulosta<\/li>\n<li>Napit ja rintatasku edess\u00e4<\/li>\n<li>Normaali istuvuus<\/li>\n<li>Valmistettu Euroopassa<\/li>\n<\/ul>\n<p><!--EndFragment --><\/p>\n","protected":false},"excerpt":{"rendered":"<p>Merinovillainen nappipaita<\/p>\n","protected":false},"featured_media":88689,"template":"","meta":{"_acf_changed":false},"pwb-brand":[836],"product_brand":[],"product_cat":[876,777,619],"product_tag":[],"woo-feed-brand":[],"class_list":{"0":"post-50736","1":"product","2":"type-product","3":"status-publish","4":"has-post-thumbnail","6":"pwb-brand-holebrook-fi","7":"product_cat-edullinen-hinta-miehet-fi","8":"product_cat-miehet","9":"product_cat-neuleet-miehet","11":"first","12":"instock","13":"sale","14":"taxable","15":"shipping-taxable","16":"purchasable","17":"product-type-variable","18":"wvs-archive-product-wrapper"},"acf":[],"brands":[{"id":836,"name":"Holebrook","slug":"holebrook-fi"}],"_links":{"self":[{"href":"https:\/\/nautical.store\/fi\/wp-json\/wp\/v2\/product\/50736","targetHints":{"allow":["GET"]}}],"collection":[{"href":"https:\/\/nautical.store\/fi\/wp-json\/wp\/v2\/product"}],"about":[{"href":"https:\/\/nautical.store\/fi\/wp-json\/wp\/v2\/types\/product"}],"wp:featuredmedia":[{"embeddable":true,"href":"https:\/\/nautical.store\/fi\/wp-json\/wp\/v2\/media\/88689"}],"wp:attachment":[{"href":"https:\/\/nautical.store\/fi\/wp-json\/wp\/v2\/media?parent=50736"}],"wp:term":[{"taxonomy":"pwb-brand","embeddable":true,"href":"https:\/\/nautical.store\/fi\/wp-json\/wp\/v2\/pwb-brand?post=50736"},{"taxonomy":"product_brand","embeddable":true,"href":"https:\/\/nautical.store\/fi\/wp-json\/wp\/v2\/product_brand?post=50736"},{"taxonomy":"product_cat","embeddable":true,"href":"https:\/\/nautical.store\/fi\/wp-json\/wp\/v2\/product_cat?post=50736"},{"taxonomy":"product_tag","embeddable":true,"href":"https:\/\/nautical.store\/fi\/wp-json\/wp\/v2\/product_tag?post=50736"},{"taxonomy":"woo-feed-brand","embeddable":true,"href":"https:\/\/nautical.store\/fi\/wp-json\/wp\/v2\/woo-feed-brand?post=50736"}],"curies":[{"name":"wp","href":"https:\/\/api.w.org\/{rel}","templated":true}]}}