{"id":50745,"date":"2023-08-30T11:25:08","date_gmt":"2023-08-30T08:25:08","guid":{"rendered":"https:\/\/www.nautical.store\/toode\/holger-t-neck-pusero\/"},"modified":"2024-07-30T13:06:15","modified_gmt":"2024-07-30T10:06:15","slug":"holger-t-neck-pusero","status":"publish","type":"product","link":"https:\/\/nautical.store\/fi\/tuote\/holger-t-neck-pusero\/","title":{"rendered":"Holger T-Neck Pusero"},"content":{"rendered":"<p>Ohut puuvillainen miesten villapaita vetoketjulla. Kirjailtu logo rinnassa. Korkeampi kaulus pit\u00e4\u00e4 kaulan l\u00e4mpim\u00e4n\u00e4.<\/p>\n","protected":false},"excerpt":{"rendered":"<p>Ohut puuvillainen miesten villapaita vetoketjulla. Kirjailtu logo rinnassa. Korkeampi kaulus pit\u00e4\u00e4 kaulan l\u00e4mpim\u00e4n\u00e4.<\/p>\n","protected":false},"featured_media":49298,"template":"","meta":{"_acf_changed":false},"pwb-brand":[836],"product_brand":[],"product_cat":[777,619],"product_tag":[],"woo-feed-brand":[],"class_list":{"0":"post-50745","1":"product","2":"type-product","3":"status-publish","4":"has-post-thumbnail","6":"pwb-brand-holebrook-fi","7":"product_cat-miehet","8":"product_cat-neuleet-miehet","10":"first","11":"instock","12":"sale","13":"taxable","14":"shipping-taxable","15":"purchasable","16":"product-type-variable","17":"wvs-archive-product-wrapper"},"acf":[],"brands":[{"id":836,"name":"Holebrook","slug":"holebrook-fi"}],"_links":{"self":[{"href":"https:\/\/nautical.store\/fi\/wp-json\/wp\/v2\/product\/50745","targetHints":{"allow":["GET"]}}],"collection":[{"href":"https:\/\/nautical.store\/fi\/wp-json\/wp\/v2\/product"}],"about":[{"href":"https:\/\/nautical.store\/fi\/wp-json\/wp\/v2\/types\/product"}],"wp:featuredmedia":[{"embeddable":true,"href":"https:\/\/nautical.store\/fi\/wp-json\/wp\/v2\/media\/49298"}],"wp:attachment":[{"href":"https:\/\/nautical.store\/fi\/wp-json\/wp\/v2\/media?parent=50745"}],"wp:term":[{"taxonomy":"pwb-brand","embeddable":true,"href":"https:\/\/nautical.store\/fi\/wp-json\/wp\/v2\/pwb-brand?post=50745"},{"taxonomy":"product_brand","embeddable":true,"href":"https:\/\/nautical.store\/fi\/wp-json\/wp\/v2\/product_brand?post=50745"},{"taxonomy":"product_cat","embeddable":true,"href":"https:\/\/nautical.store\/fi\/wp-json\/wp\/v2\/product_cat?post=50745"},{"taxonomy":"product_tag","embeddable":true,"href":"https:\/\/nautical.store\/fi\/wp-json\/wp\/v2\/product_tag?post=50745"},{"taxonomy":"woo-feed-brand","embeddable":true,"href":"https:\/\/nautical.store\/fi\/wp-json\/wp\/v2\/woo-feed-brand?post=50745"}],"curies":[{"name":"wp","href":"https:\/\/api.w.org\/{rel}","templated":true}]}}