{"id":50750,"date":"2023-08-30T11:26:30","date_gmt":"2023-08-30T08:26:30","guid":{"rendered":"https:\/\/www.nautical.store\/toode\/niklas-crew-pusero\/"},"modified":"2025-11-12T22:19:00","modified_gmt":"2025-11-12T20:19:00","slug":"niklas-crew-villaneule","status":"publish","type":"product","link":"https:\/\/nautical.store\/fi\/tuote\/niklas-crew-villaneule\/","title":{"rendered":"Niklas Crew &#8211; merinovillapaita"},"content":{"rendered":"<p><!--StartFragment --><\/p>\n<p>100 % ekstrahienosta merinovillasta neulottu villapaita. Ohut ja hengitt\u00e4v\u00e4.<\/p>\n<ul>\n<li>Resorineulos hihansuissa, helmassa ja p\u00e4\u00e4ntiell\u00e4<\/li>\n<li>Holebrook-kirjailu rinnassa<\/li>\n<li>Normaali istuvuus<\/li>\n<li>Sopii t\u00e4ydellisesti sek\u00e4 arkeen ett\u00e4 juhlavampiin tilaisuuksiin<\/li>\n<\/ul>\n<p><!--EndFragment --><\/p>\n","protected":false},"excerpt":{"rendered":"<p>Tyylik\u00e4s ja kevyt miesten merinovillapaita<\/p>\n","protected":false},"featured_media":68668,"template":"","meta":{"_acf_changed":false},"pwb-brand":[836],"product_brand":[],"product_cat":[876,777,619,2183],"product_tag":[],"woo-feed-brand":[],"class_list":{"0":"post-50750","1":"product","2":"type-product","3":"status-publish","4":"has-post-thumbnail","6":"pwb-brand-holebrook-fi","7":"product_cat-edullinen-hinta-miehet-fi","8":"product_cat-miehet","9":"product_cat-neuleet-miehet","10":"product_cat-outlet-fi","12":"first","13":"instock","14":"sale","15":"taxable","16":"shipping-taxable","17":"purchasable","18":"product-type-variable","19":"wvs-archive-product-wrapper"},"acf":[],"brands":[{"id":836,"name":"Holebrook","slug":"holebrook-fi"}],"_links":{"self":[{"href":"https:\/\/nautical.store\/fi\/wp-json\/wp\/v2\/product\/50750","targetHints":{"allow":["GET"]}}],"collection":[{"href":"https:\/\/nautical.store\/fi\/wp-json\/wp\/v2\/product"}],"about":[{"href":"https:\/\/nautical.store\/fi\/wp-json\/wp\/v2\/types\/product"}],"wp:featuredmedia":[{"embeddable":true,"href":"https:\/\/nautical.store\/fi\/wp-json\/wp\/v2\/media\/68668"}],"wp:attachment":[{"href":"https:\/\/nautical.store\/fi\/wp-json\/wp\/v2\/media?parent=50750"}],"wp:term":[{"taxonomy":"pwb-brand","embeddable":true,"href":"https:\/\/nautical.store\/fi\/wp-json\/wp\/v2\/pwb-brand?post=50750"},{"taxonomy":"product_brand","embeddable":true,"href":"https:\/\/nautical.store\/fi\/wp-json\/wp\/v2\/product_brand?post=50750"},{"taxonomy":"product_cat","embeddable":true,"href":"https:\/\/nautical.store\/fi\/wp-json\/wp\/v2\/product_cat?post=50750"},{"taxonomy":"product_tag","embeddable":true,"href":"https:\/\/nautical.store\/fi\/wp-json\/wp\/v2\/product_tag?post=50750"},{"taxonomy":"woo-feed-brand","embeddable":true,"href":"https:\/\/nautical.store\/fi\/wp-json\/wp\/v2\/woo-feed-brand?post=50750"}],"curies":[{"name":"wp","href":"https:\/\/api.w.org\/{rel}","templated":true}]}}