{"id":50755,"date":"2023-08-03T16:41:30","date_gmt":"2023-08-03T13:41:30","guid":{"rendered":"https:\/\/www.nautical.store\/toode\/crew-takki\/"},"modified":"2026-01-22T14:53:57","modified_gmt":"2026-01-22T12:53:57","slug":"crew-takki","status":"publish","type":"product","link":"https:\/\/nautical.store\/fi\/tuote\/crew-takki\/","title":{"rendered":"PelleP Crew Takki"},"content":{"rendered":"<p>Crew Jacket on tuulen- ja vedenpit\u00e4v\u00e4 miesten takki, jossa on joustava Hi:res\u00ae 15T2L -kalvo. Nelj\u00e4\u00e4n suuntaan joustava materiaali ja teipatut saumat tekev\u00e4t siit\u00e4 mukavan ja toimivan joka s\u00e4\u00e4ll\u00e4. Etuosa, kaulus ja selk\u00e4puoli on vuorattu pehme\u00e4ll\u00e4 mikrofleecell\u00e4, joka tuo lis\u00e4l\u00e4mp\u00f6\u00e4. Edess\u00e4 ja taskuissa on vett\u00e4hylkiv\u00e4t YKK AquaGuard -vetoketjut. Hihansuita voi s\u00e4\u00e4t\u00e4\u00e4 tarranauhoilla ja helmaa kiristysny\u00f6rill\u00e4. T\u00e4ydellinen valinta veneilyyn tai kaupunkik\u00e4ytt\u00f6\u00f6n.<\/p>\n<ul>\n<li><\/li>\n<li>Materiaali: 92 % nailonia, 8 % elastaania<\/li>\n<li>Vedenpit\u00e4v\u00e4 ja hengitt\u00e4v\u00e4 TPU-pinnoitettu joustokalvo<\/li>\n<li>2-kerroksinen kangas<\/li>\n<li>Nelj\u00e4\u00e4n suuntaan joustava<\/li>\n<li>Teipatut saumat<\/li>\n<li>Fleecell\u00e4 vuorattu vartalo ja kaulus<\/li>\n<li>Taffetavuoratut hihat<\/li>\n<li>P-logolla varustettu vetoketjun vedin<\/li>\n<li>YKK AquaGuard -vetoketju edess\u00e4<\/li>\n<li>YKK AquaGuard -vetoketjut etutaskuissa<\/li>\n<li>Sis\u00e4tasku kierrevetoketjulla<\/li>\n<li>Heijastava Pelle P -painatus rinnassa<\/li>\n<li>P-logomerkki kohokuvioidulla kumiprintill\u00e4 vasemmassa hihassa<\/li>\n<li>S\u00e4\u00e4dett\u00e4v\u00e4t tarranauhat hihansuissa<\/li>\n<li>S\u00e4\u00e4dett\u00e4v\u00e4 kiristysny\u00f6ri helmassa<\/li>\n<\/ul>\n","protected":false},"excerpt":{"rendered":"<p>S\u00e4\u00e4nkest\u00e4v\u00e4 takki<\/p>\n","protected":false},"featured_media":81491,"template":"","meta":{"_acf_changed":false},"pwb-brand":[838],"product_brand":[],"product_cat":[777,1261,702,682],"product_tag":[],"woo-feed-brand":[],"class_list":{"0":"post-50755","1":"product","2":"type-product","3":"status-publish","4":"has-post-thumbnail","6":"pwb-brand-pelle-petterson-fi","7":"product_cat-miehet","8":"product_cat-miesten-purjehdusvaatteet","9":"product_cat-paallysvaatteet-miehet","10":"product_cat-tekniset-vaatteet","12":"first","13":"instock","14":"taxable","15":"shipping-taxable","16":"purchasable","17":"product-type-variable","18":"wvs-archive-product-wrapper"},"acf":[],"brands":[{"id":838,"name":"Pelle Petterson","slug":"pelle-petterson-fi"}],"_links":{"self":[{"href":"https:\/\/nautical.store\/fi\/wp-json\/wp\/v2\/product\/50755","targetHints":{"allow":["GET"]}}],"collection":[{"href":"https:\/\/nautical.store\/fi\/wp-json\/wp\/v2\/product"}],"about":[{"href":"https:\/\/nautical.store\/fi\/wp-json\/wp\/v2\/types\/product"}],"wp:featuredmedia":[{"embeddable":true,"href":"https:\/\/nautical.store\/fi\/wp-json\/wp\/v2\/media\/81491"}],"wp:attachment":[{"href":"https:\/\/nautical.store\/fi\/wp-json\/wp\/v2\/media?parent=50755"}],"wp:term":[{"taxonomy":"pwb-brand","embeddable":true,"href":"https:\/\/nautical.store\/fi\/wp-json\/wp\/v2\/pwb-brand?post=50755"},{"taxonomy":"product_brand","embeddable":true,"href":"https:\/\/nautical.store\/fi\/wp-json\/wp\/v2\/product_brand?post=50755"},{"taxonomy":"product_cat","embeddable":true,"href":"https:\/\/nautical.store\/fi\/wp-json\/wp\/v2\/product_cat?post=50755"},{"taxonomy":"product_tag","embeddable":true,"href":"https:\/\/nautical.store\/fi\/wp-json\/wp\/v2\/product_tag?post=50755"},{"taxonomy":"woo-feed-brand","embeddable":true,"href":"https:\/\/nautical.store\/fi\/wp-json\/wp\/v2\/woo-feed-brand?post=50755"}],"curies":[{"name":"wp","href":"https:\/\/api.w.org\/{rel}","templated":true}]}}