{"id":50765,"date":"2023-08-03T14:22:01","date_gmt":"2023-08-03T11:22:01","guid":{"rendered":"https:\/\/www.nautical.store\/toode\/naisten-housut-celine-heaven-uni\/"},"modified":"2026-03-30T10:09:45","modified_gmt":"2026-03-30T07:09:45","slug":"celine-heaven-uni-housut","status":"publish","type":"product","link":"https:\/\/nautical.store\/fi\/tuote\/celine-heaven-uni-housut\/","title":{"rendered":"Celine Heaven Uni Housut"},"content":{"rendered":"<p>Mukavat ja joustavasta materiaalista valmistetut naisten korkeavy\u00f6t\u00e4r\u00f6iset housut, joissa on vetoketju ja nappi. Malli on skinny\u2011mitoituksella. Housuissa on kaksi taskua edess\u00e4 ja kaksi takana.<\/p>\n","protected":false},"excerpt":{"rendered":"<p>Mukavat ja joustavasta materiaalista valmistetut naisten korkeavy\u00f6t\u00e4r\u00f6iset housut, joissa on vetoketju ja nappi. Malli on skinny\u2011mitoituksella. Housuissa on kaksi taskua edess\u00e4 ja kaksi takana.<\/p>\n","protected":false},"featured_media":49950,"template":"","meta":{"_acf_changed":false},"pwb-brand":[959],"product_brand":[],"product_cat":[877,640,827],"product_tag":[],"woo-feed-brand":[],"class_list":{"0":"post-50765","1":"product","2":"type-product","3":"status-publish","4":"has-post-thumbnail","6":"pwb-brand-para-mi-fi","7":"product_cat-edullinen-hinta-naiset","8":"product_cat-housut-fi","9":"product_cat-naiset","11":"first","12":"instock","13":"sale","14":"taxable","15":"shipping-taxable","16":"purchasable","17":"product-type-variable","18":"wvs-archive-product-wrapper"},"acf":[],"brands":[{"id":959,"name":"Para Mi","slug":"para-mi-fi"}],"_links":{"self":[{"href":"https:\/\/nautical.store\/fi\/wp-json\/wp\/v2\/product\/50765","targetHints":{"allow":["GET"]}}],"collection":[{"href":"https:\/\/nautical.store\/fi\/wp-json\/wp\/v2\/product"}],"about":[{"href":"https:\/\/nautical.store\/fi\/wp-json\/wp\/v2\/types\/product"}],"wp:featuredmedia":[{"embeddable":true,"href":"https:\/\/nautical.store\/fi\/wp-json\/wp\/v2\/media\/49950"}],"wp:attachment":[{"href":"https:\/\/nautical.store\/fi\/wp-json\/wp\/v2\/media?parent=50765"}],"wp:term":[{"taxonomy":"pwb-brand","embeddable":true,"href":"https:\/\/nautical.store\/fi\/wp-json\/wp\/v2\/pwb-brand?post=50765"},{"taxonomy":"product_brand","embeddable":true,"href":"https:\/\/nautical.store\/fi\/wp-json\/wp\/v2\/product_brand?post=50765"},{"taxonomy":"product_cat","embeddable":true,"href":"https:\/\/nautical.store\/fi\/wp-json\/wp\/v2\/product_cat?post=50765"},{"taxonomy":"product_tag","embeddable":true,"href":"https:\/\/nautical.store\/fi\/wp-json\/wp\/v2\/product_tag?post=50765"},{"taxonomy":"woo-feed-brand","embeddable":true,"href":"https:\/\/nautical.store\/fi\/wp-json\/wp\/v2\/woo-feed-brand?post=50765"}],"curies":[{"name":"wp","href":"https:\/\/api.w.org\/{rel}","templated":true}]}}