{"id":52964,"date":"2023-09-26T12:14:38","date_gmt":"2023-09-26T09:14:38","guid":{"rendered":"https:\/\/www.nautical.store\/?post_type=product&#038;p=52964"},"modified":"2025-09-24T23:08:18","modified_gmt":"2025-09-24T20:08:18","slug":"hilda-housut","status":"publish","type":"product","link":"https:\/\/nautical.store\/fi\/tuote\/hilda-housut\/","title":{"rendered":"Hilda Housut"},"content":{"rendered":"<p><!--StartFragment --><\/p>\n<p>Ihanan pehme\u00e4t merinovillaiset naisten housut \u2013 t\u00e4ydelliset syksyyn ja talveen.<\/p>\n<ul>\n<li>100 % laadukasta merinovillaa<\/li>\n<li>Mukava suora malli ja joustava vy\u00f6t\u00e4r\u00f6<\/li>\n<li>Tyylik\u00e4s nilkkapituus<\/li>\n<li>Normaali istuvuus \u2013 sopii arkeen ja vapaa-aikaan<\/li>\n<li>Valmistettu Euroopassa \u2013 laatua johon voit luottaa<\/li>\n<li>Koko M, housujen kokonaispituus 96 cm<\/li>\n<\/ul>\n<p><!--EndFragment --><\/p>\n","protected":false},"excerpt":{"rendered":"<p>Mukavat neulehousut suoralla leikkauksella<\/p>\n","protected":false},"featured_media":52731,"template":"","meta":{"_acf_changed":false},"pwb-brand":[836],"product_brand":[],"product_cat":[877,640,827],"product_tag":[],"woo-feed-brand":[],"class_list":{"0":"post-52964","1":"product","2":"type-product","3":"status-publish","4":"has-post-thumbnail","6":"pwb-brand-holebrook-fi","7":"product_cat-edullinen-hinta-naiset","8":"product_cat-housut-fi","9":"product_cat-naiset","11":"first","12":"instock","13":"sale","14":"taxable","15":"shipping-taxable","16":"purchasable","17":"product-type-variable","18":"wvs-archive-product-wrapper"},"acf":[],"brands":[{"id":836,"name":"Holebrook","slug":"holebrook-fi"}],"_links":{"self":[{"href":"https:\/\/nautical.store\/fi\/wp-json\/wp\/v2\/product\/52964","targetHints":{"allow":["GET"]}}],"collection":[{"href":"https:\/\/nautical.store\/fi\/wp-json\/wp\/v2\/product"}],"about":[{"href":"https:\/\/nautical.store\/fi\/wp-json\/wp\/v2\/types\/product"}],"wp:featuredmedia":[{"embeddable":true,"href":"https:\/\/nautical.store\/fi\/wp-json\/wp\/v2\/media\/52731"}],"wp:attachment":[{"href":"https:\/\/nautical.store\/fi\/wp-json\/wp\/v2\/media?parent=52964"}],"wp:term":[{"taxonomy":"pwb-brand","embeddable":true,"href":"https:\/\/nautical.store\/fi\/wp-json\/wp\/v2\/pwb-brand?post=52964"},{"taxonomy":"product_brand","embeddable":true,"href":"https:\/\/nautical.store\/fi\/wp-json\/wp\/v2\/product_brand?post=52964"},{"taxonomy":"product_cat","embeddable":true,"href":"https:\/\/nautical.store\/fi\/wp-json\/wp\/v2\/product_cat?post=52964"},{"taxonomy":"product_tag","embeddable":true,"href":"https:\/\/nautical.store\/fi\/wp-json\/wp\/v2\/product_tag?post=52964"},{"taxonomy":"woo-feed-brand","embeddable":true,"href":"https:\/\/nautical.store\/fi\/wp-json\/wp\/v2\/woo-feed-brand?post=52964"}],"curies":[{"name":"wp","href":"https:\/\/api.w.org\/{rel}","templated":true}]}}