{"id":52975,"date":"2023-09-22T14:53:34","date_gmt":"2023-09-22T11:53:34","guid":{"rendered":"https:\/\/www.nautical.store\/toode\/hikuai-hattu\/"},"modified":"2025-11-24T15:06:50","modified_gmt":"2025-11-24T13:06:50","slug":"hikuai-hattu","status":"publish","type":"product","link":"https:\/\/nautical.store\/fi\/tuote\/hikuai-hattu\/","title":{"rendered":"Hikuai neulepipo"},"content":{"rendered":"<p>L\u00e4mmin miesten pipo akryylin ja villan sekoituksesta. Osittainen fleecevuori sis\u00e4puolella. NZA-logo edess\u00e4 keskell\u00e4.<\/p>\n","protected":false},"excerpt":{"rendered":"<p><!--StartFragment --><\/p>\n<p>Neulepipo fleecevuorilla<\/p>\n<p>&nbsp;<\/p>\n<p><!--EndFragment --><\/p>\n","protected":false},"featured_media":52618,"template":"","meta":{"_acf_changed":false},"pwb-brand":[1581],"product_brand":[],"product_cat":[628,876,777],"product_tag":[],"woo-feed-brand":[],"class_list":{"0":"post-52975","1":"product","2":"type-product","3":"status-publish","4":"has-post-thumbnail","6":"pwb-brand-new-zealand-auckland-fi","7":"product_cat-asusteet","8":"product_cat-edullinen-hinta-miehet-fi","9":"product_cat-miehet","11":"first","12":"instock","13":"sale","14":"taxable","15":"shipping-taxable","16":"purchasable","17":"product-type-variable","18":"wvs-archive-product-wrapper"},"acf":[],"brands":[{"id":1581,"name":"New Zealand Auckland","slug":"new-zealand-auckland-fi"}],"_links":{"self":[{"href":"https:\/\/nautical.store\/fi\/wp-json\/wp\/v2\/product\/52975","targetHints":{"allow":["GET"]}}],"collection":[{"href":"https:\/\/nautical.store\/fi\/wp-json\/wp\/v2\/product"}],"about":[{"href":"https:\/\/nautical.store\/fi\/wp-json\/wp\/v2\/types\/product"}],"wp:featuredmedia":[{"embeddable":true,"href":"https:\/\/nautical.store\/fi\/wp-json\/wp\/v2\/media\/52618"}],"wp:attachment":[{"href":"https:\/\/nautical.store\/fi\/wp-json\/wp\/v2\/media?parent=52975"}],"wp:term":[{"taxonomy":"pwb-brand","embeddable":true,"href":"https:\/\/nautical.store\/fi\/wp-json\/wp\/v2\/pwb-brand?post=52975"},{"taxonomy":"product_brand","embeddable":true,"href":"https:\/\/nautical.store\/fi\/wp-json\/wp\/v2\/product_brand?post=52975"},{"taxonomy":"product_cat","embeddable":true,"href":"https:\/\/nautical.store\/fi\/wp-json\/wp\/v2\/product_cat?post=52975"},{"taxonomy":"product_tag","embeddable":true,"href":"https:\/\/nautical.store\/fi\/wp-json\/wp\/v2\/product_tag?post=52975"},{"taxonomy":"woo-feed-brand","embeddable":true,"href":"https:\/\/nautical.store\/fi\/wp-json\/wp\/v2\/woo-feed-brand?post=52975"}],"curies":[{"name":"wp","href":"https:\/\/api.w.org\/{rel}","templated":true}]}}