{"id":52981,"date":"2023-09-22T14:22:03","date_gmt":"2023-09-22T11:22:03","guid":{"rendered":"https:\/\/www.nautical.store\/toode\/ripia-kasineet\/"},"modified":"2024-05-28T00:15:23","modified_gmt":"2024-05-27T21:15:23","slug":"ripia-kasineet","status":"publish","type":"product","link":"https:\/\/nautical.store\/fi\/tuote\/ripia-kasineet\/","title":{"rendered":"Ripia k\u00e4sineet"},"content":{"rendered":"<p>L\u00e4mpim\u00e4t miesten k\u00e4sineet akryylin ja villan sekoitetta. Sis\u00e4ll\u00e4 pehme\u00e4 fleecevuori.<\/p>\n","protected":false},"excerpt":{"rendered":"<p>L\u00e4mpim\u00e4t miesten k\u00e4sineet akryylin ja villan sekoitetta. Sis\u00e4ll\u00e4 pehme\u00e4 fleecevuori.<\/p>\n","protected":false},"featured_media":52601,"template":"","meta":{"_acf_changed":false},"pwb-brand":[1581],"product_brand":[],"product_cat":[628,876,777],"product_tag":[],"woo-feed-brand":[],"class_list":{"0":"post-52981","1":"product","2":"type-product","3":"status-publish","4":"has-post-thumbnail","6":"pwb-brand-new-zealand-auckland-fi","7":"product_cat-asusteet","8":"product_cat-edullinen-hinta-miehet-fi","9":"product_cat-miehet","11":"first","12":"outofstock","13":"taxable","14":"shipping-taxable","15":"product-type-variable","16":"wvs-archive-product-wrapper"},"acf":[],"brands":[{"id":1581,"name":"New Zealand Auckland","slug":"new-zealand-auckland-fi"}],"_links":{"self":[{"href":"https:\/\/nautical.store\/fi\/wp-json\/wp\/v2\/product\/52981","targetHints":{"allow":["GET"]}}],"collection":[{"href":"https:\/\/nautical.store\/fi\/wp-json\/wp\/v2\/product"}],"about":[{"href":"https:\/\/nautical.store\/fi\/wp-json\/wp\/v2\/types\/product"}],"wp:featuredmedia":[{"embeddable":true,"href":"https:\/\/nautical.store\/fi\/wp-json\/wp\/v2\/media\/52601"}],"wp:attachment":[{"href":"https:\/\/nautical.store\/fi\/wp-json\/wp\/v2\/media?parent=52981"}],"wp:term":[{"taxonomy":"pwb-brand","embeddable":true,"href":"https:\/\/nautical.store\/fi\/wp-json\/wp\/v2\/pwb-brand?post=52981"},{"taxonomy":"product_brand","embeddable":true,"href":"https:\/\/nautical.store\/fi\/wp-json\/wp\/v2\/product_brand?post=52981"},{"taxonomy":"product_cat","embeddable":true,"href":"https:\/\/nautical.store\/fi\/wp-json\/wp\/v2\/product_cat?post=52981"},{"taxonomy":"product_tag","embeddable":true,"href":"https:\/\/nautical.store\/fi\/wp-json\/wp\/v2\/product_tag?post=52981"},{"taxonomy":"woo-feed-brand","embeddable":true,"href":"https:\/\/nautical.store\/fi\/wp-json\/wp\/v2\/woo-feed-brand?post=52981"}],"curies":[{"name":"wp","href":"https:\/\/api.w.org\/{rel}","templated":true}]}}