{"id":53014,"date":"2023-09-22T12:27:38","date_gmt":"2023-09-22T09:27:38","guid":{"rendered":"https:\/\/www.nautical.store\/toode\/joan-bleiser-vintage-c\/"},"modified":"2026-01-22T22:08:56","modified_gmt":"2026-01-22T20:08:56","slug":"joan-bleiser-vintage-c","status":"publish","type":"product","link":"https:\/\/nautical.store\/fi\/tuote\/joan-bleiser-vintage-c\/","title":{"rendered":"Joan Bleiser Vintage C"},"content":{"rendered":"<p><!--StartFragment --><\/p>\n<p>Samettinen naisten bleiseri<\/p>\n<ul>\n<li>L\u00e4mmin ja pehme\u00e4<\/li>\n<li>Saatavana tyylikk\u00e4iss\u00e4 syksyn s\u00e4vyiss\u00e4<\/li>\n<li>Koko 38: kokonaispituus 62 cm<\/li>\n<\/ul>\n<p><!--EndFragment --><\/p>\n","protected":false},"excerpt":{"rendered":"<p>Samettinen naisten bleiseri L\u00e4mmin ja pehme\u00e4 Saatavana tyylikk\u00e4iss\u00e4 syksyn s\u00e4vyiss\u00e4 Koko 38: kokonaispituus 62 cm<\/p>\n","protected":false},"featured_media":52339,"template":"","meta":{"_acf_changed":false},"pwb-brand":[959],"product_brand":[],"product_cat":[877,827,2183,617],"product_tag":[],"woo-feed-brand":[],"class_list":{"0":"post-53014","1":"product","2":"type-product","3":"status-publish","4":"has-post-thumbnail","6":"pwb-brand-para-mi-fi","7":"product_cat-edullinen-hinta-naiset","8":"product_cat-naiset","9":"product_cat-outlet-fi","10":"product_cat-paallysvaatteet","12":"first","13":"instock","14":"sale","15":"taxable","16":"shipping-taxable","17":"purchasable","18":"product-type-variable","19":"wvs-archive-product-wrapper"},"acf":[],"brands":[{"id":959,"name":"Para Mi","slug":"para-mi-fi"}],"_links":{"self":[{"href":"https:\/\/nautical.store\/fi\/wp-json\/wp\/v2\/product\/53014","targetHints":{"allow":["GET"]}}],"collection":[{"href":"https:\/\/nautical.store\/fi\/wp-json\/wp\/v2\/product"}],"about":[{"href":"https:\/\/nautical.store\/fi\/wp-json\/wp\/v2\/types\/product"}],"wp:featuredmedia":[{"embeddable":true,"href":"https:\/\/nautical.store\/fi\/wp-json\/wp\/v2\/media\/52339"}],"wp:attachment":[{"href":"https:\/\/nautical.store\/fi\/wp-json\/wp\/v2\/media?parent=53014"}],"wp:term":[{"taxonomy":"pwb-brand","embeddable":true,"href":"https:\/\/nautical.store\/fi\/wp-json\/wp\/v2\/pwb-brand?post=53014"},{"taxonomy":"product_brand","embeddable":true,"href":"https:\/\/nautical.store\/fi\/wp-json\/wp\/v2\/product_brand?post=53014"},{"taxonomy":"product_cat","embeddable":true,"href":"https:\/\/nautical.store\/fi\/wp-json\/wp\/v2\/product_cat?post=53014"},{"taxonomy":"product_tag","embeddable":true,"href":"https:\/\/nautical.store\/fi\/wp-json\/wp\/v2\/product_tag?post=53014"},{"taxonomy":"woo-feed-brand","embeddable":true,"href":"https:\/\/nautical.store\/fi\/wp-json\/wp\/v2\/woo-feed-brand?post=53014"}],"curies":[{"name":"wp","href":"https:\/\/api.w.org\/{rel}","templated":true}]}}