{"id":53035,"date":"2023-09-15T14:44:16","date_gmt":"2023-09-15T11:44:16","guid":{"rendered":"https:\/\/www.nautical.store\/toode\/calor-housut\/"},"modified":"2025-10-19T22:35:03","modified_gmt":"2025-10-19T19:35:03","slug":"calor-housut","status":"publish","type":"product","link":"https:\/\/nautical.store\/fi\/tuote\/calor-housut\/","title":{"rendered":"PelleP Calor housut"},"content":{"rendered":"<p><!--StartFragment --><\/p>\n<p>Tyylikk\u00e4\u00e4t ja toiminnalliset housut joustavasta materiaalista, jonka sis\u00e4pinta on pehme\u00e4\u00e4 harjattua fleece\u00e4. Suora malli ja yhteens\u00e4 viisi taskua: kaksi sivutaskua, kaksi takataskua piilotetulla nepparikiinnityksell\u00e4 ja pieni kolikkotasku. Housut suojaavat tuulelta ja ovat vett\u00e4hylkiv\u00e4\u00e4 materiaalia.<\/p>\n<ul>\n<li>Materiaali: 92 % polyesteri, 8 % elastaani<\/li>\n<li>Sis\u00e4pinta: harjattu fleece<\/li>\n<li>Taskut:<br \/>\n\u2013 Kaksi etutaskua<br \/>\n\u2013 Kaksi takataskua nepparikiinnityksell\u00e4<br \/>\n\u2013 Pieni kolikkotasku<br \/>\n\u2013 Oikeassa takataskussa silikoninauha golfhanskan kiinnitykseen<br \/>\n\u2013 Edess\u00e4 korttitasku<\/li>\n<li>Kiinnitys: neppari ja haka edess\u00e4<\/li>\n<li>Vy\u00f6lenkit<\/li>\n<li>P-kirjontamerkki takataskun alla \u2013 YKK-vetoketju edess\u00e4<\/li>\n<li>Suora leikkaus<\/li>\n<\/ul>\n<p><!--EndFragment --><\/p>\n","protected":false},"excerpt":{"rendered":"<p>Miesten ulkoiluhousut teknisest\u00e4 materiaalista<\/p>\n","protected":false},"featured_media":85301,"template":"","meta":{"_acf_changed":false},"pwb-brand":[838],"product_brand":[],"product_cat":[610,777,1259,682],"product_tag":[],"woo-feed-brand":[],"class_list":{"0":"post-53035","1":"product","2":"type-product","3":"status-publish","4":"has-post-thumbnail","6":"pwb-brand-pelle-petterson-fi","7":"product_cat-housut","8":"product_cat-miehet","9":"product_cat-miesten-golfvaatteet","10":"product_cat-tekniset-vaatteet","12":"first","13":"instock","14":"taxable","15":"shipping-taxable","16":"purchasable","17":"product-type-variable","18":"wvs-archive-product-wrapper"},"acf":[],"brands":[{"id":838,"name":"Pelle Petterson","slug":"pelle-petterson-fi"}],"_links":{"self":[{"href":"https:\/\/nautical.store\/fi\/wp-json\/wp\/v2\/product\/53035","targetHints":{"allow":["GET"]}}],"collection":[{"href":"https:\/\/nautical.store\/fi\/wp-json\/wp\/v2\/product"}],"about":[{"href":"https:\/\/nautical.store\/fi\/wp-json\/wp\/v2\/types\/product"}],"wp:featuredmedia":[{"embeddable":true,"href":"https:\/\/nautical.store\/fi\/wp-json\/wp\/v2\/media\/85301"}],"wp:attachment":[{"href":"https:\/\/nautical.store\/fi\/wp-json\/wp\/v2\/media?parent=53035"}],"wp:term":[{"taxonomy":"pwb-brand","embeddable":true,"href":"https:\/\/nautical.store\/fi\/wp-json\/wp\/v2\/pwb-brand?post=53035"},{"taxonomy":"product_brand","embeddable":true,"href":"https:\/\/nautical.store\/fi\/wp-json\/wp\/v2\/product_brand?post=53035"},{"taxonomy":"product_cat","embeddable":true,"href":"https:\/\/nautical.store\/fi\/wp-json\/wp\/v2\/product_cat?post=53035"},{"taxonomy":"product_tag","embeddable":true,"href":"https:\/\/nautical.store\/fi\/wp-json\/wp\/v2\/product_tag?post=53035"},{"taxonomy":"woo-feed-brand","embeddable":true,"href":"https:\/\/nautical.store\/fi\/wp-json\/wp\/v2\/woo-feed-brand?post=53035"}],"curies":[{"name":"wp","href":"https:\/\/api.w.org\/{rel}","templated":true}]}}