{"id":53046,"date":"2023-09-14T15:06:02","date_gmt":"2023-09-14T12:06:02","guid":{"rendered":"https:\/\/www.nautical.store\/toode\/commodus-liivi\/"},"modified":"2025-11-06T11:36:50","modified_gmt":"2025-11-06T09:36:50","slug":"commodus-liivi","status":"publish","type":"product","link":"https:\/\/nautical.store\/fi\/tuote\/commodus-liivi\/","title":{"rendered":"PelleP Commodus -liivi"},"content":{"rendered":"<p><!--StartFragment --><\/p>\n<p>T\u00e4m\u00e4 liivi on suunniteltu aktiiviseen k\u00e4ytt\u00f6\u00f6n vaihtelevissa s\u00e4\u00e4olosuhteissa. Tuulen- ja vedenpit\u00e4v\u00e4 rakenne sek\u00e4 l\u00e4mmin Sorona DuPont -eristys tekev\u00e4t siit\u00e4 erinomaisen valinnan ulkoiluun.<\/p>\n<ul>\n<li>100 % polyesteri\u00e4<\/li>\n<li>Vedenpit\u00e4vyys: 10 000 mm<\/li>\n<li>Tuulenpit\u00e4v\u00e4<\/li>\n<li>Sorona DuPont -l\u00e4mp\u00f6eristys<\/li>\n<li>Vetoketju P-logolla<\/li>\n<li>Kaksi vetoketjullista etutaskua ja yksi sis\u00e4tasku<\/li>\n<li>Pelle P -logo vasemmalla rinnassa<\/li>\n<li>Normaali istuvuus<\/li>\n<li>Koko M sel\u00e4n pituus: 70 cm<\/li>\n<\/ul>\n<p><!--EndFragment --><\/p>\n","protected":false},"excerpt":{"rendered":"<p>Mukava miesten tuuli- ja s\u00e4\u00e4nkest\u00e4v\u00e4 liivi<\/p>\n","protected":false},"featured_media":52013,"template":"","meta":{"_acf_changed":false},"pwb-brand":[838],"product_brand":[],"product_cat":[876,777,1259,2183,702],"product_tag":[],"woo-feed-brand":[],"class_list":{"0":"post-53046","1":"product","2":"type-product","3":"status-publish","4":"has-post-thumbnail","6":"pwb-brand-pelle-petterson-fi","7":"product_cat-edullinen-hinta-miehet-fi","8":"product_cat-miehet","9":"product_cat-miesten-golfvaatteet","10":"product_cat-outlet-fi","11":"product_cat-paallysvaatteet-miehet","13":"first","14":"instock","15":"sale","16":"taxable","17":"shipping-taxable","18":"purchasable","19":"product-type-variable","20":"wvs-archive-product-wrapper"},"acf":[],"brands":[{"id":838,"name":"Pelle Petterson","slug":"pelle-petterson-fi"}],"_links":{"self":[{"href":"https:\/\/nautical.store\/fi\/wp-json\/wp\/v2\/product\/53046","targetHints":{"allow":["GET"]}}],"collection":[{"href":"https:\/\/nautical.store\/fi\/wp-json\/wp\/v2\/product"}],"about":[{"href":"https:\/\/nautical.store\/fi\/wp-json\/wp\/v2\/types\/product"}],"wp:featuredmedia":[{"embeddable":true,"href":"https:\/\/nautical.store\/fi\/wp-json\/wp\/v2\/media\/52013"}],"wp:attachment":[{"href":"https:\/\/nautical.store\/fi\/wp-json\/wp\/v2\/media?parent=53046"}],"wp:term":[{"taxonomy":"pwb-brand","embeddable":true,"href":"https:\/\/nautical.store\/fi\/wp-json\/wp\/v2\/pwb-brand?post=53046"},{"taxonomy":"product_brand","embeddable":true,"href":"https:\/\/nautical.store\/fi\/wp-json\/wp\/v2\/product_brand?post=53046"},{"taxonomy":"product_cat","embeddable":true,"href":"https:\/\/nautical.store\/fi\/wp-json\/wp\/v2\/product_cat?post=53046"},{"taxonomy":"product_tag","embeddable":true,"href":"https:\/\/nautical.store\/fi\/wp-json\/wp\/v2\/product_tag?post=53046"},{"taxonomy":"woo-feed-brand","embeddable":true,"href":"https:\/\/nautical.store\/fi\/wp-json\/wp\/v2\/woo-feed-brand?post=53046"}],"curies":[{"name":"wp","href":"https:\/\/api.w.org\/{rel}","templated":true}]}}