{"id":53060,"date":"2023-09-14T13:10:51","date_gmt":"2023-09-14T10:10:51","guid":{"rendered":"https:\/\/www.nautical.store\/toode\/loft-wp-zip\/"},"modified":"2025-06-24T23:36:43","modified_gmt":"2025-06-24T20:36:43","slug":"loft-wp-zip","status":"publish","type":"product","link":"https:\/\/nautical.store\/fi\/tuote\/loft-wp-zip\/","title":{"rendered":"PelleP Loft WP -fleece takki vuorilla."},"content":{"rendered":"<p><!--StartFragment --><\/p>\n<p>Unisex-fleece tuulenpit\u00e4v\u00e4ll\u00e4 vuorilla \u2013 sopii sek\u00e4 miehille ett\u00e4 naisille. Miesten koko M vastaa naisten kokoa L.<\/p>\n<ul>\n<li>100\u202f% kierr\u00e4tetty\u00e4 polyesteri\u00e4<\/li>\n<li>Tuulenpit\u00e4v\u00e4 vuori<\/li>\n<li>Korkea kaulus<\/li>\n<li>Kaksi vetoketjullista taskua<\/li>\n<li>P-logo vasemmalla rinnassa<\/li>\n<\/ul>\n<p><!--EndFragment --><\/p>\n","protected":false},"excerpt":{"rendered":"<p><!--StartFragment --><\/p>\n<p>Unisex-fleece tuulenpit\u00e4v\u00e4ll\u00e4 vuorilla<\/p>\n<p><!--EndFragment --><\/p>\n","protected":false},"featured_media":80420,"template":"","meta":{"_acf_changed":false},"pwb-brand":[838],"product_brand":[],"product_cat":[688,716,1263,726,682,1267,1187,706],"product_tag":[],"woo-feed-brand":[],"class_list":{"0":"post-53060","1":"product","2":"type-product","3":"status-publish","4":"has-post-thumbnail","6":"pwb-brand-pelle-petterson-fi","7":"product_cat-hupparit-ja-fleecet","8":"product_cat-hupparit-ja-fleecet-miehet","9":"product_cat-naisten-tuulenkestava-takki","10":"product_cat-tekniset-vaatteet-naiset","11":"product_cat-tekniset-vaatteet","12":"product_cat-tuulenkestava-miestentakki","13":"product_cat-tuulenpitavat-fi","14":"product_cat-tuulenpitavat-miehet","16":"first","17":"instock","18":"taxable","19":"shipping-taxable","20":"purchasable","21":"product-type-variable","22":"wvs-archive-product-wrapper"},"acf":[],"brands":[{"id":838,"name":"Pelle Petterson","slug":"pelle-petterson-fi"}],"_links":{"self":[{"href":"https:\/\/nautical.store\/fi\/wp-json\/wp\/v2\/product\/53060","targetHints":{"allow":["GET"]}}],"collection":[{"href":"https:\/\/nautical.store\/fi\/wp-json\/wp\/v2\/product"}],"about":[{"href":"https:\/\/nautical.store\/fi\/wp-json\/wp\/v2\/types\/product"}],"wp:featuredmedia":[{"embeddable":true,"href":"https:\/\/nautical.store\/fi\/wp-json\/wp\/v2\/media\/80420"}],"wp:attachment":[{"href":"https:\/\/nautical.store\/fi\/wp-json\/wp\/v2\/media?parent=53060"}],"wp:term":[{"taxonomy":"pwb-brand","embeddable":true,"href":"https:\/\/nautical.store\/fi\/wp-json\/wp\/v2\/pwb-brand?post=53060"},{"taxonomy":"product_brand","embeddable":true,"href":"https:\/\/nautical.store\/fi\/wp-json\/wp\/v2\/product_brand?post=53060"},{"taxonomy":"product_cat","embeddable":true,"href":"https:\/\/nautical.store\/fi\/wp-json\/wp\/v2\/product_cat?post=53060"},{"taxonomy":"product_tag","embeddable":true,"href":"https:\/\/nautical.store\/fi\/wp-json\/wp\/v2\/product_tag?post=53060"},{"taxonomy":"woo-feed-brand","embeddable":true,"href":"https:\/\/nautical.store\/fi\/wp-json\/wp\/v2\/woo-feed-brand?post=53060"}],"curies":[{"name":"wp","href":"https:\/\/api.w.org\/{rel}","templated":true}]}}