{"id":53065,"date":"2023-09-14T12:54:01","date_gmt":"2023-09-14T09:54:01","guid":{"rendered":"https:\/\/www.nautical.store\/toode\/molle-takki\/"},"modified":"2025-11-06T11:30:18","modified_gmt":"2025-11-06T09:30:18","slug":"molle-talvitakki","status":"publish","type":"product","link":"https:\/\/nautical.store\/fi\/tuote\/molle-talvitakki\/","title":{"rendered":"PelleP Molle -miesten takki"},"content":{"rendered":"<p><!--StartFragment --><\/p>\n<p><strong>Molle-takki \u2013 l\u00e4mmin ja vastuullinen valinta arkeen ja ulkoiluun<\/strong><\/p>\n<p>Molle-takki on valmistettu kierr\u00e4tetyst\u00e4 polyesterist\u00e4, ja sen t\u00e4yte koostuu pallokuiduista: 30 % Sorona\u00ae-kuitua ja 70 % kierr\u00e4tetty\u00e4 PET-pulloista per\u00e4isin olevaa polyesteri\u00e4. Ulkokangas on vett\u00e4 hylkiv\u00e4 ja k\u00e4sitelty PFC-vapaalla DWR-suojak\u00e4sittelyll\u00e4.<\/p>\n<p>Takissa on edess\u00e4 mattamusta kaksisuuntainen YKK VISLON\u00ae Soft Touch -vetoketju, kaksi etutaskua piilotetuilla magneettikiinnityksill\u00e4 sek\u00e4 kaksi fleecevuorattua sivutaskua. Sis\u00e4puolella on kaksi verkkotaskua ja yksi vetoketjullinen rintatasku.<\/p>\n<p>Helmassa on s\u00e4\u00e4dett\u00e4v\u00e4t kiristysny\u00f6rit ja hihansuissa joustavat sis\u00e4resorit. Irrotettava huppu, heijastavat P-logot hupussa, kauluksessa ja sel\u00e4n keskell\u00e4 sek\u00e4 kuminen ja metallinen hihamerkki viimeistelev\u00e4t yksityiskohdat.<\/p>\n<p><strong>Ominaisuudet:<\/strong><\/p>\n<ul>\n<li>Vett\u00e4 hylkiv\u00e4 pintakangas<\/li>\n<li>Sorona Aura -eristys<\/li>\n<li>4 ulkotaskua: 2 vetoketjullista sivutaskua, 2 sis\u00e4verkkotaskua ja vetoketjullinen povitasku<\/li>\n<li>P-logolla varustettu kiristysny\u00f6ri hupun reunassa<\/li>\n<li>Ripustuslenkki<\/li>\n<li>Irrotettava huppu<\/li>\n<li>Heijastavat P-logot hupun keskell\u00e4 ja sel\u00e4ss\u00e4<\/li>\n<li>V\u00e4lj\u00e4 mitoitus<\/li>\n<li>Koko M sel\u00e4n pituus: 74 cm<\/li>\n<li>Malli (186 cm) k\u00e4ytt\u00e4\u00e4 kokoa M<\/li>\n<\/ul>\n<p>Tuotekuvat vastaavat tarkasti takin ulkon\u00e4k\u00f6\u00e4 ja yksityiskohtia.<\/p>\n<p><!--EndFragment --><\/p>\n","protected":false},"excerpt":{"rendered":"<p>L\u00e4mmin ja muhkea miesten takki<\/p>\n","protected":false},"featured_media":51950,"template":"","meta":{"_acf_changed":false},"pwb-brand":[838],"product_brand":[],"product_cat":[876,777,702],"product_tag":[],"woo-feed-brand":[],"class_list":{"0":"post-53065","1":"product","2":"type-product","3":"status-publish","4":"has-post-thumbnail","6":"pwb-brand-pelle-petterson-fi","7":"product_cat-edullinen-hinta-miehet-fi","8":"product_cat-miehet","9":"product_cat-paallysvaatteet-miehet","11":"first","12":"instock","13":"sale","14":"taxable","15":"shipping-taxable","16":"purchasable","17":"product-type-variable","18":"wvs-archive-product-wrapper"},"acf":[],"brands":[{"id":838,"name":"Pelle Petterson","slug":"pelle-petterson-fi"}],"_links":{"self":[{"href":"https:\/\/nautical.store\/fi\/wp-json\/wp\/v2\/product\/53065","targetHints":{"allow":["GET"]}}],"collection":[{"href":"https:\/\/nautical.store\/fi\/wp-json\/wp\/v2\/product"}],"about":[{"href":"https:\/\/nautical.store\/fi\/wp-json\/wp\/v2\/types\/product"}],"wp:featuredmedia":[{"embeddable":true,"href":"https:\/\/nautical.store\/fi\/wp-json\/wp\/v2\/media\/51950"}],"wp:attachment":[{"href":"https:\/\/nautical.store\/fi\/wp-json\/wp\/v2\/media?parent=53065"}],"wp:term":[{"taxonomy":"pwb-brand","embeddable":true,"href":"https:\/\/nautical.store\/fi\/wp-json\/wp\/v2\/pwb-brand?post=53065"},{"taxonomy":"product_brand","embeddable":true,"href":"https:\/\/nautical.store\/fi\/wp-json\/wp\/v2\/product_brand?post=53065"},{"taxonomy":"product_cat","embeddable":true,"href":"https:\/\/nautical.store\/fi\/wp-json\/wp\/v2\/product_cat?post=53065"},{"taxonomy":"product_tag","embeddable":true,"href":"https:\/\/nautical.store\/fi\/wp-json\/wp\/v2\/product_tag?post=53065"},{"taxonomy":"woo-feed-brand","embeddable":true,"href":"https:\/\/nautical.store\/fi\/wp-json\/wp\/v2\/woo-feed-brand?post=53065"}],"curies":[{"name":"wp","href":"https:\/\/api.w.org\/{rel}","templated":true}]}}