{"id":53075,"date":"2023-09-14T12:24:45","date_gmt":"2023-09-14T09:24:45","guid":{"rendered":"https:\/\/www.nautical.store\/toode\/molle-liivi\/"},"modified":"2025-11-14T10:53:01","modified_gmt":"2025-11-14T08:53:01","slug":"molle-liivi","status":"publish","type":"product","link":"https:\/\/nautical.store\/fi\/tuote\/molle-liivi\/","title":{"rendered":"PelleP Molle &#8211; miesten toppaliivi"},"content":{"rendered":"<p><!--StartFragment --><\/p>\n<p>Molle-liivi on valmistettu kierr\u00e4tetyst\u00e4 polyesterist\u00e4, ja sen t\u00e4ytteen\u00e4 on pallokuitua, joka koostuu 30 % Sorona\u00ae-materiaalista ja 70 % PET-pulloista kierr\u00e4tetyst\u00e4 polyesterist\u00e4.<\/p>\n<p>Ulkokangas on vett\u00e4 hylkiv\u00e4 PFC-vapaan DWR-k\u00e4sittelyn ansiosta. Edess\u00e4 on mattamusta YKK VISLON\u00ae Soft Touch -vetoketju. Liiviss\u00e4 on kaksi etutaskua n\u00e4kym\u00e4tt\u00f6mill\u00e4 magneettinapeilla sek\u00e4 fleecevuoratut sivutaskut. Helmassa ja vy\u00f6t\u00e4r\u00f6ll\u00e4 on s\u00e4\u00e4dett\u00e4v\u00e4t kiristysny\u00f6rit. Sis\u00e4puolelta l\u00f6ytyy kaksi verkkotaskua ja vetoketjullinen rintatasku. Sel\u00e4ss\u00e4 ja rinnassa on heijastavat P-logot. Malli on v\u00e4lj\u00e4 ja mukava p\u00e4\u00e4ll\u00e4.<\/p>\n<ul>\n<li>100 % kierr\u00e4tetty\u00e4 polyesteri\u00e4<\/li>\n<li>Pallokuitut\u00e4yte: 30 % Sorona\u00ae, 70 % kierr\u00e4tetty polyesteri PET-pulloista<\/li>\n<li>Vett\u00e4 hylkiv\u00e4 kangas<\/li>\n<li>PFC-vapaa DWR-k\u00e4sittely<\/li>\n<li>YKK Soft Touch -vetoketju mattamustana edess\u00e4<\/li>\n<li>S\u00e4\u00e4dett\u00e4v\u00e4 kiristysny\u00f6ri helmassa ja vy\u00f6t\u00e4r\u00f6ll\u00e4<\/li>\n<li>Kaksi etutaskua n\u00e4kym\u00e4tt\u00f6mill\u00e4 magneettinapeilla<\/li>\n<li>Kaksi fleecevuorattua sivutaskua<\/li>\n<li>Kaksi sis\u00e4verkkotaskua<\/li>\n<li>Sis\u00e4inen vetoketjullinen rintatasku<\/li>\n<li>Pelle P -logollinen vetoketjun vedin edess\u00e4<\/li>\n<li>Ripustuslenkki sel\u00e4ss\u00e4<\/li>\n<li>Heijastavat P-logot sel\u00e4ss\u00e4 ja rinnassa<\/li>\n<li>&#8221;True Experience&#8221; -painatus sis\u00e4vuorissa<\/li>\n<li>V\u00e4lj\u00e4 mitoitus<\/li>\n<li>Koko L sel\u00e4n pituus: 76 cm<\/li>\n<\/ul>\n<p><!--EndFragment --><\/p>\n","protected":false},"excerpt":{"rendered":"<p><!--StartFragment --><\/p>\n<p>Miesten kevyt toppaliivi<\/p>\n<p><!--EndFragment --><\/p>\n","protected":false},"featured_media":51922,"template":"","meta":{"_acf_changed":false},"pwb-brand":[838],"product_brand":[],"product_cat":[876,777,702],"product_tag":[],"woo-feed-brand":[],"class_list":{"0":"post-53075","1":"product","2":"type-product","3":"status-publish","4":"has-post-thumbnail","6":"pwb-brand-pelle-petterson-fi","7":"product_cat-edullinen-hinta-miehet-fi","8":"product_cat-miehet","9":"product_cat-paallysvaatteet-miehet","11":"first","12":"instock","13":"sale","14":"taxable","15":"shipping-taxable","16":"purchasable","17":"product-type-variable","18":"wvs-archive-product-wrapper"},"acf":[],"brands":[{"id":838,"name":"Pelle Petterson","slug":"pelle-petterson-fi"}],"_links":{"self":[{"href":"https:\/\/nautical.store\/fi\/wp-json\/wp\/v2\/product\/53075","targetHints":{"allow":["GET"]}}],"collection":[{"href":"https:\/\/nautical.store\/fi\/wp-json\/wp\/v2\/product"}],"about":[{"href":"https:\/\/nautical.store\/fi\/wp-json\/wp\/v2\/types\/product"}],"wp:featuredmedia":[{"embeddable":true,"href":"https:\/\/nautical.store\/fi\/wp-json\/wp\/v2\/media\/51922"}],"wp:attachment":[{"href":"https:\/\/nautical.store\/fi\/wp-json\/wp\/v2\/media?parent=53075"}],"wp:term":[{"taxonomy":"pwb-brand","embeddable":true,"href":"https:\/\/nautical.store\/fi\/wp-json\/wp\/v2\/pwb-brand?post=53075"},{"taxonomy":"product_brand","embeddable":true,"href":"https:\/\/nautical.store\/fi\/wp-json\/wp\/v2\/product_brand?post=53075"},{"taxonomy":"product_cat","embeddable":true,"href":"https:\/\/nautical.store\/fi\/wp-json\/wp\/v2\/product_cat?post=53075"},{"taxonomy":"product_tag","embeddable":true,"href":"https:\/\/nautical.store\/fi\/wp-json\/wp\/v2\/product_tag?post=53075"},{"taxonomy":"woo-feed-brand","embeddable":true,"href":"https:\/\/nautical.store\/fi\/wp-json\/wp\/v2\/woo-feed-brand?post=53075"}],"curies":[{"name":"wp","href":"https:\/\/api.w.org\/{rel}","templated":true}]}}