{"id":53084,"date":"2023-09-13T21:01:12","date_gmt":"2023-09-13T18:01:12","guid":{"rendered":"https:\/\/www.nautical.store\/toode\/richemont-takki\/"},"modified":"2026-01-22T14:41:09","modified_gmt":"2026-01-22T12:41:09","slug":"richemont-untuvatakki","status":"publish","type":"product","link":"https:\/\/nautical.store\/fi\/tuote\/richemont-untuvatakki\/","title":{"rendered":"PelleP Richemont &#8211; miesten untuvatakki"},"content":{"rendered":"<p><!--StartFragment --><\/p>\n<p>Pysy l\u00e4mpim\u00e4n\u00e4, kun l\u00e4mp\u00f6tila laskee \u2013 innovatiivinen Q3-rakenne pit\u00e4\u00e4 l\u00e4mm\u00f6n sis\u00e4ll\u00e4. Useimmat untuvatakit valmistetaan kanavarakenteella, jossa eristeen v\u00e4liin j\u00e4\u00e4v\u00e4t ompeleet voivat p\u00e4\u00e4st\u00e4\u00e4 l\u00e4mp\u00f6\u00e4 ulos. Richemont-takki sen sijaan hy\u00f6dynt\u00e4\u00e4 kolmiulotteisia kuutiorakenteita, jotka jakavat korkealaatuisen RDS-sertifioidun untuvan tasaisesti ilman erist\u00e4m\u00e4tt\u00f6mi\u00e4 kohtia \u2013 n\u00e4in l\u00e4mp\u00f6 pysyy tehokkaasti sis\u00e4ll\u00e4.<\/p>\n<p>Miesten takki on valmistettu kest\u00e4v\u00e4st\u00e4, vett\u00e4hylkiv\u00e4st\u00e4 ulkokankaasta. Siin\u00e4 on kaksi sivutaskua ja kaksi rintataskua tukevilla YKK-vetoketjuilla sek\u00e4 irrotettava huppu.<\/p>\n<ul>\n<li>100 % polyesteri\u00e4<\/li>\n<li>Vett\u00e4hylkiv\u00e4 ja hengitt\u00e4v\u00e4 joustava membraanikangas<\/li>\n<li>6 taskua: kaksi sivutaskua YKK Metalux -vetoketjuilla, kaksi rintataskua ja kaksi sis\u00e4taskua<\/li>\n<li>P-logolla varustettu kiristysnauha hupussa<\/li>\n<li>Irrotettava huppu<\/li>\n<li>Heijastavat P-logot hupussa ja kauluksessa<\/li>\n<li>Kuminen P-logo vasemmassa hihassa<\/li>\n<li>S\u00e4\u00e4dett\u00e4v\u00e4 kiristysnauha helmassa<\/li>\n<li>Piilotettu skipass-tasku vasemmassa hihassa<\/li>\n<li>Normaali istuvuus<\/li>\n<li>RDS-sertifioitu (Responsible Down Standard)<\/li>\n<li>Koko L, sel\u00e4n pituus: 82 cm<\/li>\n<\/ul>\n<p><!--EndFragment --><\/p>\n","protected":false},"excerpt":{"rendered":"<p>Miesten l\u00e4mmin untuvatakki<\/p>\n","protected":false},"featured_media":51864,"template":"","meta":{"_acf_changed":false},"pwb-brand":[838],"product_brand":[],"product_cat":[777,702],"product_tag":[],"woo-feed-brand":[],"class_list":{"0":"post-53084","1":"product","2":"type-product","3":"status-publish","4":"has-post-thumbnail","6":"pwb-brand-pelle-petterson-fi","7":"product_cat-miehet","8":"product_cat-paallysvaatteet-miehet","10":"first","11":"outofstock","12":"taxable","13":"shipping-taxable","14":"product-type-variable","15":"wvs-archive-product-wrapper"},"acf":[],"brands":[{"id":838,"name":"Pelle Petterson","slug":"pelle-petterson-fi"}],"_links":{"self":[{"href":"https:\/\/nautical.store\/fi\/wp-json\/wp\/v2\/product\/53084","targetHints":{"allow":["GET"]}}],"collection":[{"href":"https:\/\/nautical.store\/fi\/wp-json\/wp\/v2\/product"}],"about":[{"href":"https:\/\/nautical.store\/fi\/wp-json\/wp\/v2\/types\/product"}],"wp:featuredmedia":[{"embeddable":true,"href":"https:\/\/nautical.store\/fi\/wp-json\/wp\/v2\/media\/51864"}],"wp:attachment":[{"href":"https:\/\/nautical.store\/fi\/wp-json\/wp\/v2\/media?parent=53084"}],"wp:term":[{"taxonomy":"pwb-brand","embeddable":true,"href":"https:\/\/nautical.store\/fi\/wp-json\/wp\/v2\/pwb-brand?post=53084"},{"taxonomy":"product_brand","embeddable":true,"href":"https:\/\/nautical.store\/fi\/wp-json\/wp\/v2\/product_brand?post=53084"},{"taxonomy":"product_cat","embeddable":true,"href":"https:\/\/nautical.store\/fi\/wp-json\/wp\/v2\/product_cat?post=53084"},{"taxonomy":"product_tag","embeddable":true,"href":"https:\/\/nautical.store\/fi\/wp-json\/wp\/v2\/product_tag?post=53084"},{"taxonomy":"woo-feed-brand","embeddable":true,"href":"https:\/\/nautical.store\/fi\/wp-json\/wp\/v2\/woo-feed-brand?post=53084"}],"curies":[{"name":"wp","href":"https:\/\/api.w.org\/{rel}","templated":true}]}}