{"id":53089,"date":"2023-09-13T20:17:49","date_gmt":"2023-09-13T17:17:49","guid":{"rendered":"https:\/\/www.nautical.store\/toode\/tempest-takki\/"},"modified":"2026-01-22T14:50:09","modified_gmt":"2026-01-22T12:50:09","slug":"tempest-takki","status":"publish","type":"product","link":"https:\/\/nautical.store\/fi\/tuote\/tempest-takki\/","title":{"rendered":"Pelle P Miesten Takki Tempest"},"content":{"rendered":"<p><!--StartFragment --><\/p>\n<p>Tempest-takki on tuulenpit\u00e4v\u00e4 ja l\u00e4mmin, untuvat\u00e4ytteet\u00f6n vaihtoehto vaihteleviin s\u00e4\u00e4olosuhteisiin siirtym\u00e4kausina. Tyylik\u00e4s ja elegantti muotoilu yhdistettyn\u00e4 poikkeuksellisen mukavaan istuvuuteen tekee siit\u00e4 erinomaisen valinnan jokap\u00e4iv\u00e4iseen k\u00e4ytt\u00f6\u00f6n. Irrotettava huppu lis\u00e4\u00e4 monik\u00e4ytt\u00f6isyytt\u00e4, ja takkia voi k\u00e4ytt\u00e4\u00e4 my\u00f6s toisen takin alla. Tempest-takki vie vain v\u00e4h\u00e4n tilaa ja on helppo pakata reppuun.<\/p>\n<p>Uusien resurssien k\u00e4ytt\u00f6\u00e4 v\u00e4hent\u00e4\u00e4kseen takin vuori on valmistettu 100 % kierr\u00e4tetyst\u00e4 polyesterist\u00e4, joka on per\u00e4isin PET-pulloista. Materiaali muistuttaa untuvaa ja on joustava sek\u00e4 miellytt\u00e4v\u00e4 k\u00e4ytt\u00e4\u00e4. Takissa on k\u00e4tev\u00e4 sis\u00e4tasku tarrakiinnityksell\u00e4 nopeaa k\u00e4ytt\u00f6\u00e4 varten sek\u00e4 kaksi avointa sivutaskua, joissa k\u00e4det pysyv\u00e4t l\u00e4mpimin\u00e4 liikkeell\u00e4 ollessa. Heijastavat painatukset rinnassa ja hupussa parantavat n\u00e4kyvyytt\u00e4 pime\u00e4ss\u00e4.<\/p>\n<ul>\n<li>Irrotettava huppu<\/li>\n<li>S\u00e4\u00e4dett\u00e4v\u00e4 kiristysnauha hupussa<\/li>\n<li>P-logomerkki vasemmassa hihassa<\/li>\n<li>Pelle P -heijastuspainatus rinnassa<\/li>\n<li>P-logon heijastuspainatus hupussa<\/li>\n<li>Sel\u00e4n pituus koossa L: 69 cm<\/li>\n<\/ul>\n<p><!--EndFragment --><\/p>\n","protected":false},"excerpt":{"rendered":"<p>Kevyt ja l\u00e4mmin tuulenpit\u00e4v\u00e4 takki<\/p>\n","protected":false},"featured_media":87289,"template":"","meta":{"_acf_changed":false},"pwb-brand":[838],"product_brand":[],"product_cat":[777,702],"product_tag":[],"woo-feed-brand":[],"class_list":{"0":"post-53089","1":"product","2":"type-product","3":"status-publish","4":"has-post-thumbnail","6":"pwb-brand-pelle-petterson-fi","7":"product_cat-miehet","8":"product_cat-paallysvaatteet-miehet","10":"first","11":"instock","12":"sale","13":"taxable","14":"shipping-taxable","15":"purchasable","16":"product-type-variable","17":"wvs-archive-product-wrapper"},"acf":[],"brands":[{"id":838,"name":"Pelle Petterson","slug":"pelle-petterson-fi"}],"_links":{"self":[{"href":"https:\/\/nautical.store\/fi\/wp-json\/wp\/v2\/product\/53089","targetHints":{"allow":["GET"]}}],"collection":[{"href":"https:\/\/nautical.store\/fi\/wp-json\/wp\/v2\/product"}],"about":[{"href":"https:\/\/nautical.store\/fi\/wp-json\/wp\/v2\/types\/product"}],"wp:featuredmedia":[{"embeddable":true,"href":"https:\/\/nautical.store\/fi\/wp-json\/wp\/v2\/media\/87289"}],"wp:attachment":[{"href":"https:\/\/nautical.store\/fi\/wp-json\/wp\/v2\/media?parent=53089"}],"wp:term":[{"taxonomy":"pwb-brand","embeddable":true,"href":"https:\/\/nautical.store\/fi\/wp-json\/wp\/v2\/pwb-brand?post=53089"},{"taxonomy":"product_brand","embeddable":true,"href":"https:\/\/nautical.store\/fi\/wp-json\/wp\/v2\/product_brand?post=53089"},{"taxonomy":"product_cat","embeddable":true,"href":"https:\/\/nautical.store\/fi\/wp-json\/wp\/v2\/product_cat?post=53089"},{"taxonomy":"product_tag","embeddable":true,"href":"https:\/\/nautical.store\/fi\/wp-json\/wp\/v2\/product_tag?post=53089"},{"taxonomy":"woo-feed-brand","embeddable":true,"href":"https:\/\/nautical.store\/fi\/wp-json\/wp\/v2\/woo-feed-brand?post=53089"}],"curies":[{"name":"wp","href":"https:\/\/api.w.org\/{rel}","templated":true}]}}