{"id":53103,"date":"2023-09-12T16:38:46","date_gmt":"2023-09-12T13:38:46","guid":{"rendered":"https:\/\/www.nautical.store\/toode\/w-calor-housut\/"},"modified":"2026-02-23T11:17:46","modified_gmt":"2026-02-23T09:17:46","slug":"calor-housut-2","status":"publish","type":"product","link":"https:\/\/nautical.store\/fi\/tuote\/calor-housut-2\/","title":{"rendered":"PelleP Naisten Calor-housut"},"content":{"rendered":"<p><!--StartFragment --><\/p>\n<p>Tyylikk\u00e4\u00e4t ja toiminnalliset housut pehme\u00e4ll\u00e4 fleecesisuksella<\/p>\n<p>Mukavat ja joustavat housut, joissa on suora lahje ja harjattu fleece sis\u00e4puolella \u2013 t\u00e4ydelliset viile\u00e4mpiin p\u00e4iviin.<\/p>\n<ul>\n<li>Materiaali: 92 % polyesteri\u00e4, 8 % elastaania<\/li>\n<li>Sis\u00e4pinta pehme\u00e4\u00e4 harjattua fleece\u00e4<\/li>\n<li>5 taskua: 2 sivutaskua, 2 takataskua (toinen nepparilla, toinen silikoninauhalla esim. golfhanskan kiinnitykseen) ja pieni kolikkotasku<\/li>\n<li>Edess\u00e4 my\u00f6s erillinen korttitasku<\/li>\n<li>Kiinnitys nepparilla ja hakasella \u2013 mukava ja varma istuvuus<\/li>\n<li>Vy\u00f6lenkit<\/li>\n<li>P-kirjontayksityiskohta takataskun alla<\/li>\n<li>YKK-vetoketju edess\u00e4<\/li>\n<li>Suora leikkaus<\/li>\n<\/ul>\n<p><!--EndFragment --><\/p>\n","protected":false},"excerpt":{"rendered":"<p>Mukavat ja l\u00e4mpim\u00e4t naisten housut<\/p>\n","protected":false},"featured_media":86173,"template":"","meta":{"_acf_changed":false},"pwb-brand":[838],"product_brand":[],"product_cat":[1180,640,827,1260,726],"product_tag":[],"woo-feed-brand":[],"class_list":{"0":"post-53103","1":"product","2":"type-product","3":"status-publish","4":"has-post-thumbnail","6":"pwb-brand-pelle-petterson-fi","7":"product_cat-golf-fi","8":"product_cat-housut-fi","9":"product_cat-naiset","10":"product_cat-naisten-golfvaatteet","11":"product_cat-tekniset-vaatteet-naiset","13":"first","14":"instock","15":"taxable","16":"shipping-taxable","17":"purchasable","18":"product-type-variable","19":"wvs-archive-product-wrapper"},"acf":[],"brands":[{"id":838,"name":"Pelle Petterson","slug":"pelle-petterson-fi"}],"_links":{"self":[{"href":"https:\/\/nautical.store\/fi\/wp-json\/wp\/v2\/product\/53103","targetHints":{"allow":["GET"]}}],"collection":[{"href":"https:\/\/nautical.store\/fi\/wp-json\/wp\/v2\/product"}],"about":[{"href":"https:\/\/nautical.store\/fi\/wp-json\/wp\/v2\/types\/product"}],"wp:featuredmedia":[{"embeddable":true,"href":"https:\/\/nautical.store\/fi\/wp-json\/wp\/v2\/media\/86173"}],"wp:attachment":[{"href":"https:\/\/nautical.store\/fi\/wp-json\/wp\/v2\/media?parent=53103"}],"wp:term":[{"taxonomy":"pwb-brand","embeddable":true,"href":"https:\/\/nautical.store\/fi\/wp-json\/wp\/v2\/pwb-brand?post=53103"},{"taxonomy":"product_brand","embeddable":true,"href":"https:\/\/nautical.store\/fi\/wp-json\/wp\/v2\/product_brand?post=53103"},{"taxonomy":"product_cat","embeddable":true,"href":"https:\/\/nautical.store\/fi\/wp-json\/wp\/v2\/product_cat?post=53103"},{"taxonomy":"product_tag","embeddable":true,"href":"https:\/\/nautical.store\/fi\/wp-json\/wp\/v2\/product_tag?post=53103"},{"taxonomy":"woo-feed-brand","embeddable":true,"href":"https:\/\/nautical.store\/fi\/wp-json\/wp\/v2\/woo-feed-brand?post=53103"}],"curies":[{"name":"wp","href":"https:\/\/api.w.org\/{rel}","templated":true}]}}