{"id":53113,"date":"2023-09-12T15:12:31","date_gmt":"2023-09-12T12:12:31","guid":{"rendered":"https:\/\/www.nautical.store\/toode\/w-molle-takki\/"},"modified":"2025-11-14T10:54:57","modified_gmt":"2025-11-14T08:54:57","slug":"molle-talvitakki-2","status":"publish","type":"product","link":"https:\/\/nautical.store\/fi\/tuote\/molle-talvitakki-2\/","title":{"rendered":"PelleP Molle talvitakki"},"content":{"rendered":"<p><!--StartFragment --><\/p>\n<p>T\u00e4m\u00e4 takki on valmistettu kierr\u00e4tetyst\u00e4 polyesterist\u00e4, ja sen pallokuitueriste koostuu 30 % Sorona\u00ae-kuidusta ja 70 % PET-pulloista valmistetusta kierr\u00e4tetyst\u00e4 polyesterist\u00e4. P\u00e4\u00e4llikangas on vett\u00e4hylkiv\u00e4 ja k\u00e4sitelty PFC-vapaalla DWR-viimeistelyll\u00e4. Edess\u00e4 on mattamusta YKK VISLON\u00ae Soft Touch -kaksisuuntainen vetoketju, kaksi etutaskua piilotetuilla magneettinapeilla sek\u00e4 kaksi fleecevuorattua sivutaskua. Sis\u00e4puolelta l\u00f6ytyy kaksi verkkotaskua ja vetoketjullinen rintatasku. Vy\u00f6t\u00e4r\u00f6ll\u00e4 ja helmassa on s\u00e4\u00e4dett\u00e4v\u00e4t kiristysny\u00f6rit, ja hihansuiden sis\u00e4puolella joustavat resorit, jotka takaavat joustavan istuvuuden. Takissa on irrotettava huppu, heijastavat P-logoyksityiskohdat hupussa, kauluksessa ja selk\u00e4puolella sek\u00e4 kuminen metallimerkki hihassa. V\u00e4lj\u00e4 mitoitus. Tuotekuvat vastaavat tarkasti takin ulkon\u00e4k\u00f6\u00e4 ja yksityiskohtia.<\/p>\n<ul>\n<li>Materiaali: 100 % kierr\u00e4tetty polyesteri<\/li>\n<li>Eriste: 30 % Sorona\u00ae, 70 % kierr\u00e4tetty polyesteri PET-pulloista<\/li>\n<li>Vett\u00e4hylkiv\u00e4 kangas<\/li>\n<li>PFC-vapaa DWR-k\u00e4sittely<\/li>\n<li>YKK VISLON\u00ae Soft Touch mattamusta kaksisuuntainen vetoketju edess\u00e4<\/li>\n<li>2 etutaskua piilotetuilla magneettinapeilla<\/li>\n<li>2 fleecevuorattua sivutaskua<\/li>\n<li>2 sis\u00e4verkkotaskua<\/li>\n<li>Vetoketjullinen sis\u00e4rintatasku<\/li>\n<li>S\u00e4\u00e4dett\u00e4v\u00e4t kiristysny\u00f6rit vy\u00f6t\u00e4r\u00f6ll\u00e4 ja helmassa<\/li>\n<li>Piilotetut magneettinapit etulistassa<\/li>\n<li>Joustavat hihansuut hihan sis\u00e4puolella<\/li>\n<li>Vetoketjun vedin Pelle P -logolla<\/li>\n<li>Hupussa P-logolla varustettu kiristysny\u00f6ri<\/li>\n<li>Ripustuslenkki sel\u00e4ss\u00e4<\/li>\n<li>Irrotettava huppu<\/li>\n<li>Heijastavat P-logot hupussa, kauluksessa ja sel\u00e4ss\u00e4<\/li>\n<li>&#8221;True experience&#8221; -painatus sis\u00e4vuorissa<\/li>\n<li>Kuminen metallinen P-logo hihassa<\/li>\n<li>Koko M sel\u00e4n pituus: 73 cm<\/li>\n<\/ul>\n<p><!--EndFragment --><\/p>\n","protected":false},"excerpt":{"rendered":"<p>Kevyt ja l\u00e4mmin naisten talvitakki<\/p>\n","protected":false},"featured_media":90218,"template":"","meta":{"_acf_changed":false},"pwb-brand":[838],"product_brand":[],"product_cat":[877,827,617],"product_tag":[],"woo-feed-brand":[],"class_list":{"0":"post-53113","1":"product","2":"type-product","3":"status-publish","4":"has-post-thumbnail","6":"pwb-brand-pelle-petterson-fi","7":"product_cat-edullinen-hinta-naiset","8":"product_cat-naiset","9":"product_cat-paallysvaatteet","11":"first","12":"instock","13":"sale","14":"taxable","15":"shipping-taxable","16":"purchasable","17":"product-type-variable","18":"wvs-archive-product-wrapper"},"acf":[],"brands":[{"id":838,"name":"Pelle Petterson","slug":"pelle-petterson-fi"}],"_links":{"self":[{"href":"https:\/\/nautical.store\/fi\/wp-json\/wp\/v2\/product\/53113","targetHints":{"allow":["GET"]}}],"collection":[{"href":"https:\/\/nautical.store\/fi\/wp-json\/wp\/v2\/product"}],"about":[{"href":"https:\/\/nautical.store\/fi\/wp-json\/wp\/v2\/types\/product"}],"wp:featuredmedia":[{"embeddable":true,"href":"https:\/\/nautical.store\/fi\/wp-json\/wp\/v2\/media\/90218"}],"wp:attachment":[{"href":"https:\/\/nautical.store\/fi\/wp-json\/wp\/v2\/media?parent=53113"}],"wp:term":[{"taxonomy":"pwb-brand","embeddable":true,"href":"https:\/\/nautical.store\/fi\/wp-json\/wp\/v2\/pwb-brand?post=53113"},{"taxonomy":"product_brand","embeddable":true,"href":"https:\/\/nautical.store\/fi\/wp-json\/wp\/v2\/product_brand?post=53113"},{"taxonomy":"product_cat","embeddable":true,"href":"https:\/\/nautical.store\/fi\/wp-json\/wp\/v2\/product_cat?post=53113"},{"taxonomy":"product_tag","embeddable":true,"href":"https:\/\/nautical.store\/fi\/wp-json\/wp\/v2\/product_tag?post=53113"},{"taxonomy":"woo-feed-brand","embeddable":true,"href":"https:\/\/nautical.store\/fi\/wp-json\/wp\/v2\/woo-feed-brand?post=53113"}],"curies":[{"name":"wp","href":"https:\/\/api.w.org\/{rel}","templated":true}]}}