{"id":53122,"date":"2023-09-09T18:26:21","date_gmt":"2023-09-09T15:26:21","guid":{"rendered":"https:\/\/www.nautical.store\/toode\/w-richemont-takki\/"},"modified":"2025-11-14T10:57:12","modified_gmt":"2025-11-14T08:57:12","slug":"richemont-untuvatakki-3","status":"publish","type":"product","link":"https:\/\/nautical.store\/fi\/tuote\/richemont-untuvatakki-3\/","title":{"rendered":"PelleP Richemont naisten untuvatakki"},"content":{"rendered":"<p><!--StartFragment --><\/p>\n<p>Pysy l\u00e4mpim\u00e4n\u00e4 l\u00e4mp\u00f6tilan laskiessa innovatiivisen Q3-kanavarakenteen ansiosta: tavallisesti untuvatakit valmistetaan ommelluista kanavista, joiden saumat muodostavat &#8221;heikkoja kohtia&#8221;, joista l\u00e4mp\u00f6 p\u00e4\u00e4see helposti karkaamaan. Richemont-takki on sen sijaan valmistettu kolmiulotteisista kuutioista, jotka jakavat korkealaatuisen RDS-sertifioidun untuvan tasaisesti ilman erist\u00e4m\u00e4tt\u00f6mi\u00e4 alueita \u2013 n\u00e4in l\u00e4mp\u00f6 pysyy tehokkaasti sis\u00e4ll\u00e4. Naisten takki on valmistettu kest\u00e4v\u00e4st\u00e4 ja vedenpit\u00e4v\u00e4st\u00e4 p\u00e4\u00e4lliskankaasta, siin\u00e4 on kaksi sivutaskua ja kaksi rintataskua tukevilla YKK-vetoketjuilla sek\u00e4 irrotettava huppu. Eritt\u00e4in l\u00e4mmin ja mukava naisten untuvatakki.<\/p>\n<ul>\n<li>S\u00e4\u00e4nkest\u00e4v\u00e4 ja hengitt\u00e4v\u00e4 materiaali<\/li>\n<li>Takissa yhteens\u00e4 6 taskua: 2 sivutaskua, 2 rintataskua ja 2 sis\u00e4taskua<\/li>\n<li>Hupussa kiristysnauha ja irrotettava rakenne<\/li>\n<li>Hupussa heijastava P-logo ja vasemmassa hihassa brodeerattu P-logo<\/li>\n<li>Helman sivuilla 3 nepparia, jotka avattuna mahdollistavat pidemm\u00e4n askeleen<\/li>\n<li>Koko S sel\u00e4n pituus: 129 cm<\/li>\n<li>Mallin pituus 170 cm, k\u00e4ytt\u00e4\u00e4 kokoa S<\/li>\n<\/ul>\n<p><!--EndFragment --><\/p>\n","protected":false},"excerpt":{"rendered":"<p>Naisten l\u00e4mmin ja mukava untuvatakki<\/p>\n","protected":false},"featured_media":88554,"template":"","meta":{"_acf_changed":false},"pwb-brand":[838],"product_brand":[],"product_cat":[827,617],"product_tag":[],"woo-feed-brand":[],"class_list":{"0":"post-53122","1":"product","2":"type-product","3":"status-publish","4":"has-post-thumbnail","6":"pwb-brand-pelle-petterson-fi","7":"product_cat-naiset","8":"product_cat-paallysvaatteet","10":"first","11":"instock","12":"taxable","13":"shipping-taxable","14":"purchasable","15":"product-type-variable","16":"wvs-archive-product-wrapper"},"acf":[],"brands":[{"id":838,"name":"Pelle Petterson","slug":"pelle-petterson-fi"}],"_links":{"self":[{"href":"https:\/\/nautical.store\/fi\/wp-json\/wp\/v2\/product\/53122","targetHints":{"allow":["GET"]}}],"collection":[{"href":"https:\/\/nautical.store\/fi\/wp-json\/wp\/v2\/product"}],"about":[{"href":"https:\/\/nautical.store\/fi\/wp-json\/wp\/v2\/types\/product"}],"wp:featuredmedia":[{"embeddable":true,"href":"https:\/\/nautical.store\/fi\/wp-json\/wp\/v2\/media\/88554"}],"wp:attachment":[{"href":"https:\/\/nautical.store\/fi\/wp-json\/wp\/v2\/media?parent=53122"}],"wp:term":[{"taxonomy":"pwb-brand","embeddable":true,"href":"https:\/\/nautical.store\/fi\/wp-json\/wp\/v2\/pwb-brand?post=53122"},{"taxonomy":"product_brand","embeddable":true,"href":"https:\/\/nautical.store\/fi\/wp-json\/wp\/v2\/product_brand?post=53122"},{"taxonomy":"product_cat","embeddable":true,"href":"https:\/\/nautical.store\/fi\/wp-json\/wp\/v2\/product_cat?post=53122"},{"taxonomy":"product_tag","embeddable":true,"href":"https:\/\/nautical.store\/fi\/wp-json\/wp\/v2\/product_tag?post=53122"},{"taxonomy":"woo-feed-brand","embeddable":true,"href":"https:\/\/nautical.store\/fi\/wp-json\/wp\/v2\/woo-feed-brand?post=53122"}],"curies":[{"name":"wp","href":"https:\/\/api.w.org\/{rel}","templated":true}]}}