{"id":53160,"date":"2023-09-09T18:27:36","date_gmt":"2023-09-09T15:27:36","guid":{"rendered":"https:\/\/www.nautical.store\/toode\/w-richemont-takki-2\/"},"modified":"2025-11-14T11:47:50","modified_gmt":"2025-11-14T09:47:50","slug":"richemont-untuvatakki-2","status":"publish","type":"product","link":"https:\/\/nautical.store\/fi\/tuote\/richemont-untuvatakki-2\/","title":{"rendered":"PelleP Richemont Untuvatakki"},"content":{"rendered":"<p><!--StartFragment --><\/p>\n<p>Pysy l\u00e4mpim\u00e4n\u00e4, kun l\u00e4mp\u00f6tila laskee \u2013 innovatiivinen Q3-rakenne pit\u00e4\u00e4 l\u00e4mm\u00f6n tehokkaasti sis\u00e4ll\u00e4. Useimmat untuvatakit valmistetaan kanavarakenteella, jossa ompeleet muodostavat &#8221;heikkoja kohtia&#8221;, joista l\u00e4mp\u00f6 p\u00e4\u00e4see helposti karkaamaan. Richemont-takki on sen sijaan valmistettu kolmiulotteisista kuutioista, jotka jakavat korkealaatuisen RDS-sertifioidun untuvan tasaisesti ilman erist\u00e4m\u00e4tt\u00f6mi\u00e4 alueita \u2013 n\u00e4in l\u00e4mp\u00f6 pysyy takin sis\u00e4ll\u00e4. Naisten takki on valmistettu kest\u00e4v\u00e4st\u00e4 kankaasta, jonka p\u00e4\u00e4llikerros on vedenpit\u00e4v\u00e4.<br \/>\nTakissa on kaksi sivutaskua ja kaksi rintataskua tukevilla YKK-vetoketjuilla sek\u00e4 irrotettava huppu. Mukava istuvuus ja k\u00e4yt\u00e4nn\u00f6lliset yksityiskohdat tekev\u00e4t siit\u00e4 t\u00e4ydellisen kumppanin kylmiin ja kosteisiin p\u00e4iviin.<\/p>\n<ul>\n<li>100 % polyesteri\u00e4<\/li>\n<li>Vedenpit\u00e4v\u00e4 ja hengitt\u00e4v\u00e4 joustava membraanikangas<\/li>\n<li>T\u00e4yte: korkealaatuinen 90\/10 untuvaseos<\/li>\n<li>RDS-sertifioitu \u2013 vastuullisen untuvan standardi<\/li>\n<li>Q3-rakenne parempaan l\u00e4mm\u00f6neristykseen<\/li>\n<li>6 taskua: kaksi sivutaskua YKK Metaluxe -vetoketjuilla, kaksi rintataskua, kaksi sis\u00e4taskua<\/li>\n<li>P-logolla varustettu kiristysnauha hupussa<\/li>\n<li>Irrotettava huppu<\/li>\n<li>Heijastavat yksityiskohdat hupussa ja kauluksessa<\/li>\n<li>Kuminen P-logo vasemmassa hihassa<\/li>\n<li>S\u00e4\u00e4dett\u00e4v\u00e4 kiristysnauha helmassa<\/li>\n<li>Piilotettu skipass-tasku vasemmassa hihassa<\/li>\n<li>Normaali istuvuus<\/li>\n<li>Koko L, sel\u00e4n pituus: 82 cm<\/li>\n<\/ul>\n<p><!--EndFragment --><\/p>\n","protected":false},"excerpt":{"rendered":"<p>Naisten l\u00e4mmin untuvatakki<\/p>\n","protected":false},"featured_media":51473,"template":"","meta":{"_acf_changed":false},"pwb-brand":[838],"product_brand":[],"product_cat":[877,827,617],"product_tag":[],"woo-feed-brand":[],"class_list":{"0":"post-53160","1":"product","2":"type-product","3":"status-publish","4":"has-post-thumbnail","6":"pwb-brand-pelle-petterson-fi","7":"product_cat-edullinen-hinta-naiset","8":"product_cat-naiset","9":"product_cat-paallysvaatteet","11":"first","12":"outofstock","13":"taxable","14":"shipping-taxable","15":"product-type-variable","16":"wvs-archive-product-wrapper"},"acf":[],"brands":[{"id":838,"name":"Pelle Petterson","slug":"pelle-petterson-fi"}],"_links":{"self":[{"href":"https:\/\/nautical.store\/fi\/wp-json\/wp\/v2\/product\/53160","targetHints":{"allow":["GET"]}}],"collection":[{"href":"https:\/\/nautical.store\/fi\/wp-json\/wp\/v2\/product"}],"about":[{"href":"https:\/\/nautical.store\/fi\/wp-json\/wp\/v2\/types\/product"}],"wp:featuredmedia":[{"embeddable":true,"href":"https:\/\/nautical.store\/fi\/wp-json\/wp\/v2\/media\/51473"}],"wp:attachment":[{"href":"https:\/\/nautical.store\/fi\/wp-json\/wp\/v2\/media?parent=53160"}],"wp:term":[{"taxonomy":"pwb-brand","embeddable":true,"href":"https:\/\/nautical.store\/fi\/wp-json\/wp\/v2\/pwb-brand?post=53160"},{"taxonomy":"product_brand","embeddable":true,"href":"https:\/\/nautical.store\/fi\/wp-json\/wp\/v2\/product_brand?post=53160"},{"taxonomy":"product_cat","embeddable":true,"href":"https:\/\/nautical.store\/fi\/wp-json\/wp\/v2\/product_cat?post=53160"},{"taxonomy":"product_tag","embeddable":true,"href":"https:\/\/nautical.store\/fi\/wp-json\/wp\/v2\/product_tag?post=53160"},{"taxonomy":"woo-feed-brand","embeddable":true,"href":"https:\/\/nautical.store\/fi\/wp-json\/wp\/v2\/woo-feed-brand?post=53160"}],"curies":[{"name":"wp","href":"https:\/\/api.w.org\/{rel}","templated":true}]}}