{"id":53164,"date":"2023-09-08T19:40:21","date_gmt":"2023-09-08T16:40:21","guid":{"rendered":"https:\/\/www.nautical.store\/toode\/w-zonda-jugo-takki\/"},"modified":"2025-11-11T21:04:53","modified_gmt":"2025-11-11T19:04:53","slug":"zonda-jugo-talvitakki","status":"publish","type":"product","link":"https:\/\/nautical.store\/fi\/tuote\/zonda-jugo-talvitakki\/","title":{"rendered":"PelleO Zonda Jugo Talvitakki"},"content":{"rendered":"<p><!--StartFragment --><\/p>\n<p>Naisten tuulenpit\u00e4v\u00e4 talvitakki hupulla<\/p>\n<p>T\u00e4m\u00e4 takki on suunniteltu kylmiin ja tuulisiin olosuhteisiin. Siin\u00e4 on kaksi vetoketjullista etutaskua ja yksi verkkotasku takana. Selk\u00e4puolella heijastava P-logo lis\u00e4\u00e4 n\u00e4kyvyytt\u00e4. Joustavat hihansuut ja s\u00e4\u00e4dett\u00e4v\u00e4 huppu kiristysnauhoilla takaavat mukavan istuvuuden.<\/p>\n<ul>\n<li>Materiaali: 100 % polyesteri\u00e4<\/li>\n<li>Tuulenpit\u00e4v\u00e4<\/li>\n<li>Heijastava P-logo sel\u00e4ss\u00e4<\/li>\n<li>Joustavat hihansuut<\/li>\n<li>S\u00e4\u00e4dett\u00e4v\u00e4 huppu kiristysnauhoilla<\/li>\n<li>Kaksi vetoketjullista etutaskua<\/li>\n<li>Verkkotasku takana<\/li>\n<li>Normaali istuvuus<\/li>\n<li>Koko M: sel\u00e4n pituus 64 cm<\/li>\n<\/ul>\n<p><!--EndFragment --><\/p>\n","protected":false},"excerpt":{"rendered":"<p>Naisten takki hupulla<\/p>\n","protected":false},"featured_media":51111,"template":"","meta":{"_acf_changed":false},"pwb-brand":[838],"product_brand":[],"product_cat":[877,2183,617],"product_tag":[],"woo-feed-brand":[],"class_list":{"0":"post-53164","1":"product","2":"type-product","3":"status-publish","4":"has-post-thumbnail","6":"pwb-brand-pelle-petterson-fi","7":"product_cat-edullinen-hinta-naiset","8":"product_cat-outlet-fi","9":"product_cat-paallysvaatteet","11":"first","12":"instock","13":"sale","14":"taxable","15":"shipping-taxable","16":"purchasable","17":"product-type-variable","18":"wvs-archive-product-wrapper"},"acf":[],"brands":[{"id":838,"name":"Pelle Petterson","slug":"pelle-petterson-fi"}],"_links":{"self":[{"href":"https:\/\/nautical.store\/fi\/wp-json\/wp\/v2\/product\/53164","targetHints":{"allow":["GET"]}}],"collection":[{"href":"https:\/\/nautical.store\/fi\/wp-json\/wp\/v2\/product"}],"about":[{"href":"https:\/\/nautical.store\/fi\/wp-json\/wp\/v2\/types\/product"}],"wp:featuredmedia":[{"embeddable":true,"href":"https:\/\/nautical.store\/fi\/wp-json\/wp\/v2\/media\/51111"}],"wp:attachment":[{"href":"https:\/\/nautical.store\/fi\/wp-json\/wp\/v2\/media?parent=53164"}],"wp:term":[{"taxonomy":"pwb-brand","embeddable":true,"href":"https:\/\/nautical.store\/fi\/wp-json\/wp\/v2\/pwb-brand?post=53164"},{"taxonomy":"product_brand","embeddable":true,"href":"https:\/\/nautical.store\/fi\/wp-json\/wp\/v2\/product_brand?post=53164"},{"taxonomy":"product_cat","embeddable":true,"href":"https:\/\/nautical.store\/fi\/wp-json\/wp\/v2\/product_cat?post=53164"},{"taxonomy":"product_tag","embeddable":true,"href":"https:\/\/nautical.store\/fi\/wp-json\/wp\/v2\/product_tag?post=53164"},{"taxonomy":"woo-feed-brand","embeddable":true,"href":"https:\/\/nautical.store\/fi\/wp-json\/wp\/v2\/woo-feed-brand?post=53164"}],"curies":[{"name":"wp","href":"https:\/\/api.w.org\/{rel}","templated":true}]}}