{"id":53168,"date":"2023-09-08T17:00:11","date_gmt":"2023-09-08T14:00:11","guid":{"rendered":"https:\/\/www.nautical.store\/toode\/marlborough-havana-naisten-sivusaappaat\/"},"modified":"2023-10-29T20:54:12","modified_gmt":"2023-10-29T18:54:12","slug":"cotswold-naisten-nahkanilkkurit-2","status":"publish","type":"product","link":"https:\/\/nautical.store\/fi\/tuote\/cotswold-naisten-nahkanilkkurit-2\/","title":{"rendered":"Cotswold naisten nahkanilkkurit"},"content":{"rendered":"<p>Mukavat ja kevyet naisten nahkanilkkurit, joissa on kumipohja. Saappaat on valmistettu vedenpit\u00e4v\u00e4st\u00e4 nahasta, eritt\u00e4in joustavat ja kevyet.<\/p>\n","protected":false},"excerpt":{"rendered":"<p>Mukavat ja kevyet naisten nahkanilkkurit, joissa on kumipohja. Saappaat on valmistettu vedenpit\u00e4v\u00e4st\u00e4 nahasta, eritt\u00e4in joustavat ja kevyet.<\/p>\n","protected":false},"featured_media":51239,"template":"","meta":{"_acf_changed":false},"pwb-brand":[1178],"product_brand":[],"product_cat":[818,827],"product_tag":[],"woo-feed-brand":[],"class_list":{"0":"post-53168","1":"product","2":"type-product","3":"status-publish","4":"has-post-thumbnail","6":"pwb-brand-orca-bay-fi","7":"product_cat-jalkineet-naiset","8":"product_cat-naiset","10":"first","11":"instock","12":"sale","13":"taxable","14":"shipping-taxable","15":"purchasable","16":"product-type-variable","17":"wvs-archive-product-wrapper"},"acf":[],"brands":[{"id":1178,"name":"Orca Bay","slug":"orca-bay-fi"}],"_links":{"self":[{"href":"https:\/\/nautical.store\/fi\/wp-json\/wp\/v2\/product\/53168","targetHints":{"allow":["GET"]}}],"collection":[{"href":"https:\/\/nautical.store\/fi\/wp-json\/wp\/v2\/product"}],"about":[{"href":"https:\/\/nautical.store\/fi\/wp-json\/wp\/v2\/types\/product"}],"wp:featuredmedia":[{"embeddable":true,"href":"https:\/\/nautical.store\/fi\/wp-json\/wp\/v2\/media\/51239"}],"wp:attachment":[{"href":"https:\/\/nautical.store\/fi\/wp-json\/wp\/v2\/media?parent=53168"}],"wp:term":[{"taxonomy":"pwb-brand","embeddable":true,"href":"https:\/\/nautical.store\/fi\/wp-json\/wp\/v2\/pwb-brand?post=53168"},{"taxonomy":"product_brand","embeddable":true,"href":"https:\/\/nautical.store\/fi\/wp-json\/wp\/v2\/product_brand?post=53168"},{"taxonomy":"product_cat","embeddable":true,"href":"https:\/\/nautical.store\/fi\/wp-json\/wp\/v2\/product_cat?post=53168"},{"taxonomy":"product_tag","embeddable":true,"href":"https:\/\/nautical.store\/fi\/wp-json\/wp\/v2\/product_tag?post=53168"},{"taxonomy":"woo-feed-brand","embeddable":true,"href":"https:\/\/nautical.store\/fi\/wp-json\/wp\/v2\/woo-feed-brand?post=53168"}],"curies":[{"name":"wp","href":"https:\/\/api.w.org\/{rel}","templated":true}]}}