{"id":53175,"date":"2023-09-08T19:42:12","date_gmt":"2023-09-08T16:42:12","guid":{"rendered":"https:\/\/www.nautical.store\/toode\/zonda-jugo-takki\/"},"modified":"2026-01-22T20:29:29","modified_gmt":"2026-01-22T18:29:29","slug":"zonda-jugo-talvitakki-2","status":"publish","type":"product","link":"https:\/\/nautical.store\/fi\/tuote\/zonda-jugo-talvitakki-2\/","title":{"rendered":"PelleP Zonda Jugo -takki"},"content":{"rendered":"<p><!--StartFragment --><\/p>\n<p>Miesten tuulenpit\u00e4v\u00e4 takki hupulla.<\/p>\n<ul>\n<li>Kaksi vetoketjullista etutaskua ja verkkovuorattu sis\u00e4tasku<\/li>\n<li>Heijastava P\u2011logo sel\u00e4ss\u00e4<\/li>\n<li>S\u00e4\u00e4dett\u00e4v\u00e4 huppu<\/li>\n<li>Materiaali: 100 % polyesteri<\/li>\n<li>Normaali istuvuus<\/li>\n<li>Koko L sel\u00e4n pituus 73 cm<\/li>\n<\/ul>\n<p><!--EndFragment --><\/p>\n","protected":false},"excerpt":{"rendered":"<p>Miesten tuulenpit\u00e4v\u00e4 takki hupulla. Kaksi vetoketjullista etutaskua ja verkkovuorattu sis\u00e4tasku Heijastava P\u2011logo sel\u00e4ss\u00e4 S\u00e4\u00e4dett\u00e4v\u00e4 huppu Materiaali: 100 % polyesteri Normaali istuvuus Koko L sel\u00e4n pituus 73 cm<\/p>\n","protected":false},"featured_media":51102,"template":"","meta":{"_acf_changed":false},"pwb-brand":[838],"product_brand":[],"product_cat":[876,777,2183,702],"product_tag":[],"woo-feed-brand":[],"class_list":{"0":"post-53175","1":"product","2":"type-product","3":"status-publish","4":"has-post-thumbnail","6":"pwb-brand-pelle-petterson-fi","7":"product_cat-edullinen-hinta-miehet-fi","8":"product_cat-miehet","9":"product_cat-outlet-fi","10":"product_cat-paallysvaatteet-miehet","12":"first","13":"instock","14":"sale","15":"taxable","16":"shipping-taxable","17":"purchasable","18":"product-type-variable","19":"wvs-archive-product-wrapper"},"acf":[],"brands":[{"id":838,"name":"Pelle Petterson","slug":"pelle-petterson-fi"}],"_links":{"self":[{"href":"https:\/\/nautical.store\/fi\/wp-json\/wp\/v2\/product\/53175","targetHints":{"allow":["GET"]}}],"collection":[{"href":"https:\/\/nautical.store\/fi\/wp-json\/wp\/v2\/product"}],"about":[{"href":"https:\/\/nautical.store\/fi\/wp-json\/wp\/v2\/types\/product"}],"wp:featuredmedia":[{"embeddable":true,"href":"https:\/\/nautical.store\/fi\/wp-json\/wp\/v2\/media\/51102"}],"wp:attachment":[{"href":"https:\/\/nautical.store\/fi\/wp-json\/wp\/v2\/media?parent=53175"}],"wp:term":[{"taxonomy":"pwb-brand","embeddable":true,"href":"https:\/\/nautical.store\/fi\/wp-json\/wp\/v2\/pwb-brand?post=53175"},{"taxonomy":"product_brand","embeddable":true,"href":"https:\/\/nautical.store\/fi\/wp-json\/wp\/v2\/product_brand?post=53175"},{"taxonomy":"product_cat","embeddable":true,"href":"https:\/\/nautical.store\/fi\/wp-json\/wp\/v2\/product_cat?post=53175"},{"taxonomy":"product_tag","embeddable":true,"href":"https:\/\/nautical.store\/fi\/wp-json\/wp\/v2\/product_tag?post=53175"},{"taxonomy":"woo-feed-brand","embeddable":true,"href":"https:\/\/nautical.store\/fi\/wp-json\/wp\/v2\/woo-feed-brand?post=53175"}],"curies":[{"name":"wp","href":"https:\/\/api.w.org\/{rel}","templated":true}]}}