{"id":53183,"date":"2023-09-08T19:41:22","date_gmt":"2023-09-08T16:41:22","guid":{"rendered":"https:\/\/www.nautical.store\/toode\/bobby-vintage-corduroy-samettihousut\/"},"modified":"2025-10-16T09:36:27","modified_gmt":"2025-10-16T06:36:27","slug":"bobby-vintage-corduroy-samettihousut","status":"publish","type":"product","link":"https:\/\/nautical.store\/fi\/tuote\/bobby-vintage-corduroy-samettihousut\/","title":{"rendered":"Bobby Vintage -vakosamettihousut"},"content":{"rendered":"<p><!--StartFragment --><\/p>\n<p>Bobby Vintage -vakosamettihousut<\/p>\n<p>ovat rennot ja tyylikk\u00e4\u00e4t korkeavy\u00f6t\u00e4r\u00f6iset housut suoralla lahkeella. Valitse oma suosikkiv\u00e4ri!<\/p>\n<ul>\n<li>Lahje suora polvesta alasp\u00e4in<\/li>\n<li>Koristeellinen punottu ny\u00f6ri vy\u00f6t\u00e4r\u00f6ll\u00e4<\/li>\n<li>4 taskua: 2 edess\u00e4 ja 2 takana<\/li>\n<li>Valmistettu puuvillan ja elastaanin sekoitteesta \u2013 mukavat ja joustavat p\u00e4\u00e4ll\u00e4<\/li>\n<li>Sopivat hyvin sek\u00e4 tennareiden ett\u00e4 nilkkureiden kanssa<\/li>\n<li>Koko 36: sis\u00e4lahkeen pituus 76 cm, kokonaispituus 101 cm<\/li>\n<\/ul>\n<p><!--EndFragment --><\/p>\n","protected":false},"excerpt":{"rendered":"<p>Tyylikk\u00e4\u00e4t naisten vakosamettihousut \u2013 v\u00e4rikk\u00e4\u00e4t, l\u00e4mpim\u00e4t ja mukavat<\/p>\n","protected":false},"featured_media":52233,"template":"","meta":{"_acf_changed":false},"pwb-brand":[959],"product_brand":[],"product_cat":[877,640,827],"product_tag":[],"woo-feed-brand":[],"class_list":{"0":"post-53183","1":"product","2":"type-product","3":"status-publish","4":"has-post-thumbnail","6":"pwb-brand-para-mi-fi","7":"product_cat-edullinen-hinta-naiset","8":"product_cat-housut-fi","9":"product_cat-naiset","11":"first","12":"instock","13":"sale","14":"taxable","15":"shipping-taxable","16":"purchasable","17":"product-type-variable","18":"wvs-archive-product-wrapper"},"acf":[],"brands":[{"id":959,"name":"Para Mi","slug":"para-mi-fi"}],"_links":{"self":[{"href":"https:\/\/nautical.store\/fi\/wp-json\/wp\/v2\/product\/53183","targetHints":{"allow":["GET"]}}],"collection":[{"href":"https:\/\/nautical.store\/fi\/wp-json\/wp\/v2\/product"}],"about":[{"href":"https:\/\/nautical.store\/fi\/wp-json\/wp\/v2\/types\/product"}],"wp:featuredmedia":[{"embeddable":true,"href":"https:\/\/nautical.store\/fi\/wp-json\/wp\/v2\/media\/52233"}],"wp:attachment":[{"href":"https:\/\/nautical.store\/fi\/wp-json\/wp\/v2\/media?parent=53183"}],"wp:term":[{"taxonomy":"pwb-brand","embeddable":true,"href":"https:\/\/nautical.store\/fi\/wp-json\/wp\/v2\/pwb-brand?post=53183"},{"taxonomy":"product_brand","embeddable":true,"href":"https:\/\/nautical.store\/fi\/wp-json\/wp\/v2\/product_brand?post=53183"},{"taxonomy":"product_cat","embeddable":true,"href":"https:\/\/nautical.store\/fi\/wp-json\/wp\/v2\/product_cat?post=53183"},{"taxonomy":"product_tag","embeddable":true,"href":"https:\/\/nautical.store\/fi\/wp-json\/wp\/v2\/product_tag?post=53183"},{"taxonomy":"woo-feed-brand","embeddable":true,"href":"https:\/\/nautical.store\/fi\/wp-json\/wp\/v2\/woo-feed-brand?post=53183"}],"curies":[{"name":"wp","href":"https:\/\/api.w.org\/{rel}","templated":true}]}}