{"id":53212,"date":"2023-09-08T09:25:28","date_gmt":"2023-09-08T06:25:28","guid":{"rendered":"https:\/\/www.nautical.store\/toode\/jill-cargo-authentic-morella-farkut\/"},"modified":"2026-03-30T12:02:23","modified_gmt":"2026-03-30T09:02:23","slug":"jill-cargo-authentic-morella-farkut","status":"publish","type":"product","link":"https:\/\/nautical.store\/fi\/tuote\/jill-cargo-authentic-morella-farkut\/","title":{"rendered":"Jill Cargo Authentic Morella Farkut"},"content":{"rendered":"<p>Jill Cargo \u2011farkut ovat korkeavy\u00f6t\u00e4r\u00f6iset ja joustavalla vy\u00f6t\u00e4r\u00f6ll\u00e4 varustetut naisten housut, joissa yhdistyv\u00e4t mukavuus ja selke\u00e4sti kapeneva lahjemalli. Lahkeet ovat reisist\u00e4 hieman v\u00e4ljemm\u00e4t ja kapenevat nilkkoja kohti, ja lahkeensuissa on keskileve\u00e4 kuminauha. Materiaalina on puuvillan, polyesterin ja elastaanin sekoite, joka tekee housuista pehme\u00e4t, kest\u00e4v\u00e4t ja kevyesti joustavat. Mallissa on nelj\u00e4 taskua: kaksi edess\u00e4 ja kaksi takana. Etutaskujen reunoissa on kultaiset niitit ja takataskuissa kultaiset napit, jotka tuovat viimeistellyn yksityiskohdan. Koko 38: sis\u00e4sauman pituus 76 cm, kokonaispituus 97 cm.<\/p>\n","protected":false},"excerpt":{"rendered":"<p>Jill Cargo \u2011farkut ovat korkeavy\u00f6t\u00e4r\u00f6iset ja joustavalla vy\u00f6t\u00e4r\u00f6ll\u00e4 varustetut naisten housut, joissa yhdistyv\u00e4t mukavuus ja selke\u00e4sti kapeneva lahjemalli. Lahkeet ovat reisist\u00e4 hieman v\u00e4ljemm\u00e4t ja kapenevat nilkkoja kohti, ja lahkeensuissa on keskileve\u00e4 kuminauha. Materiaalina on puuvillan, polyesterin ja elastaanin sekoite, joka tekee housuista pehme\u00e4t, kest\u00e4v\u00e4t ja kevyesti joustavat. Mallissa on nelj\u00e4 taskua: kaksi edess\u00e4 ja kaksi [&hellip;]<\/p>\n","protected":false},"featured_media":50979,"template":"","meta":{"_acf_changed":false},"pwb-brand":[959],"product_brand":[],"product_cat":[877,640],"product_tag":[],"woo-feed-brand":[],"class_list":{"0":"post-53212","1":"product","2":"type-product","3":"status-publish","4":"has-post-thumbnail","6":"pwb-brand-para-mi-fi","7":"product_cat-edullinen-hinta-naiset","8":"product_cat-housut-fi","10":"first","11":"instock","12":"sale","13":"taxable","14":"shipping-taxable","15":"purchasable","16":"product-type-variable","17":"wvs-archive-product-wrapper"},"acf":[],"brands":[{"id":959,"name":"Para Mi","slug":"para-mi-fi"}],"_links":{"self":[{"href":"https:\/\/nautical.store\/fi\/wp-json\/wp\/v2\/product\/53212","targetHints":{"allow":["GET"]}}],"collection":[{"href":"https:\/\/nautical.store\/fi\/wp-json\/wp\/v2\/product"}],"about":[{"href":"https:\/\/nautical.store\/fi\/wp-json\/wp\/v2\/types\/product"}],"wp:featuredmedia":[{"embeddable":true,"href":"https:\/\/nautical.store\/fi\/wp-json\/wp\/v2\/media\/50979"}],"wp:attachment":[{"href":"https:\/\/nautical.store\/fi\/wp-json\/wp\/v2\/media?parent=53212"}],"wp:term":[{"taxonomy":"pwb-brand","embeddable":true,"href":"https:\/\/nautical.store\/fi\/wp-json\/wp\/v2\/pwb-brand?post=53212"},{"taxonomy":"product_brand","embeddable":true,"href":"https:\/\/nautical.store\/fi\/wp-json\/wp\/v2\/product_brand?post=53212"},{"taxonomy":"product_cat","embeddable":true,"href":"https:\/\/nautical.store\/fi\/wp-json\/wp\/v2\/product_cat?post=53212"},{"taxonomy":"product_tag","embeddable":true,"href":"https:\/\/nautical.store\/fi\/wp-json\/wp\/v2\/product_tag?post=53212"},{"taxonomy":"woo-feed-brand","embeddable":true,"href":"https:\/\/nautical.store\/fi\/wp-json\/wp\/v2\/woo-feed-brand?post=53212"}],"curies":[{"name":"wp","href":"https:\/\/api.w.org\/{rel}","templated":true}]}}