{"id":53223,"date":"2023-09-08T09:07:53","date_gmt":"2023-09-08T06:07:53","guid":{"rendered":"https:\/\/www.nautical.store\/toode\/ascot-miesten-puolikkaat-saappaat\/"},"modified":"2026-03-21T11:10:25","modified_gmt":"2026-03-21T09:10:25","slug":"ascot-miesten-puolikkaat-saappaat","status":"publish","type":"product","link":"https:\/\/nautical.store\/fi\/tuote\/ascot-miesten-puolikkaat-saappaat\/","title":{"rendered":"Ascot miesten nilkkurit"},"content":{"rendered":"<p><!--StartFragment --><\/p>\n<p>Miesten klassiset mokkanahkaiset nilkkurit. Lateksipehmusteinen sis\u00e4pohja lis\u00e4\u00e4 k\u00e4ytt\u00f6mukavuutta. Pohja on ommeltu kiinni p\u00e4\u00e4lliseen.<\/p>\n<ul>\n<li>Antibakteerinen sis\u00e4pohja<\/li>\n<li>Kapeampi lesti<\/li>\n<\/ul>\n<p><!--EndFragment --><\/p>\n","protected":false},"excerpt":{"rendered":"<p>Miesten klassiset mokkanahkaiset nilkkurit. Lateksipehmusteinen sis\u00e4pohja lis\u00e4\u00e4 k\u00e4ytt\u00f6mukavuutta. Pohja on ommeltu kiinni p\u00e4\u00e4lliseen. Antibakteerinen sis\u00e4pohja Kapeampi lesti<\/p>\n","protected":false},"featured_media":49227,"template":"","meta":{"_acf_changed":false},"pwb-brand":[1178],"product_brand":[],"product_cat":[876,817,777,2183],"product_tag":[],"woo-feed-brand":[],"class_list":{"0":"post-53223","1":"product","2":"type-product","3":"status-publish","4":"has-post-thumbnail","6":"pwb-brand-orca-bay-fi","7":"product_cat-edullinen-hinta-miehet-fi","8":"product_cat-jalkineet","9":"product_cat-miehet","10":"product_cat-outlet-fi","12":"first","13":"instock","14":"sale","15":"taxable","16":"shipping-taxable","17":"purchasable","18":"product-type-variable","19":"wvs-archive-product-wrapper"},"acf":[],"brands":[{"id":1178,"name":"Orca Bay","slug":"orca-bay-fi"}],"_links":{"self":[{"href":"https:\/\/nautical.store\/fi\/wp-json\/wp\/v2\/product\/53223","targetHints":{"allow":["GET"]}}],"collection":[{"href":"https:\/\/nautical.store\/fi\/wp-json\/wp\/v2\/product"}],"about":[{"href":"https:\/\/nautical.store\/fi\/wp-json\/wp\/v2\/types\/product"}],"wp:featuredmedia":[{"embeddable":true,"href":"https:\/\/nautical.store\/fi\/wp-json\/wp\/v2\/media\/49227"}],"wp:attachment":[{"href":"https:\/\/nautical.store\/fi\/wp-json\/wp\/v2\/media?parent=53223"}],"wp:term":[{"taxonomy":"pwb-brand","embeddable":true,"href":"https:\/\/nautical.store\/fi\/wp-json\/wp\/v2\/pwb-brand?post=53223"},{"taxonomy":"product_brand","embeddable":true,"href":"https:\/\/nautical.store\/fi\/wp-json\/wp\/v2\/product_brand?post=53223"},{"taxonomy":"product_cat","embeddable":true,"href":"https:\/\/nautical.store\/fi\/wp-json\/wp\/v2\/product_cat?post=53223"},{"taxonomy":"product_tag","embeddable":true,"href":"https:\/\/nautical.store\/fi\/wp-json\/wp\/v2\/product_tag?post=53223"},{"taxonomy":"woo-feed-brand","embeddable":true,"href":"https:\/\/nautical.store\/fi\/wp-json\/wp\/v2\/woo-feed-brand?post=53223"}],"curies":[{"name":"wp","href":"https:\/\/api.w.org\/{rel}","templated":true}]}}