{"id":53281,"date":"2023-03-18T16:38:22","date_gmt":"2023-03-18T14:38:22","guid":{"rendered":"https:\/\/www.nautical.store\/toode\/arolla-takki-2\/"},"modified":"2025-11-05T12:51:15","modified_gmt":"2025-11-05T10:51:15","slug":"arolla-takki-2","status":"publish","type":"product","link":"https:\/\/nautical.store\/fi\/tuote\/arolla-takki-2\/","title":{"rendered":"PelleP miesten takki Arolla"},"content":{"rendered":"<p>Kevyt ja eritt\u00e4in mukava p\u00e4\u00e4ll\u00e4.<br \/>\nJoustava materiaali takaa hyv\u00e4n k\u00e4ytt\u00f6mukavuuden ja liikkumisvapauden.<br \/>\nKaksi vetoketjullista etutaskua, yksi vetoketjullinen rintatasku ja kaksi sis\u00e4taskua.<\/p>\n<p>Normaali istuvuus.<\/p>\n<ul>\n<li>Koko XXL: sel\u00e4n pituus 74 cm.<\/li>\n<li>Mukana s\u00e4ilytyspussi (30 x 23 cm), johon takki mahtuu.<\/li>\n<\/ul>\n","protected":false},"excerpt":{"rendered":"<p>Kevyt ja mukava sateen- ja tuulenpit\u00e4v\u00e4 takki.<\/p>\n","protected":false},"featured_media":40590,"template":"","meta":{"_acf_changed":false},"pwb-brand":[838],"product_brand":[],"product_cat":[777,1259,1261,702,682],"product_tag":[],"woo-feed-brand":[],"class_list":{"0":"post-53281","1":"product","2":"type-product","3":"status-publish","4":"has-post-thumbnail","6":"pwb-brand-pelle-petterson-fi","7":"product_cat-miehet","8":"product_cat-miesten-golfvaatteet","9":"product_cat-miesten-purjehdusvaatteet","10":"product_cat-paallysvaatteet-miehet","11":"product_cat-tekniset-vaatteet","13":"first","14":"instock","15":"taxable","16":"shipping-taxable","17":"purchasable","18":"product-type-variable","19":"wvs-archive-product-wrapper"},"acf":[],"brands":[{"id":838,"name":"Pelle Petterson","slug":"pelle-petterson-fi"}],"_links":{"self":[{"href":"https:\/\/nautical.store\/fi\/wp-json\/wp\/v2\/product\/53281","targetHints":{"allow":["GET"]}}],"collection":[{"href":"https:\/\/nautical.store\/fi\/wp-json\/wp\/v2\/product"}],"about":[{"href":"https:\/\/nautical.store\/fi\/wp-json\/wp\/v2\/types\/product"}],"wp:featuredmedia":[{"embeddable":true,"href":"https:\/\/nautical.store\/fi\/wp-json\/wp\/v2\/media\/40590"}],"wp:attachment":[{"href":"https:\/\/nautical.store\/fi\/wp-json\/wp\/v2\/media?parent=53281"}],"wp:term":[{"taxonomy":"pwb-brand","embeddable":true,"href":"https:\/\/nautical.store\/fi\/wp-json\/wp\/v2\/pwb-brand?post=53281"},{"taxonomy":"product_brand","embeddable":true,"href":"https:\/\/nautical.store\/fi\/wp-json\/wp\/v2\/product_brand?post=53281"},{"taxonomy":"product_cat","embeddable":true,"href":"https:\/\/nautical.store\/fi\/wp-json\/wp\/v2\/product_cat?post=53281"},{"taxonomy":"product_tag","embeddable":true,"href":"https:\/\/nautical.store\/fi\/wp-json\/wp\/v2\/product_tag?post=53281"},{"taxonomy":"woo-feed-brand","embeddable":true,"href":"https:\/\/nautical.store\/fi\/wp-json\/wp\/v2\/woo-feed-brand?post=53281"}],"curies":[{"name":"wp","href":"https:\/\/api.w.org\/{rel}","templated":true}]}}