{"id":53421,"date":"2023-09-08T09:23:55","date_gmt":"2023-09-08T06:23:55","guid":{"rendered":"https:\/\/www.nautical.store\/toode\/w-zonda-jugo-takki\/"},"modified":"2025-05-15T21:53:30","modified_gmt":"2025-05-15T18:53:30","slug":"zonda-jugo-talvitakki-3","status":"publish","type":"product","link":"https:\/\/nautical.store\/fi\/tuote\/zonda-jugo-talvitakki-3\/","title":{"rendered":"Zonda Jugo Talvitakki"},"content":{"rendered":"<p>Naisten tuulenpit\u00e4v\u00e4 talvitakki hupulla.<\/p>\n<ul>\n<li>2 vetoketjullista etutaskua, sis\u00e4puolella verkkotasku<\/li>\n<li>Heijastava P-logo keskell\u00e4 selk\u00e4\u00e4<\/li>\n<li>Joustavat hihat<\/li>\n<li>Materiaali: 100 % polyesteri\u00e4<\/li>\n<li>Koko S sel\u00e4n pituus 105 cm.<\/li>\n<\/ul>\n","protected":false},"excerpt":{"rendered":"<p>Naisten tuulenpit\u00e4v\u00e4 talvitakki hupulla. 2 vetoketjullista etutaskua, sis\u00e4puolella verkkotasku Heijastava P-logo keskell\u00e4 selk\u00e4\u00e4 Joustavat hihat Materiaali: 100 % polyesteri\u00e4 Koko S sel\u00e4n pituus 105 cm.<\/p>\n","protected":false},"featured_media":51058,"template":"","meta":{"_acf_changed":false},"pwb-brand":[838],"product_brand":[],"product_cat":[877,2183,617],"product_tag":[],"woo-feed-brand":[],"class_list":{"0":"post-53421","1":"product","2":"type-product","3":"status-publish","4":"has-post-thumbnail","6":"pwb-brand-pelle-petterson-fi","7":"product_cat-edullinen-hinta-naiset","8":"product_cat-outlet-fi","9":"product_cat-paallysvaatteet","11":"first","12":"instock","13":"sale","14":"taxable","15":"shipping-taxable","16":"purchasable","17":"product-type-variable","18":"wvs-archive-product-wrapper"},"acf":[],"brands":[{"id":838,"name":"Pelle Petterson","slug":"pelle-petterson-fi"}],"_links":{"self":[{"href":"https:\/\/nautical.store\/fi\/wp-json\/wp\/v2\/product\/53421","targetHints":{"allow":["GET"]}}],"collection":[{"href":"https:\/\/nautical.store\/fi\/wp-json\/wp\/v2\/product"}],"about":[{"href":"https:\/\/nautical.store\/fi\/wp-json\/wp\/v2\/types\/product"}],"wp:featuredmedia":[{"embeddable":true,"href":"https:\/\/nautical.store\/fi\/wp-json\/wp\/v2\/media\/51058"}],"wp:attachment":[{"href":"https:\/\/nautical.store\/fi\/wp-json\/wp\/v2\/media?parent=53421"}],"wp:term":[{"taxonomy":"pwb-brand","embeddable":true,"href":"https:\/\/nautical.store\/fi\/wp-json\/wp\/v2\/pwb-brand?post=53421"},{"taxonomy":"product_brand","embeddable":true,"href":"https:\/\/nautical.store\/fi\/wp-json\/wp\/v2\/product_brand?post=53421"},{"taxonomy":"product_cat","embeddable":true,"href":"https:\/\/nautical.store\/fi\/wp-json\/wp\/v2\/product_cat?post=53421"},{"taxonomy":"product_tag","embeddable":true,"href":"https:\/\/nautical.store\/fi\/wp-json\/wp\/v2\/product_tag?post=53421"},{"taxonomy":"woo-feed-brand","embeddable":true,"href":"https:\/\/nautical.store\/fi\/wp-json\/wp\/v2\/woo-feed-brand?post=53421"}],"curies":[{"name":"wp","href":"https:\/\/api.w.org\/{rel}","templated":true}]}}