{"id":53766,"date":"2023-10-09T11:44:32","date_gmt":"2023-10-09T08:44:32","guid":{"rendered":"https:\/\/www.nautical.store\/toode\/n-essen-neule\/"},"modified":"2025-11-12T17:14:04","modified_gmt":"2025-11-12T15:14:04","slug":"essen-neule-2","status":"publish","type":"product","link":"https:\/\/nautical.store\/fi\/tuote\/essen-neule-2\/","title":{"rendered":"PelleP Essen Neule"},"content":{"rendered":"<p>Ribbineule, jossa on kaksinkertainen korkea kaulus ja metallinen Pelle P -logomerkki vasemmassa hihassa. Neule on valmistettu pehme\u00e4st\u00e4 ja kest\u00e4v\u00e4st\u00e4 viskoosi-, polyesteri- ja nailonsekoitteesta. Malli on klassinen ja sopii erinomaisesti jokap\u00e4iv\u00e4iseen k\u00e4ytt\u00f6\u00f6n. (Tuote on esitetty oikein tuotekuvissa.) Eritt\u00e4in pehme\u00e4 ja mukava naisten neule \u2013 todellinen l\u00e4mmin suosikki.<br \/>\n\u2022 Materiaali: 52 % viskoosi, 28 % polyesteri, 20 % nailon<br \/>\n\u2022 Rungossa, hihoissa ja kauluksessa: 1&#215;1 ribbineulos shaker-tekniikalla<br \/>\n\u2022 Helmassa ja hihansuissa: 2&#215;2 ribbineulos<br \/>\n\u2022 V\u00e4lj\u00e4, laskostettu kaulus<br \/>\n\u2022 T\u00e4sm\u00e4llisesti muotoiltu hihan kiinnitys<br \/>\n\u2022 Metallinen Pelle P -logomerkki vasemmassa hihassa<br \/>\n\u2022 Hieman madallettu olkalinja<br \/>\n\u2022 Klassinen istuvuus<\/p>\n","protected":false},"excerpt":{"rendered":"<p>Mukava ja l\u00e4mmin naisten neulepusero<\/p>\n","protected":false},"featured_media":88588,"template":"","meta":{"_acf_changed":false},"pwb-brand":[838],"product_brand":[],"product_cat":[877,827,601],"product_tag":[],"woo-feed-brand":[],"class_list":{"0":"post-53766","1":"product","2":"type-product","3":"status-publish","4":"has-post-thumbnail","6":"pwb-brand-pelle-petterson-fi","7":"product_cat-edullinen-hinta-naiset","8":"product_cat-naiset","9":"product_cat-neuleet","11":"first","12":"instock","13":"sale","14":"taxable","15":"shipping-taxable","16":"purchasable","17":"product-type-variable","18":"wvs-archive-product-wrapper"},"acf":[],"brands":[{"id":838,"name":"Pelle Petterson","slug":"pelle-petterson-fi"}],"_links":{"self":[{"href":"https:\/\/nautical.store\/fi\/wp-json\/wp\/v2\/product\/53766","targetHints":{"allow":["GET"]}}],"collection":[{"href":"https:\/\/nautical.store\/fi\/wp-json\/wp\/v2\/product"}],"about":[{"href":"https:\/\/nautical.store\/fi\/wp-json\/wp\/v2\/types\/product"}],"wp:featuredmedia":[{"embeddable":true,"href":"https:\/\/nautical.store\/fi\/wp-json\/wp\/v2\/media\/88588"}],"wp:attachment":[{"href":"https:\/\/nautical.store\/fi\/wp-json\/wp\/v2\/media?parent=53766"}],"wp:term":[{"taxonomy":"pwb-brand","embeddable":true,"href":"https:\/\/nautical.store\/fi\/wp-json\/wp\/v2\/pwb-brand?post=53766"},{"taxonomy":"product_brand","embeddable":true,"href":"https:\/\/nautical.store\/fi\/wp-json\/wp\/v2\/product_brand?post=53766"},{"taxonomy":"product_cat","embeddable":true,"href":"https:\/\/nautical.store\/fi\/wp-json\/wp\/v2\/product_cat?post=53766"},{"taxonomy":"product_tag","embeddable":true,"href":"https:\/\/nautical.store\/fi\/wp-json\/wp\/v2\/product_tag?post=53766"},{"taxonomy":"woo-feed-brand","embeddable":true,"href":"https:\/\/nautical.store\/fi\/wp-json\/wp\/v2\/woo-feed-brand?post=53766"}],"curies":[{"name":"wp","href":"https:\/\/api.w.org\/{rel}","templated":true}]}}