{"id":53780,"date":"2023-10-06T13:32:46","date_gmt":"2023-10-06T10:32:46","guid":{"rendered":"https:\/\/www.nautical.store\/toode\/bowie-vegaaniset-nahkahousut\/"},"modified":"2025-10-16T14:30:25","modified_gmt":"2025-10-16T11:30:25","slug":"bowie-vegaaniset-nahkahousut","status":"publish","type":"product","link":"https:\/\/nautical.store\/fi\/tuote\/bowie-vegaaniset-nahkahousut\/","title":{"rendered":"Bowie vegaaninahkahousut"},"content":{"rendered":"<p>Bowie vegaaninahkahousut \u2013 mukavat ja tyylikk\u00e4\u00e4t.<br \/>\nLis\u00e4\u00e4 tyyli\u00e4 vaatekaappiisi Para Mi Bowie -housuilla. N\u00e4m\u00e4 rohkeat mutta elegantit housut on valmistettu pehme\u00e4st\u00e4 vegaanisesta keinonahasta. Joustava vy\u00f6t\u00e4r\u00f6 kiristysny\u00f6rill\u00e4 tekee pukemisesta helppoa ja takaa mukavan istuvuuden. Syv\u00e4t etutaskut ja koristeelliset tikkaukset edess\u00e4 viimeistelev\u00e4t ilmeen. Takana olevat p\u00e4\u00e4lleommellut taskut tuovat tyylin loppusilauksen.<br \/>\n\u2022 Sis\u00e4pinta pehme\u00e4ll\u00e4 k\u00e4sittelyll\u00e4<br \/>\n\u2022 Edess\u00e4 2 sivutaskua, takana 2 taskua<br \/>\n\u2022 Edess\u00e4 elegantit ny\u00f6rit<br \/>\n\u2022 Normaali istuvuus<br \/>\n\u2022 Materiaali: 60 % polyuretaania, 40 % polyesteri\u00e4<br \/>\n\u2022 Koko 36: lahkeen sis\u00e4pituus 75 cm, kokonaispituus 100 cm<\/p>\n","protected":false},"excerpt":{"rendered":"<p>Mukavat vegaaninahkahousut<\/p>\n","protected":false},"featured_media":53517,"template":"","meta":{"_acf_changed":false},"pwb-brand":[959],"product_brand":[],"product_cat":[877,640,827],"product_tag":[],"woo-feed-brand":[],"class_list":{"0":"post-53780","1":"product","2":"type-product","3":"status-publish","4":"has-post-thumbnail","6":"pwb-brand-para-mi-fi","7":"product_cat-edullinen-hinta-naiset","8":"product_cat-housut-fi","9":"product_cat-naiset","11":"first","12":"instock","13":"sale","14":"taxable","15":"shipping-taxable","16":"purchasable","17":"product-type-variable","18":"wvs-archive-product-wrapper"},"acf":[],"brands":[{"id":959,"name":"Para Mi","slug":"para-mi-fi"}],"_links":{"self":[{"href":"https:\/\/nautical.store\/fi\/wp-json\/wp\/v2\/product\/53780","targetHints":{"allow":["GET"]}}],"collection":[{"href":"https:\/\/nautical.store\/fi\/wp-json\/wp\/v2\/product"}],"about":[{"href":"https:\/\/nautical.store\/fi\/wp-json\/wp\/v2\/types\/product"}],"wp:featuredmedia":[{"embeddable":true,"href":"https:\/\/nautical.store\/fi\/wp-json\/wp\/v2\/media\/53517"}],"wp:attachment":[{"href":"https:\/\/nautical.store\/fi\/wp-json\/wp\/v2\/media?parent=53780"}],"wp:term":[{"taxonomy":"pwb-brand","embeddable":true,"href":"https:\/\/nautical.store\/fi\/wp-json\/wp\/v2\/pwb-brand?post=53780"},{"taxonomy":"product_brand","embeddable":true,"href":"https:\/\/nautical.store\/fi\/wp-json\/wp\/v2\/product_brand?post=53780"},{"taxonomy":"product_cat","embeddable":true,"href":"https:\/\/nautical.store\/fi\/wp-json\/wp\/v2\/product_cat?post=53780"},{"taxonomy":"product_tag","embeddable":true,"href":"https:\/\/nautical.store\/fi\/wp-json\/wp\/v2\/product_tag?post=53780"},{"taxonomy":"woo-feed-brand","embeddable":true,"href":"https:\/\/nautical.store\/fi\/wp-json\/wp\/v2\/woo-feed-brand?post=53780"}],"curies":[{"name":"wp","href":"https:\/\/api.w.org\/{rel}","templated":true}]}}