{"id":53859,"date":"2023-04-14T12:41:00","date_gmt":"2023-04-14T09:41:00","guid":{"rendered":"https:\/\/www.nautical.store\/toode\/n-sardegna-housut\/"},"modified":"2026-03-30T10:15:45","modified_gmt":"2026-03-30T07:15:45","slug":"sardegna-housut","status":"publish","type":"product","link":"https:\/\/nautical.store\/fi\/tuote\/sardegna-housut\/","title":{"rendered":"PelleP Sardegna Housut"},"content":{"rendered":"<p>Sardegna\u2011naisten housut on valmistettu kevyest\u00e4 puuvillan ja pellavan sekoitteesta, ja niiss\u00e4 on suora, leve\u00e4 lahje. Housuissa on sivutaskut ja edess\u00e4 laskokset.<\/p>\n<ul>\n<li>Materiaali: 74 % puuvillaa, 26 % pellavaa<\/li>\n<\/ul>\n","protected":false},"excerpt":{"rendered":"<p>Leve\u00e4lahkeiset kes\u00e4housut<\/p>\n","protected":false},"featured_media":43025,"template":"","meta":{"_acf_changed":false},"pwb-brand":[838],"product_brand":[],"product_cat":[640,827],"product_tag":[],"woo-feed-brand":[],"class_list":{"0":"post-53859","1":"product","2":"type-product","3":"status-publish","4":"has-post-thumbnail","6":"pwb-brand-pelle-petterson-fi","7":"product_cat-housut-fi","8":"product_cat-naiset","10":"first","11":"instock","12":"taxable","13":"shipping-taxable","14":"purchasable","15":"product-type-variable","16":"wvs-archive-product-wrapper"},"acf":[],"brands":[{"id":838,"name":"Pelle Petterson","slug":"pelle-petterson-fi"}],"_links":{"self":[{"href":"https:\/\/nautical.store\/fi\/wp-json\/wp\/v2\/product\/53859","targetHints":{"allow":["GET"]}}],"collection":[{"href":"https:\/\/nautical.store\/fi\/wp-json\/wp\/v2\/product"}],"about":[{"href":"https:\/\/nautical.store\/fi\/wp-json\/wp\/v2\/types\/product"}],"wp:featuredmedia":[{"embeddable":true,"href":"https:\/\/nautical.store\/fi\/wp-json\/wp\/v2\/media\/43025"}],"wp:attachment":[{"href":"https:\/\/nautical.store\/fi\/wp-json\/wp\/v2\/media?parent=53859"}],"wp:term":[{"taxonomy":"pwb-brand","embeddable":true,"href":"https:\/\/nautical.store\/fi\/wp-json\/wp\/v2\/pwb-brand?post=53859"},{"taxonomy":"product_brand","embeddable":true,"href":"https:\/\/nautical.store\/fi\/wp-json\/wp\/v2\/product_brand?post=53859"},{"taxonomy":"product_cat","embeddable":true,"href":"https:\/\/nautical.store\/fi\/wp-json\/wp\/v2\/product_cat?post=53859"},{"taxonomy":"product_tag","embeddable":true,"href":"https:\/\/nautical.store\/fi\/wp-json\/wp\/v2\/product_tag?post=53859"},{"taxonomy":"woo-feed-brand","embeddable":true,"href":"https:\/\/nautical.store\/fi\/wp-json\/wp\/v2\/woo-feed-brand?post=53859"}],"curies":[{"name":"wp","href":"https:\/\/api.w.org\/{rel}","templated":true}]}}