{"id":53896,"date":"2023-03-02T19:08:47","date_gmt":"2023-03-02T17:08:47","guid":{"rendered":"https:\/\/www.nautical.store\/toode\/bobby-color-farkut\/"},"modified":"2025-10-16T09:30:14","modified_gmt":"2025-10-16T06:30:14","slug":"bobby-color-farkut","status":"publish","type":"product","link":"https:\/\/nautical.store\/fi\/tuote\/bobby-color-farkut\/","title":{"rendered":"Bobby Color Farkut"},"content":{"rendered":"<p>Korkeavy\u00f6t\u00e4r\u00f6iset, rennot housut.<br \/>\nMukavasti joustavat ja laadukkaasta materiaalista valmistetut.<br \/>\nHousuissa on vetoketju- ja nappikiinnitys sek\u00e4 viisi taskua.<\/p>\n","protected":false},"excerpt":{"rendered":"<p>Korkeavy\u00f6t\u00e4r\u00f6iset, rennot housut. Mukavasti joustavat ja laadukkaasta materiaalista valmistetut. Housuissa on vetoketju- ja nappikiinnitys sek\u00e4 viisi taskua.<\/p>\n","protected":false},"featured_media":39011,"template":"","meta":{"_acf_changed":false},"pwb-brand":[959],"product_brand":[],"product_cat":[877,2183],"product_tag":[],"woo-feed-brand":[],"class_list":{"0":"post-53896","1":"product","2":"type-product","3":"status-publish","4":"has-post-thumbnail","6":"pwb-brand-para-mi-fi","7":"product_cat-edullinen-hinta-naiset","8":"product_cat-outlet-fi","10":"first","11":"instock","12":"sale","13":"taxable","14":"shipping-taxable","15":"purchasable","16":"product-type-variable","17":"wvs-archive-product-wrapper"},"acf":[],"brands":[{"id":959,"name":"Para Mi","slug":"para-mi-fi"}],"_links":{"self":[{"href":"https:\/\/nautical.store\/fi\/wp-json\/wp\/v2\/product\/53896","targetHints":{"allow":["GET"]}}],"collection":[{"href":"https:\/\/nautical.store\/fi\/wp-json\/wp\/v2\/product"}],"about":[{"href":"https:\/\/nautical.store\/fi\/wp-json\/wp\/v2\/types\/product"}],"wp:featuredmedia":[{"embeddable":true,"href":"https:\/\/nautical.store\/fi\/wp-json\/wp\/v2\/media\/39011"}],"wp:attachment":[{"href":"https:\/\/nautical.store\/fi\/wp-json\/wp\/v2\/media?parent=53896"}],"wp:term":[{"taxonomy":"pwb-brand","embeddable":true,"href":"https:\/\/nautical.store\/fi\/wp-json\/wp\/v2\/pwb-brand?post=53896"},{"taxonomy":"product_brand","embeddable":true,"href":"https:\/\/nautical.store\/fi\/wp-json\/wp\/v2\/product_brand?post=53896"},{"taxonomy":"product_cat","embeddable":true,"href":"https:\/\/nautical.store\/fi\/wp-json\/wp\/v2\/product_cat?post=53896"},{"taxonomy":"product_tag","embeddable":true,"href":"https:\/\/nautical.store\/fi\/wp-json\/wp\/v2\/product_tag?post=53896"},{"taxonomy":"woo-feed-brand","embeddable":true,"href":"https:\/\/nautical.store\/fi\/wp-json\/wp\/v2\/woo-feed-brand?post=53896"}],"curies":[{"name":"wp","href":"https:\/\/api.w.org\/{rel}","templated":true}]}}