{"id":53913,"date":"2023-06-04T13:27:13","date_gmt":"2023-06-04T10:27:13","guid":{"rendered":"https:\/\/www.nautical.store\/toode\/sandusky-naiset-ice\/"},"modified":"2025-07-30T22:20:30","modified_gmt":"2025-07-30T19:20:30","slug":"sandusky-purjehduskenka-ice","status":"publish","type":"product","link":"https:\/\/nautical.store\/fi\/tuote\/sandusky-purjehduskenka-ice\/","title":{"rendered":"Sandusky naisten purjehduskeng\u00e4t &#8211; Ice"},"content":{"rendered":"<p><!--StartFragment --><\/p>\n<p>Sandusky klassiset naisten purjehduskeng\u00e4t<\/p>\n<p>K\u00e4sintehdyt pehme\u00e4st\u00e4 ja laadukkaasta nahasta \u2013 n\u00e4m\u00e4 purjehduskeng\u00e4t tuovat tyyli\u00e4 ja mukavuutta niin maalle kuin merelle.<\/p>\n<ul>\n<li>Konepest\u00e4v\u00e4 pehme\u00e4 nubuk-nahka<\/li>\n<li>Ilman vuoria \u2013 kevyt ja hengitt\u00e4v\u00e4<\/li>\n<li>Valkoinen, pit\u00e4v\u00e4 ja j\u00e4lki\u00e4 j\u00e4tt\u00e4m\u00e4t\u00f6n pohja<\/li>\n<li>Pehmustettu EVA-kantap\u00e4\u00e4 tuo lis\u00e4mukavuutta<\/li>\n<li>Aidot nahkanauhat<\/li>\n<\/ul>\n<p>Pesuohjeet<br \/>\nLaita keng\u00e4t pesupussiin<br \/>\nK\u00e4yt\u00e4 mietoa pesuainetta, max 30 \u00b0C<br \/>\nT\u00e4yt\u00e4 keng\u00e4t pesun j\u00e4lkeen paperilla, jotta muoto s\u00e4ilyy<br \/>\nAnna kuivua luonnollisesti \u2013 ei kuivausrumpua<\/p>\n<p><!--EndFragment --><\/p>\n","protected":false},"excerpt":{"rendered":"<p>Ajattomat purjehduskeng\u00e4t pehme\u00e4st\u00e4 nahasta<\/p>\n","protected":false},"featured_media":43725,"template":"","meta":{"_acf_changed":false},"pwb-brand":[1178],"product_brand":[],"product_cat":[818],"product_tag":[],"woo-feed-brand":[],"class_list":{"0":"post-53913","1":"product","2":"type-product","3":"status-publish","4":"has-post-thumbnail","6":"pwb-brand-orca-bay-fi","7":"product_cat-jalkineet-naiset","9":"first","10":"instock","11":"taxable","12":"shipping-taxable","13":"purchasable","14":"product-type-variable","15":"wvs-archive-product-wrapper"},"acf":[],"brands":[{"id":1178,"name":"Orca Bay","slug":"orca-bay-fi"}],"_links":{"self":[{"href":"https:\/\/nautical.store\/fi\/wp-json\/wp\/v2\/product\/53913","targetHints":{"allow":["GET"]}}],"collection":[{"href":"https:\/\/nautical.store\/fi\/wp-json\/wp\/v2\/product"}],"about":[{"href":"https:\/\/nautical.store\/fi\/wp-json\/wp\/v2\/types\/product"}],"wp:featuredmedia":[{"embeddable":true,"href":"https:\/\/nautical.store\/fi\/wp-json\/wp\/v2\/media\/43725"}],"wp:attachment":[{"href":"https:\/\/nautical.store\/fi\/wp-json\/wp\/v2\/media?parent=53913"}],"wp:term":[{"taxonomy":"pwb-brand","embeddable":true,"href":"https:\/\/nautical.store\/fi\/wp-json\/wp\/v2\/pwb-brand?post=53913"},{"taxonomy":"product_brand","embeddable":true,"href":"https:\/\/nautical.store\/fi\/wp-json\/wp\/v2\/product_brand?post=53913"},{"taxonomy":"product_cat","embeddable":true,"href":"https:\/\/nautical.store\/fi\/wp-json\/wp\/v2\/product_cat?post=53913"},{"taxonomy":"product_tag","embeddable":true,"href":"https:\/\/nautical.store\/fi\/wp-json\/wp\/v2\/product_tag?post=53913"},{"taxonomy":"woo-feed-brand","embeddable":true,"href":"https:\/\/nautical.store\/fi\/wp-json\/wp\/v2\/woo-feed-brand?post=53913"}],"curies":[{"name":"wp","href":"https:\/\/api.w.org\/{rel}","templated":true}]}}