{"id":53939,"date":"2023-03-02T16:35:19","date_gmt":"2023-03-02T14:35:19","guid":{"rendered":"https:\/\/www.nautical.store\/toode\/florence-naisten-mushroom\/"},"modified":"2023-10-29T00:25:48","modified_gmt":"2023-10-28T21:25:48","slug":"florence-mokkasiinit-mushroom","status":"publish","type":"product","link":"https:\/\/nautical.store\/fi\/tuote\/florence-mokkasiinit-mushroom\/","title":{"rendered":"Florence mokkasiinit mushroom"},"content":{"rendered":"<p>Naisten Florence-mokkasiinit on valmistettu k\u00e4sity\u00f6n\u00e4 korkealaatuisista materiaaleista.<\/p>\n<ul>\n<li>t\u00e4ysnahkainen sis\u00e4pohja<\/li>\n<li>mukavan kevyet jalkineet<\/li>\n<\/ul>\n","protected":false},"excerpt":{"rendered":"<p>Naisten Florence-mokkasiinit on valmistettu k\u00e4sity\u00f6n\u00e4 korkealaatuisista materiaaleista. t\u00e4ysnahkainen sis\u00e4pohja mukavan kevyet jalkineet<\/p>\n","protected":false},"featured_media":38824,"template":"","meta":{"_acf_changed":false},"pwb-brand":[1178],"product_brand":[],"product_cat":[877,818],"product_tag":[],"woo-feed-brand":[],"class_list":{"0":"post-53939","1":"product","2":"type-product","3":"status-publish","4":"has-post-thumbnail","6":"pwb-brand-orca-bay-fi","7":"product_cat-edullinen-hinta-naiset","8":"product_cat-jalkineet-naiset","10":"first","11":"instock","12":"sale","13":"taxable","14":"shipping-taxable","15":"purchasable","16":"product-type-variable","17":"wvs-archive-product-wrapper"},"acf":[],"brands":[{"id":1178,"name":"Orca Bay","slug":"orca-bay-fi"}],"_links":{"self":[{"href":"https:\/\/nautical.store\/fi\/wp-json\/wp\/v2\/product\/53939","targetHints":{"allow":["GET"]}}],"collection":[{"href":"https:\/\/nautical.store\/fi\/wp-json\/wp\/v2\/product"}],"about":[{"href":"https:\/\/nautical.store\/fi\/wp-json\/wp\/v2\/types\/product"}],"wp:featuredmedia":[{"embeddable":true,"href":"https:\/\/nautical.store\/fi\/wp-json\/wp\/v2\/media\/38824"}],"wp:attachment":[{"href":"https:\/\/nautical.store\/fi\/wp-json\/wp\/v2\/media?parent=53939"}],"wp:term":[{"taxonomy":"pwb-brand","embeddable":true,"href":"https:\/\/nautical.store\/fi\/wp-json\/wp\/v2\/pwb-brand?post=53939"},{"taxonomy":"product_brand","embeddable":true,"href":"https:\/\/nautical.store\/fi\/wp-json\/wp\/v2\/product_brand?post=53939"},{"taxonomy":"product_cat","embeddable":true,"href":"https:\/\/nautical.store\/fi\/wp-json\/wp\/v2\/product_cat?post=53939"},{"taxonomy":"product_tag","embeddable":true,"href":"https:\/\/nautical.store\/fi\/wp-json\/wp\/v2\/product_tag?post=53939"},{"taxonomy":"woo-feed-brand","embeddable":true,"href":"https:\/\/nautical.store\/fi\/wp-json\/wp\/v2\/woo-feed-brand?post=53939"}],"curies":[{"name":"wp","href":"https:\/\/api.w.org\/{rel}","templated":true}]}}