{"id":53959,"date":"2023-03-30T11:44:46","date_gmt":"2023-03-30T08:44:46","guid":{"rendered":"https:\/\/www.nautical.store\/toode\/n-arolla-liivi\/"},"modified":"2025-05-14T17:27:50","modified_gmt":"2025-05-14T14:27:50","slug":"n-arolla-liivi","status":"publish","type":"product","link":"https:\/\/nautical.store\/fi\/tuote\/n-arolla-liivi\/","title":{"rendered":"N Arolla Liivi"},"content":{"rendered":"<p>Kevyt, joustava naisten liivi, joka sopii erinomaisesti l\u00e4mmitt\u00e4v\u00e4ksi kerrokseksi. Liivi on valmistettu joustavasta materiaalista, joka on sek\u00e4 tuulen- ett\u00e4 vedenkest\u00e4v\u00e4. Synteettinen Sorona\u00ae Dupont -t\u00e4yte tekee liivist\u00e4 erityisen sopivan aktiviteetteihin, kuten purjehdukseen, golfiin ja hiihtoon.<\/p>\n<p>Mukana tulee pussi (23 x 18 cm), johon liivi voidaan laittaa.<\/p>\n","protected":false},"excerpt":{"rendered":"<p>Kevyt, joustava naisten liivi, joka sopii erinomaisesti l\u00e4mmitt\u00e4v\u00e4ksi kerrokseksi. Liivi on valmistettu joustavasta materiaalista, joka on sek\u00e4 tuulen- ett\u00e4 vedenkest\u00e4v\u00e4. Synteettinen Sorona\u00ae Dupont -t\u00e4yte tekee liivist\u00e4 erityisen sopivan aktiviteetteihin, kuten purjehdukseen, golfiin ja hiihtoon. Mukana tulee pussi (23 x 18 cm), johon liivi voidaan laittaa.<\/p>\n","protected":false},"featured_media":73340,"template":"","meta":{"_acf_changed":false},"pwb-brand":[838],"product_brand":[],"product_cat":[1180,827,1260,1262,617,726],"product_tag":[],"woo-feed-brand":[],"class_list":{"0":"post-53959","1":"product","2":"type-product","3":"status-publish","4":"has-post-thumbnail","6":"pwb-brand-pelle-petterson-fi","7":"product_cat-golf-fi","8":"product_cat-naiset","9":"product_cat-naisten-golfvaatteet","10":"product_cat-naisten-purjehdusvaatteet","11":"product_cat-paallysvaatteet","12":"product_cat-tekniset-vaatteet-naiset","14":"first","15":"instock","16":"taxable","17":"shipping-taxable","18":"purchasable","19":"product-type-variable","20":"wvs-archive-product-wrapper"},"acf":[],"brands":[{"id":838,"name":"Pelle Petterson","slug":"pelle-petterson-fi"}],"_links":{"self":[{"href":"https:\/\/nautical.store\/fi\/wp-json\/wp\/v2\/product\/53959","targetHints":{"allow":["GET"]}}],"collection":[{"href":"https:\/\/nautical.store\/fi\/wp-json\/wp\/v2\/product"}],"about":[{"href":"https:\/\/nautical.store\/fi\/wp-json\/wp\/v2\/types\/product"}],"wp:featuredmedia":[{"embeddable":true,"href":"https:\/\/nautical.store\/fi\/wp-json\/wp\/v2\/media\/73340"}],"wp:attachment":[{"href":"https:\/\/nautical.store\/fi\/wp-json\/wp\/v2\/media?parent=53959"}],"wp:term":[{"taxonomy":"pwb-brand","embeddable":true,"href":"https:\/\/nautical.store\/fi\/wp-json\/wp\/v2\/pwb-brand?post=53959"},{"taxonomy":"product_brand","embeddable":true,"href":"https:\/\/nautical.store\/fi\/wp-json\/wp\/v2\/product_brand?post=53959"},{"taxonomy":"product_cat","embeddable":true,"href":"https:\/\/nautical.store\/fi\/wp-json\/wp\/v2\/product_cat?post=53959"},{"taxonomy":"product_tag","embeddable":true,"href":"https:\/\/nautical.store\/fi\/wp-json\/wp\/v2\/product_tag?post=53959"},{"taxonomy":"woo-feed-brand","embeddable":true,"href":"https:\/\/nautical.store\/fi\/wp-json\/wp\/v2\/woo-feed-brand?post=53959"}],"curies":[{"name":"wp","href":"https:\/\/api.w.org\/{rel}","templated":true}]}}