{"id":54614,"date":"2023-04-14T12:54:41","date_gmt":"2023-04-14T09:54:41","guid":{"rendered":"https:\/\/www.nautical.store\/toode\/tempest-jugo-takki\/"},"modified":"2025-11-09T20:46:31","modified_gmt":"2025-11-09T18:46:31","slug":"tempest-jugo-takki","status":"publish","type":"product","link":"https:\/\/nautical.store\/fi\/tuote\/tempest-jugo-takki\/","title":{"rendered":"PelleP Tempest Jugo Takki"},"content":{"rendered":"<p>Tempest Jugo miesten tuulenpit\u00e4v\u00e4 takki on normaalin mallinen, mutta hieman lyhyempi, mik\u00e4 luo modernin ja kulmikkaan siluetin. Muotoilua ja toiminnallisuutta t\u00e4ydent\u00e4v\u00e4t yksityiskohdat kuten Pelle P -merkki hihassa, kaksi vetoketjullista etutaskua, painettu logo kauluksessa sek\u00e4 resorit hihansuissa. Takki on topattu kierr\u00e4tetyst\u00e4 polyesterist\u00e4 valmistetulla l\u00e4mpim\u00e4ll\u00e4 ja joustavalla materiaalilla, joka pysyy hyvin tikatuissa kanavissa.<\/p>\n<ul>\n<li>Materiaali: 100 % polyesteri<\/li>\n<li>Tuulenpit\u00e4v\u00e4 kangas<\/li>\n<li>Thinsulate h\u00f6yhenet\u00f6n eristys, Fillpower 600<\/li>\n<li>Hitsatut kanavat eristeelle<\/li>\n<li>Kaksi vetoketjullista etutaskua<\/li>\n<li>Vetoketjussa kontrastiv\u00e4ri ja kolminkertainen siksak-ommel<\/li>\n<li>P-logo kumimerkki hihassa<\/li>\n<li>Pieni painettu Pelle P -logo sel\u00e4ss\u00e4<\/li>\n<li>Resori hihansuissa<\/li>\n<li>Lycra-sidos helmassa<\/li>\n<li>Normaali istuvuus<\/li>\n<li>Koko XL sel\u00e4n pituus: 71 cm<\/li>\n<\/ul>\n","protected":false},"excerpt":{"rendered":"<p>Lyhyt tuulenpit\u00e4v\u00e4 miesten takki<\/p>\n","protected":false},"featured_media":43094,"template":"","meta":{"_acf_changed":false},"pwb-brand":[838],"product_brand":[],"product_cat":[777,702],"product_tag":[],"woo-feed-brand":[],"class_list":{"0":"post-54614","1":"product","2":"type-product","3":"status-publish","4":"has-post-thumbnail","6":"pwb-brand-pelle-petterson-fi","7":"product_cat-miehet","8":"product_cat-paallysvaatteet-miehet","10":"first","11":"instock","12":"taxable","13":"shipping-taxable","14":"purchasable","15":"product-type-variable","16":"wvs-archive-product-wrapper"},"acf":[],"brands":[{"id":838,"name":"Pelle Petterson","slug":"pelle-petterson-fi"}],"_links":{"self":[{"href":"https:\/\/nautical.store\/fi\/wp-json\/wp\/v2\/product\/54614","targetHints":{"allow":["GET"]}}],"collection":[{"href":"https:\/\/nautical.store\/fi\/wp-json\/wp\/v2\/product"}],"about":[{"href":"https:\/\/nautical.store\/fi\/wp-json\/wp\/v2\/types\/product"}],"wp:featuredmedia":[{"embeddable":true,"href":"https:\/\/nautical.store\/fi\/wp-json\/wp\/v2\/media\/43094"}],"wp:attachment":[{"href":"https:\/\/nautical.store\/fi\/wp-json\/wp\/v2\/media?parent=54614"}],"wp:term":[{"taxonomy":"pwb-brand","embeddable":true,"href":"https:\/\/nautical.store\/fi\/wp-json\/wp\/v2\/pwb-brand?post=54614"},{"taxonomy":"product_brand","embeddable":true,"href":"https:\/\/nautical.store\/fi\/wp-json\/wp\/v2\/product_brand?post=54614"},{"taxonomy":"product_cat","embeddable":true,"href":"https:\/\/nautical.store\/fi\/wp-json\/wp\/v2\/product_cat?post=54614"},{"taxonomy":"product_tag","embeddable":true,"href":"https:\/\/nautical.store\/fi\/wp-json\/wp\/v2\/product_tag?post=54614"},{"taxonomy":"woo-feed-brand","embeddable":true,"href":"https:\/\/nautical.store\/fi\/wp-json\/wp\/v2\/woo-feed-brand?post=54614"}],"curies":[{"name":"wp","href":"https:\/\/api.w.org\/{rel}","templated":true}]}}