{"id":54623,"date":"2023-10-23T21:22:24","date_gmt":"2023-10-23T18:22:24","guid":{"rendered":"https:\/\/www.nautical.store\/toode\/duvnas-sukat\/"},"modified":"2024-07-30T12:47:43","modified_gmt":"2024-07-30T09:47:43","slug":"duvnas-sukat","status":"publish","type":"product","link":"https:\/\/nautical.store\/fi\/tuote\/duvnas-sukat\/","title":{"rendered":"Duvn\u00e4s sukat"},"content":{"rendered":"<p>L\u00e4mpim\u00e4t villasekoitteiset neulotut sukat. Jalkasi ovat mukavan l\u00e4mpim\u00e4t syksyll\u00e4 ja talvella. Yl\u00e4osassa uurrettu.<\/p>\n","protected":false},"excerpt":{"rendered":"<p>L\u00e4mpim\u00e4t villasekoitteiset neulotut sukat. Jalkasi ovat mukavan l\u00e4mpim\u00e4t syksyll\u00e4 ja talvella. Yl\u00e4osassa uurrettu.<\/p>\n","protected":false},"featured_media":54585,"template":"","meta":{"_acf_changed":false},"pwb-brand":[836],"product_brand":[],"product_cat":[629,877,827],"product_tag":[],"woo-feed-brand":[],"class_list":{"0":"post-54623","1":"product","2":"type-product","3":"status-publish","4":"has-post-thumbnail","6":"pwb-brand-holebrook-fi","7":"product_cat-asusteet-naiset","8":"product_cat-edullinen-hinta-naiset","9":"product_cat-naiset","11":"first","12":"outofstock","13":"taxable","14":"shipping-taxable","15":"product-type-variable","16":"wvs-archive-product-wrapper"},"acf":[],"brands":[{"id":836,"name":"Holebrook","slug":"holebrook-fi"}],"_links":{"self":[{"href":"https:\/\/nautical.store\/fi\/wp-json\/wp\/v2\/product\/54623","targetHints":{"allow":["GET"]}}],"collection":[{"href":"https:\/\/nautical.store\/fi\/wp-json\/wp\/v2\/product"}],"about":[{"href":"https:\/\/nautical.store\/fi\/wp-json\/wp\/v2\/types\/product"}],"wp:featuredmedia":[{"embeddable":true,"href":"https:\/\/nautical.store\/fi\/wp-json\/wp\/v2\/media\/54585"}],"wp:attachment":[{"href":"https:\/\/nautical.store\/fi\/wp-json\/wp\/v2\/media?parent=54623"}],"wp:term":[{"taxonomy":"pwb-brand","embeddable":true,"href":"https:\/\/nautical.store\/fi\/wp-json\/wp\/v2\/pwb-brand?post=54623"},{"taxonomy":"product_brand","embeddable":true,"href":"https:\/\/nautical.store\/fi\/wp-json\/wp\/v2\/product_brand?post=54623"},{"taxonomy":"product_cat","embeddable":true,"href":"https:\/\/nautical.store\/fi\/wp-json\/wp\/v2\/product_cat?post=54623"},{"taxonomy":"product_tag","embeddable":true,"href":"https:\/\/nautical.store\/fi\/wp-json\/wp\/v2\/product_tag?post=54623"},{"taxonomy":"woo-feed-brand","embeddable":true,"href":"https:\/\/nautical.store\/fi\/wp-json\/wp\/v2\/woo-feed-brand?post=54623"}],"curies":[{"name":"wp","href":"https:\/\/api.w.org\/{rel}","templated":true}]}}