{"id":54626,"date":"2023-10-24T15:56:01","date_gmt":"2023-10-24T12:56:01","guid":{"rendered":"https:\/\/www.nautical.store\/toode\/drizzle-sadetakki\/"},"modified":"2026-01-22T22:04:57","modified_gmt":"2026-01-22T20:04:57","slug":"drizzle-sadetakki","status":"publish","type":"product","link":"https:\/\/nautical.store\/fi\/tuote\/drizzle-sadetakki\/","title":{"rendered":"PelleP Drizzle Sadetakki"},"content":{"rendered":"<p>Naisten Drizzle-sadetakki on valmistettu 3-kerroksisesta Hi:RES stretch -kalvomateriaalista, joka on sek\u00e4 vedenpit\u00e4v\u00e4 ett\u00e4 hengitt\u00e4v\u00e4.<\/p>\n<ul>\n<li>Teipatut saumat<\/li>\n<li>PFC-vapaa<\/li>\n<li>S\u00e4\u00e4dett\u00e4v\u00e4 huppuhihna<\/li>\n<li>Vy\u00f6t\u00e4r\u00f6ll\u00e4 silmukalla varustettu vy\u00f6<\/li>\n<li>Vedenpit\u00e4v\u00e4t vetoketjut<\/li>\n<li>P-logo-vetoketju<\/li>\n<li>P-logo hupussa ja vasemmassa hihassa<\/li>\n<li>P-logo heijastin helmassa<\/li>\n<\/ul>\n","protected":false},"excerpt":{"rendered":"<p>Vy\u00f6llinen sadetakki<\/p>\n","protected":false},"featured_media":54553,"template":"","meta":{"_acf_changed":false},"pwb-brand":[838],"product_brand":[],"product_cat":[827,617],"product_tag":[],"woo-feed-brand":[],"class_list":{"0":"post-54626","1":"product","2":"type-product","3":"status-publish","4":"has-post-thumbnail","6":"pwb-brand-pelle-petterson-fi","7":"product_cat-naiset","8":"product_cat-paallysvaatteet","10":"first","11":"instock","12":"taxable","13":"shipping-taxable","14":"purchasable","15":"product-type-variable","16":"wvs-archive-product-wrapper"},"acf":[],"brands":[{"id":838,"name":"Pelle Petterson","slug":"pelle-petterson-fi"}],"_links":{"self":[{"href":"https:\/\/nautical.store\/fi\/wp-json\/wp\/v2\/product\/54626","targetHints":{"allow":["GET"]}}],"collection":[{"href":"https:\/\/nautical.store\/fi\/wp-json\/wp\/v2\/product"}],"about":[{"href":"https:\/\/nautical.store\/fi\/wp-json\/wp\/v2\/types\/product"}],"wp:featuredmedia":[{"embeddable":true,"href":"https:\/\/nautical.store\/fi\/wp-json\/wp\/v2\/media\/54553"}],"wp:attachment":[{"href":"https:\/\/nautical.store\/fi\/wp-json\/wp\/v2\/media?parent=54626"}],"wp:term":[{"taxonomy":"pwb-brand","embeddable":true,"href":"https:\/\/nautical.store\/fi\/wp-json\/wp\/v2\/pwb-brand?post=54626"},{"taxonomy":"product_brand","embeddable":true,"href":"https:\/\/nautical.store\/fi\/wp-json\/wp\/v2\/product_brand?post=54626"},{"taxonomy":"product_cat","embeddable":true,"href":"https:\/\/nautical.store\/fi\/wp-json\/wp\/v2\/product_cat?post=54626"},{"taxonomy":"product_tag","embeddable":true,"href":"https:\/\/nautical.store\/fi\/wp-json\/wp\/v2\/product_tag?post=54626"},{"taxonomy":"woo-feed-brand","embeddable":true,"href":"https:\/\/nautical.store\/fi\/wp-json\/wp\/v2\/woo-feed-brand?post=54626"}],"curies":[{"name":"wp","href":"https:\/\/api.w.org\/{rel}","templated":true}]}}