{"id":54645,"date":"2023-06-04T14:08:01","date_gmt":"2023-06-04T11:08:01","guid":{"rendered":"https:\/\/www.nautical.store\/toode\/belgravia-miesten-valkoinen\/"},"modified":"2026-03-21T11:58:49","modified_gmt":"2026-03-21T09:58:49","slug":"belgravia-matalavartised-tennarit","status":"publish","type":"product","link":"https:\/\/nautical.store\/fi\/tuote\/belgravia-matalavartised-tennarit\/","title":{"rendered":"Belgravia miesten vapaa\u2011ajan keng\u00e4t"},"content":{"rendered":"<p>Keve\u00e4t ja mukavat miesten keng\u00e4t, joissa on iskunvaimennusta tarjoava nahkainen sis\u00e4pohja.<\/p>\n","protected":false},"excerpt":{"rendered":"<p>Keve\u00e4t ja mukavat miesten keng\u00e4t, joissa on iskunvaimennusta tarjoava nahkainen sis\u00e4pohja.<\/p>\n","protected":false},"featured_media":43812,"template":"","meta":{"_acf_changed":false},"pwb-brand":[1178],"product_brand":[],"product_cat":[817],"product_tag":[],"woo-feed-brand":[],"class_list":{"0":"post-54645","1":"product","2":"type-product","3":"status-publish","4":"has-post-thumbnail","6":"pwb-brand-orca-bay-fi","7":"product_cat-jalkineet","9":"first","10":"instock","11":"taxable","12":"shipping-taxable","13":"purchasable","14":"product-type-variable","15":"wvs-archive-product-wrapper"},"acf":[],"brands":[{"id":1178,"name":"Orca Bay","slug":"orca-bay-fi"}],"_links":{"self":[{"href":"https:\/\/nautical.store\/fi\/wp-json\/wp\/v2\/product\/54645","targetHints":{"allow":["GET"]}}],"collection":[{"href":"https:\/\/nautical.store\/fi\/wp-json\/wp\/v2\/product"}],"about":[{"href":"https:\/\/nautical.store\/fi\/wp-json\/wp\/v2\/types\/product"}],"wp:featuredmedia":[{"embeddable":true,"href":"https:\/\/nautical.store\/fi\/wp-json\/wp\/v2\/media\/43812"}],"wp:attachment":[{"href":"https:\/\/nautical.store\/fi\/wp-json\/wp\/v2\/media?parent=54645"}],"wp:term":[{"taxonomy":"pwb-brand","embeddable":true,"href":"https:\/\/nautical.store\/fi\/wp-json\/wp\/v2\/pwb-brand?post=54645"},{"taxonomy":"product_brand","embeddable":true,"href":"https:\/\/nautical.store\/fi\/wp-json\/wp\/v2\/product_brand?post=54645"},{"taxonomy":"product_cat","embeddable":true,"href":"https:\/\/nautical.store\/fi\/wp-json\/wp\/v2\/product_cat?post=54645"},{"taxonomy":"product_tag","embeddable":true,"href":"https:\/\/nautical.store\/fi\/wp-json\/wp\/v2\/product_tag?post=54645"},{"taxonomy":"woo-feed-brand","embeddable":true,"href":"https:\/\/nautical.store\/fi\/wp-json\/wp\/v2\/woo-feed-brand?post=54645"}],"curies":[{"name":"wp","href":"https:\/\/api.w.org\/{rel}","templated":true}]}}